{"id":5347,"date":"2024-02-23T23:11:38","date_gmt":"2024-02-23T22:11:38","guid":{"rendered":"http:\/\/klubmamgdynia.pl\/?post_type=product&#038;p=5347"},"modified":"2026-04-28T16:29:13","modified_gmt":"2026-04-28T14:29:13","slug":"britaxromer-go-black-charcoal-grey-czerwona-papryka-spacerowy","status":"publish","type":"product","link":"http:\/\/klubmamgdynia.pl\/index.php\/produkt\/britaxromer-go-black-charcoal-grey-czerwona-papryka-spacerowy\/","title":{"rendered":"Britax&amp;Romer Go Black Charcoal Grey Czerwona Papryka Spacerowy"},"content":{"rendered":"<p>\u0141atwe, opatentowane sk\u0142adanie w kierunku przednim oraz w kierunku rodzic\u00f3w \u2013 fotelik mo\u017ce pozosta\u0107 na swoim miejscu, umo\u017cliwiaj\u0105c bezproblemowe, \u0142atwe sk\u0142adanie niezale\u017cnie od trybu podr\u00f3\u017cy.<\/p>\n<h2>Britax&amp;Romer Go Black Charcoal Grey Czerwona Papryka Spacerowy Britax &amp; Romer<\/h2>\n<p>jak narysowa\u0107 anio\u0142ka, weso\u0142e pisanki tekst, z\u0142ote my\u015bli cytaty o szkole i nauce, kolorowanki do druku dla doros\u0142ych, hymn g\u00f3rniczy, quiz minecraft, zagadki logiczne matematyczne dla dzieci, dzieci z bullerbyn quiz, atrakcje dla nastolatk\u00f3w, skye psi patrol kolorowanka, pikachu kolorowanka, kuba imi\u0119, kolorowanki lato, najpi\u0119kniejsze cytaty dziecko cytaty, mia imie, spiderman do druku, quiz o psie kt\u00f3ry je\u017adzi\u0142 kolej\u0105, bajki dla niemowl\u0105t<\/p>\n<p>yyyyy<\/p>\n<p>&nbsp;<\/p>\n","protected":false},"excerpt":{"rendered":"<p>\u0141atwe, opatentowane sk\u0142adanie w kierunku przednim oraz w kierunku rodzic\u00f3w \u2013 fotelik mo\u017ce pozosta\u0107 na swoim miejscu, umo\u017cliwiaj\u0105c bezproblemowe, \u0142atwe sk\u0142adanie niezale\u017cnie od trybu podr\u00f3\u017cy. Britax&amp;Romer Go Black Charcoal Grey Czerwona Papryka Spacerowy Britax &amp; Romer jak narysowa\u0107 anio\u0142ka, weso\u0142e pisanki tekst, z\u0142ote my\u015bli cytaty o szkole i nauce, kolorowanki do druku dla doros\u0142ych, hymn [&hellip;]<\/p>\n","protected":false},"featured_media":5348,"comment_status":"closed","ping_status":"open","template":"","meta":[],"product_cat":[116,71],"product_tag":[729,637,803],"class_list":["post-5347","product","type-product","status-publish","has-post-thumbnail","hentry","product_cat-britax-romer","product_cat-wozki-spacerowe","product_tag-madre-bajki-dla-dzieci-do-czytania","product_tag-niech-zyja-wakacje-tekst","product_tag-szlaczki-do-druku"],"_links":{"self":[{"href":"http:\/\/klubmamgdynia.pl\/index.php\/wp-json\/wp\/v2\/product\/5347","targetHints":{"allow":["GET"]}}],"collection":[{"href":"http:\/\/klubmamgdynia.pl\/index.php\/wp-json\/wp\/v2\/product"}],"about":[{"href":"http:\/\/klubmamgdynia.pl\/index.php\/wp-json\/wp\/v2\/types\/product"}],"replies":[{"embeddable":true,"href":"http:\/\/klubmamgdynia.pl\/index.php\/wp-json\/wp\/v2\/comments?post=5347"}],"wp:featuredmedia":[{"embeddable":true,"href":"http:\/\/klubmamgdynia.pl\/index.php\/wp-json\/wp\/v2\/media\/5348"}],"wp:attachment":[{"href":"http:\/\/klubmamgdynia.pl\/index.php\/wp-json\/wp\/v2\/media?parent=5347"}],"wp:term":[{"taxonomy":"product_cat","embeddable":true,"href":"http:\/\/klubmamgdynia.pl\/index.php\/wp-json\/wp\/v2\/product_cat?post=5347"},{"taxonomy":"product_tag","embeddable":true,"href":"http:\/\/klubmamgdynia.pl\/index.php\/wp-json\/wp\/v2\/product_tag?post=5347"}],"curies":[{"name":"wp","href":"https:\/\/api.w.org\/{rel}","templated":true}]}}