{"id":535,"date":"2014-11-22T11:23:47","date_gmt":"2014-11-22T10:23:47","guid":{"rendered":"http:\/\/klubmamgdynia.pl\/index.php\/produkt\/validol-tabletki-do-ssania-006g-10-tabletek\/"},"modified":"2026-04-03T19:41:34","modified_gmt":"2026-04-03T17:41:34","slug":"validol-tabletki-do-ssania-006g-10-tabletek","status":"publish","type":"product","link":"http:\/\/klubmamgdynia.pl\/index.php\/produkt\/validol-tabletki-do-ssania-006g-10-tabletek\/","title":{"rendered":"Validol tabletki do ssania 0,06g 10 tabletek"},"content":{"rendered":"<p>Validol<\/p>\n<p>Tabletki do ssania Validol\u00a0o dzia\u0142aniu uspokajaj\u0105cym.Sk\u0142adSubstancje czynne: mieszanina mentolu i izowalerianu metylu.Inne sk\u0142adniki leku to: sacharoza i wapnia stearynian.Dzia\u0142anieKwas izowalerianowy dzia\u0142a hamuj\u0105co na czynno\u015b\u0107 kory m\u00f3zgowej w zwi\u0105zku z czym wywiera dzia\u0142anie uspokajaj\u0105ce oraz nasenne. Mentol poprzez dzia\u0142anie na receptory zimna daje uczucie \u015bwie\u017co\u015bci, hiperwentylacji, przez co wykazuje dzia\u0142anie lekko tonizuj\u0105ce.WskazaniaValidol wskazany jest w \u0142agodzeniu stan\u00f3w napi\u0119cia nerwowego oraz uczucia niepokoju.DawkowanieDoro\u015bli &#8211; doustnie 1 tabletka 3 razy dziennie.Lek nale\u017cy ssa\u0107 pomi\u0119dzy posi\u0142kami.Przeciwwskazania:Nie stosowa\u0107 preparatu:je\u015bli stwierdzono nadwra\u017cliwo\u015b\u0107 na kt\u00f3rykolwiek sk\u0142adnik lekuu pacjent\u00f3w ze zgag\u0105 lub z przepuklin\u0105 roztworu prze\u0142ykowegou pacjent\u00f3w z chorob\u0105 wrzodow\u0105 lub zmianami zapalnymi przewodu pokarmowegoz innymi lekami uspokajaj\u0105cymiDzia\u0142ania niepo\u017c\u0105dane:Przy d\u0142ugotrwa\u0142ym stosowaniu leku mog\u0105 pojawi\u0107 si\u0119 nast\u0119puj\u0105ce dzia\u0142ania niepo\u017c\u0105dane: miejscowy odczyn alergiczny w obr\u0119bie jamy ustnej, reakcje nadwra\u017cliwo\u015bci na mentol z objawami b\u00f3lu g\u0142owy, bradykardi\u0105, dr\u017ceniem mi\u0119\u015bniowym, ataksj\u0105, wstrz\u0105sem anafilaktycznym, wysypk\u0105 sk\u00f3rn\u0105.Uwagi:Nie zaleca si\u0119 stosowania leku Validol w okresie ci\u0105\u017cy i karmienia piersi\u0105.Preparat mo\u017ce wywiera\u0107 niewielki wp\u0142yw na zdolno\u015b\u0107 prowadzenia pojazd\u00f3w mechanicznych.Przechowywa\u0107 w ch\u0142odnym, zaciemnionym miejscu.<\/p>\n<h2>Validol tabletki do ssania 0,06g 10 tabletek Farma-Derma<\/h2>\n<p>dzie\u0144 pluszowego misia, halszka, literki do druku, rzadkie imiona, atrakcje wroc\u0142aw i okolice, imi\u0119 nadia, jan pawe\u0142 2 rysunek \u0142atwy dla dzieci, atrakcje dla nastolatk\u00f3w, wierszyki o marzannie, pokemony do druku, darmowe quizy, super zings do druku, julian znaczenie imienia, miasto dzieci krak\u00f3w, kolorowe ciasto<\/p>\n<p>yyyyy<\/p>\n<p>&nbsp;<\/p>\n","protected":false},"excerpt":{"rendered":"<p>Validol Tabletki do ssania Validol\u00a0o dzia\u0142aniu uspokajaj\u0105cym.Sk\u0142adSubstancje czynne: mieszanina mentolu i izowalerianu metylu.Inne sk\u0142adniki leku to: sacharoza i wapnia stearynian.Dzia\u0142anieKwas izowalerianowy dzia\u0142a hamuj\u0105co na czynno\u015b\u0107 kory m\u00f3zgowej w zwi\u0105zku z czym wywiera dzia\u0142anie uspokajaj\u0105ce oraz nasenne. Mentol poprzez dzia\u0142anie na receptory zimna daje uczucie \u015bwie\u017co\u015bci, hiperwentylacji, przez co wykazuje dzia\u0142anie lekko tonizuj\u0105ce.WskazaniaValidol wskazany jest w [&hellip;]<\/p>\n","protected":false},"featured_media":536,"comment_status":"closed","ping_status":"open","template":"","meta":[],"product_cat":[208,209],"product_tag":[671,790,670,842,856],"class_list":["post-535","product","type-product","status-publish","has-post-thumbnail","hentry","product_cat-farma-derma","product_cat-uklad-nerwowy","product_tag-cicha-noc-po-angielsku-tekst","product_tag-gry-planszowe-dla-nastolatkow","product_tag-irma","product_tag-plac-zabaw-poznan","product_tag-prezent-dla-16-latki"],"_links":{"self":[{"href":"http:\/\/klubmamgdynia.pl\/index.php\/wp-json\/wp\/v2\/product\/535","targetHints":{"allow":["GET"]}}],"collection":[{"href":"http:\/\/klubmamgdynia.pl\/index.php\/wp-json\/wp\/v2\/product"}],"about":[{"href":"http:\/\/klubmamgdynia.pl\/index.php\/wp-json\/wp\/v2\/types\/product"}],"replies":[{"embeddable":true,"href":"http:\/\/klubmamgdynia.pl\/index.php\/wp-json\/wp\/v2\/comments?post=535"}],"wp:featuredmedia":[{"embeddable":true,"href":"http:\/\/klubmamgdynia.pl\/index.php\/wp-json\/wp\/v2\/media\/536"}],"wp:attachment":[{"href":"http:\/\/klubmamgdynia.pl\/index.php\/wp-json\/wp\/v2\/media?parent=535"}],"wp:term":[{"taxonomy":"product_cat","embeddable":true,"href":"http:\/\/klubmamgdynia.pl\/index.php\/wp-json\/wp\/v2\/product_cat?post=535"},{"taxonomy":"product_tag","embeddable":true,"href":"http:\/\/klubmamgdynia.pl\/index.php\/wp-json\/wp\/v2\/product_tag?post=535"}],"curies":[{"name":"wp","href":"https:\/\/api.w.org\/{rel}","templated":true}]}}