{"id":5351,"date":"2016-09-19T14:52:24","date_gmt":"2016-09-19T12:52:24","guid":{"rendered":"http:\/\/klubmamgdynia.pl\/index.php\/produkt\/adar-522862-kasa-sklepowa-fiskalna-24-sw-dz-zabawka\/"},"modified":"2026-04-04T03:01:29","modified_gmt":"2026-04-04T01:01:29","slug":"adar-522862-kasa-sklepowa-fiskalna-24-sw-dz-zabawka","status":"publish","type":"product","link":"http:\/\/klubmamgdynia.pl\/index.php\/produkt\/adar-522862-kasa-sklepowa-fiskalna-24-sw-dz-zabawka\/","title":{"rendered":"Adar 522862 Kasa Sklepowa Fiskalna 24 \u015aw. D\u017a. &#8211; Zabawka"},"content":{"rendered":"<p>522862 KASA SKLEPOWA FISKALNA 24 &#8211; \u015aW. D\u0179. Kasa sklepowa na baterie &#8211; \u015bwiat\u0142o i d\u017awi\u0119kWymiary opakowania: 38 cm x 16 cm x 13 cm<\/p>\n<h2>Adar 522862 Kasa Sklepowa Fiskalna 24 \u015aw. D\u017a. &#8211; Zabawka Adar<\/h2>\n<p>maski karnawa\u0142owe dla dzieci szablony, nauka polskiego dla dzieci z ukrainy, znaczenie imienia milosz, Keyword, platformy edukacyjne dla dzieci, ry\u017c z owocami, milosz imie, podchwytliwe zagadki z odpowiedziami, bajki do czytania dla 6 latka, postacie z bajek, minecraft quiz, pytania logiczne, logiczne zagadki dla dzieci, choinka z bibu\u0142y, zagadki sprawdzaj\u0105ce inteligencj\u0119, \u015bmieszne zagadki dla dzieci 10 lat, g\u0142upie zagadki<\/p>\n<p>yyyyy<\/p>\n<p>&nbsp;<\/p>\n","protected":false},"excerpt":{"rendered":"<p>522862 KASA SKLEPOWA FISKALNA 24 &#8211; \u015aW. D\u0179. Kasa sklepowa na baterie &#8211; \u015bwiat\u0142o i d\u017awi\u0119kWymiary opakowania: 38 cm x 16 cm x 13 cm Adar 522862 Kasa Sklepowa Fiskalna 24 \u015aw. D\u017a. &#8211; Zabawka Adar maski karnawa\u0142owe dla dzieci szablony, nauka polskiego dla dzieci z ukrainy, znaczenie imienia milosz, Keyword, platformy edukacyjne dla dzieci, [&hellip;]<\/p>\n","protected":false},"featured_media":5352,"comment_status":"closed","ping_status":"open","template":"","meta":[],"product_cat":[175,53],"product_tag":[668,731,842],"class_list":["post-5351","product","type-product","status-publish","has-post-thumbnail","hentry","product_cat-adar","product_cat-kaciki-zabaw","product_tag-atrakcje-dla-dzieci-wroclaw","product_tag-maly-ksiaze-cytaty","product_tag-plac-zabaw-poznan"],"_links":{"self":[{"href":"http:\/\/klubmamgdynia.pl\/index.php\/wp-json\/wp\/v2\/product\/5351","targetHints":{"allow":["GET"]}}],"collection":[{"href":"http:\/\/klubmamgdynia.pl\/index.php\/wp-json\/wp\/v2\/product"}],"about":[{"href":"http:\/\/klubmamgdynia.pl\/index.php\/wp-json\/wp\/v2\/types\/product"}],"replies":[{"embeddable":true,"href":"http:\/\/klubmamgdynia.pl\/index.php\/wp-json\/wp\/v2\/comments?post=5351"}],"wp:featuredmedia":[{"embeddable":true,"href":"http:\/\/klubmamgdynia.pl\/index.php\/wp-json\/wp\/v2\/media\/5352"}],"wp:attachment":[{"href":"http:\/\/klubmamgdynia.pl\/index.php\/wp-json\/wp\/v2\/media?parent=5351"}],"wp:term":[{"taxonomy":"product_cat","embeddable":true,"href":"http:\/\/klubmamgdynia.pl\/index.php\/wp-json\/wp\/v2\/product_cat?post=5351"},{"taxonomy":"product_tag","embeddable":true,"href":"http:\/\/klubmamgdynia.pl\/index.php\/wp-json\/wp\/v2\/product_tag?post=5351"}],"curies":[{"name":"wp","href":"https:\/\/api.w.org\/{rel}","templated":true}]}}