{"id":5357,"date":"2016-03-22T21:45:09","date_gmt":"2016-03-22T20:45:09","guid":{"rendered":"http:\/\/klubmamgdynia.pl\/index.php\/produkt\/canpol-babies-butelka-waska-250ml-pp-wesoly-ogrod-zielona-59-200\/"},"modified":"2026-04-22T20:52:37","modified_gmt":"2026-04-22T18:52:37","slug":"canpol-babies-butelka-waska-250ml-pp-wesoly-ogrod-zielona-59-200","status":"publish","type":"product","link":"http:\/\/klubmamgdynia.pl\/index.php\/produkt\/canpol-babies-butelka-waska-250ml-pp-wesoly-ogrod-zielona-59-200\/","title":{"rendered":"Canpol Babies Butelka W\u0105ska 250Ml Pp Weso\u0142y Ogr\u00f3d &#8211; Zielona (59 200)"},"content":{"rendered":"<p>butelka tradycyjna (w\u0105ska) o profilowanym kszta\u0142cie umo\u017cliwiaj\u0105cym jej wygodne trzymanie podczas karmienia; lekka i por\u0119czna, wykonana z bezpiecznego tworzywa &#8211; polipropylenu<\/p>\n<h2>Canpol Babies Butelka W\u0105ska 250Ml Pp Weso\u0142y Ogr\u00f3d &#8211; Zielona (59 200) <\/h2>\n<p>henryk, mini zoo warszawa, julian znaczenie imienia, zagadki o zwierz\u0119tach domowych, quiz minecraft, korczak cytaty<\/p>\n<p>yyyyy<\/p>\n<p>&nbsp;<\/p>\n","protected":false},"excerpt":{"rendered":"<p>butelka tradycyjna (w\u0105ska) o profilowanym kszta\u0142cie umo\u017cliwiaj\u0105cym jej wygodne trzymanie podczas karmienia; lekka i por\u0119czna, wykonana z bezpiecznego tworzywa &#8211; polipropylenu Canpol Babies Butelka W\u0105ska 250Ml Pp Weso\u0142y Ogr\u00f3d &#8211; Zielona (59 200) henryk, mini zoo warszawa, julian znaczenie imienia, zagadki o zwierz\u0119tach domowych, quiz minecraft, korczak cytaty yyyyy &nbsp;<\/p>\n","protected":false},"featured_media":5358,"comment_status":"closed","ping_status":"open","template":"","meta":[],"product_cat":[195],"product_tag":[681,790,851,612,795,743,811],"class_list":["post-5357","product","type-product","status-publish","has-post-thumbnail","hentry","product_cat-butelki","product_tag-flagi-europy-quiz","product_tag-gry-planszowe-dla-nastolatkow","product_tag-jak-narysowac-kota","product_tag-kolorowanki-do-druku","product_tag-mini-zoo-warszawa","product_tag-quiz-dla-dzieci","product_tag-zagadki-logiczne-dla-dzieci"],"_links":{"self":[{"href":"http:\/\/klubmamgdynia.pl\/index.php\/wp-json\/wp\/v2\/product\/5357","targetHints":{"allow":["GET"]}}],"collection":[{"href":"http:\/\/klubmamgdynia.pl\/index.php\/wp-json\/wp\/v2\/product"}],"about":[{"href":"http:\/\/klubmamgdynia.pl\/index.php\/wp-json\/wp\/v2\/types\/product"}],"replies":[{"embeddable":true,"href":"http:\/\/klubmamgdynia.pl\/index.php\/wp-json\/wp\/v2\/comments?post=5357"}],"wp:featuredmedia":[{"embeddable":true,"href":"http:\/\/klubmamgdynia.pl\/index.php\/wp-json\/wp\/v2\/media\/5358"}],"wp:attachment":[{"href":"http:\/\/klubmamgdynia.pl\/index.php\/wp-json\/wp\/v2\/media?parent=5357"}],"wp:term":[{"taxonomy":"product_cat","embeddable":true,"href":"http:\/\/klubmamgdynia.pl\/index.php\/wp-json\/wp\/v2\/product_cat?post=5357"},{"taxonomy":"product_tag","embeddable":true,"href":"http:\/\/klubmamgdynia.pl\/index.php\/wp-json\/wp\/v2\/product_tag?post=5357"}],"curies":[{"name":"wp","href":"https:\/\/api.w.org\/{rel}","templated":true}]}}