{"id":5359,"date":"2012-04-16T11:49:27","date_gmt":"2012-04-16T09:49:27","guid":{"rendered":"http:\/\/klubmamgdynia.pl\/index.php\/produkt\/bayer-wozek-gleboki-dla-lalek-classic-deluxe-12151aa\/"},"modified":"2026-05-17T22:05:21","modified_gmt":"2026-05-17T20:05:21","slug":"bayer-wozek-gleboki-dla-lalek-classic-deluxe-12151aa","status":"publish","type":"product","link":"http:\/\/klubmamgdynia.pl\/index.php\/produkt\/bayer-wozek-gleboki-dla-lalek-classic-deluxe-12151aa\/","title":{"rendered":"Bayer W\u00f3zek G\u0142\u0119boki Dla Lalek Classic Deluxe 12151Aa"},"content":{"rendered":"<p>PROMOCJA &#8211; TANIA DOSTAWA ! &#8211; BAYER W\u00f3zek g\u0142\u0119boki Classic Deluxe 12151 &#8211; PACZKOMAT, POCZTA, KURIER<\/p>\n<h2>Bayer W\u00f3zek G\u0142\u0119boki Dla Lalek Classic Deluxe 12151Aa Bayer<\/h2>\n<p>dobrej nocy, stare bajki, najpi\u0119kniejsze cytaty dziecko cytaty, ja\u015bmina imie, warszawa dzieci, zagadki o zwierz\u0119tach wiejskich, bajka do czytania na dobranoc, andrzejki dekoracje do druku, prezent dla nastolatk\u00f3w, my little pony kolorowanka, nela imi\u0119<\/p>\n<p>yyyyy<\/p>\n<p>&nbsp;<\/p>\n","protected":false},"excerpt":{"rendered":"<p>PROMOCJA &#8211; TANIA DOSTAWA ! &#8211; BAYER W\u00f3zek g\u0142\u0119boki Classic Deluxe 12151 &#8211; PACZKOMAT, POCZTA, KURIER Bayer W\u00f3zek G\u0142\u0119boki Dla Lalek Classic Deluxe 12151Aa Bayer dobrej nocy, stare bajki, najpi\u0119kniejsze cytaty dziecko cytaty, ja\u015bmina imie, warszawa dzieci, zagadki o zwierz\u0119tach wiejskich, bajka do czytania na dobranoc, andrzejki dekoracje do druku, prezent dla nastolatk\u00f3w, my little [&hellip;]<\/p>\n","protected":false},"featured_media":5360,"comment_status":"closed","ping_status":"open","template":"","meta":[],"product_cat":[1163,1098],"product_tag":[838,618,638,651,710],"class_list":["post-5359","product","type-product","status-publish","has-post-thumbnail","hentry","product_cat-bayer","product_cat-wozki-dla-lalek","product_tag-bajki-dla-dzieci-na-dobranoc","product_tag-lato-lato-lato-czeka-tekst","product_tag-miastodzieci","product_tag-quizy-online","product_tag-zagadki-dla-dzieci-10-12-lat"],"_links":{"self":[{"href":"http:\/\/klubmamgdynia.pl\/index.php\/wp-json\/wp\/v2\/product\/5359","targetHints":{"allow":["GET"]}}],"collection":[{"href":"http:\/\/klubmamgdynia.pl\/index.php\/wp-json\/wp\/v2\/product"}],"about":[{"href":"http:\/\/klubmamgdynia.pl\/index.php\/wp-json\/wp\/v2\/types\/product"}],"replies":[{"embeddable":true,"href":"http:\/\/klubmamgdynia.pl\/index.php\/wp-json\/wp\/v2\/comments?post=5359"}],"wp:featuredmedia":[{"embeddable":true,"href":"http:\/\/klubmamgdynia.pl\/index.php\/wp-json\/wp\/v2\/media\/5360"}],"wp:attachment":[{"href":"http:\/\/klubmamgdynia.pl\/index.php\/wp-json\/wp\/v2\/media?parent=5359"}],"wp:term":[{"taxonomy":"product_cat","embeddable":true,"href":"http:\/\/klubmamgdynia.pl\/index.php\/wp-json\/wp\/v2\/product_cat?post=5359"},{"taxonomy":"product_tag","embeddable":true,"href":"http:\/\/klubmamgdynia.pl\/index.php\/wp-json\/wp\/v2\/product_tag?post=5359"}],"curies":[{"name":"wp","href":"https:\/\/api.w.org\/{rel}","templated":true}]}}