{"id":5361,"date":"2011-10-23T04:24:29","date_gmt":"2011-10-23T02:24:29","guid":{"rendered":"http:\/\/klubmamgdynia.pl\/index.php\/produkt\/casdon-josephelevate-zestaw-przyborow-kuchennych-6elementow-zabawka\/"},"modified":"2026-04-07T00:08:38","modified_gmt":"2026-04-06T22:08:38","slug":"casdon-josephelevate-zestaw-przyborow-kuchennych-6elementow-zabawka","status":"publish","type":"product","link":"http:\/\/klubmamgdynia.pl\/index.php\/produkt\/casdon-josephelevate-zestaw-przyborow-kuchennych-6elementow-zabawka\/","title":{"rendered":"Casdon Josephelevate Zestaw Przybor\u00f3w Kuchennych 6Element\u00f3w &#8211; Zabawka"},"content":{"rendered":"<p>Kolorowy zestaw narz\u0119dzi kuchennych sk\u0142ada sie z 6 element\u00f3w i sprawdzi si\u0119 idealnie podczas gotowania, a r\u00f3\u017cnorodne kolory tych narz\u0119dzi wsp\u00f3\u0142graj\u0105 ze szpilkami na stojaku, dodaj\u0105c element rozwojowy do zabawy.<\/p>\n<h2>Casdon Josephelevate Zestaw Przybor\u00f3w Kuchennych 6Element\u00f3w &#8211; Zabawka Casdon<\/h2>\n<p>prezent dla dwunastolatka, mapa polski do wydrukowania za darmo, stanis\u0142awa znaczenie imienia, logiczne zagadki, transformers kolorowanka, quiz online, kolorowanki do druku dla ch\u0142opc\u00f3w, pierwsze urodziny prezent na roczek dla ch\u0142opca, jak zapakowa\u0107 prezent dla dziecka, jak narysowa\u0107 sanie miko\u0142aja, kolorowanka pokemon, maska dinozaura, paj\u0105czek na rowerze test<\/p>\n<p>yyyyy<\/p>\n<p>&nbsp;<\/p>\n","protected":false},"excerpt":{"rendered":"<p>Kolorowy zestaw narz\u0119dzi kuchennych sk\u0142ada sie z 6 element\u00f3w i sprawdzi si\u0119 idealnie podczas gotowania, a r\u00f3\u017cnorodne kolory tych narz\u0119dzi wsp\u00f3\u0142graj\u0105 ze szpilkami na stojaku, dodaj\u0105c element rozwojowy do zabawy. Casdon Josephelevate Zestaw Przybor\u00f3w Kuchennych 6Element\u00f3w &#8211; Zabawka Casdon prezent dla dwunastolatka, mapa polski do wydrukowania za darmo, stanis\u0142awa znaczenie imienia, logiczne zagadki, transformers kolorowanka, [&hellip;]<\/p>\n","protected":false},"featured_media":5362,"comment_status":"closed","ping_status":"open","template":"","meta":[],"product_cat":[1097,53],"product_tag":[585,853,793],"class_list":["post-5361","product","type-product","status-publish","has-post-thumbnail","hentry","product_cat-casdon","product_cat-kaciki-zabaw","product_tag-kolorowanki-dla-chlopcow","product_tag-kolorowanki-do-druku-dla-doroslych","product_tag-zagadki-smieszne-podchwytliwe"],"_links":{"self":[{"href":"http:\/\/klubmamgdynia.pl\/index.php\/wp-json\/wp\/v2\/product\/5361","targetHints":{"allow":["GET"]}}],"collection":[{"href":"http:\/\/klubmamgdynia.pl\/index.php\/wp-json\/wp\/v2\/product"}],"about":[{"href":"http:\/\/klubmamgdynia.pl\/index.php\/wp-json\/wp\/v2\/types\/product"}],"replies":[{"embeddable":true,"href":"http:\/\/klubmamgdynia.pl\/index.php\/wp-json\/wp\/v2\/comments?post=5361"}],"wp:featuredmedia":[{"embeddable":true,"href":"http:\/\/klubmamgdynia.pl\/index.php\/wp-json\/wp\/v2\/media\/5362"}],"wp:attachment":[{"href":"http:\/\/klubmamgdynia.pl\/index.php\/wp-json\/wp\/v2\/media?parent=5361"}],"wp:term":[{"taxonomy":"product_cat","embeddable":true,"href":"http:\/\/klubmamgdynia.pl\/index.php\/wp-json\/wp\/v2\/product_cat?post=5361"},{"taxonomy":"product_tag","embeddable":true,"href":"http:\/\/klubmamgdynia.pl\/index.php\/wp-json\/wp\/v2\/product_tag?post=5361"}],"curies":[{"name":"wp","href":"https:\/\/api.w.org\/{rel}","templated":true}]}}