{"id":5367,"date":"2024-05-20T13:59:53","date_gmt":"2024-05-20T11:59:53","guid":{"rendered":"http:\/\/klubmamgdynia.pl\/?post_type=product&#038;p=5367"},"modified":"2026-05-01T18:04:01","modified_gmt":"2026-05-01T16:04:01","slug":"baby-born-krzeselko-do-karmienia-przy-stole-825235","status":"publish","type":"product","link":"http:\/\/klubmamgdynia.pl\/index.php\/produkt\/baby-born-krzeselko-do-karmienia-przy-stole-825235\/","title":{"rendered":"Baby Born Krzese\u0142ko Do Karmienia Przy Stole 825235"},"content":{"rendered":"<p>do karmienia dla Baby Born 43 cm, z funkcj\u0105 montowania do sto\u0142u, od firmy Zapf Creation, cenionego producenta dla dzieci, z pewno\u015bci\u0105 b\u0119dzie stanowi\u0142o idealne uzupe\u0142nienie ka\u017cdej lalki. jest w kolorze r\u00f3\u017cowym w kolorowe misie, pieski i kaczuszki. Blat jest w kolorze niebieskim z logo Baby Born. Krzese\u0142ko mo\u017cna zamontowa\u0107 do sto\u0142u za pomoc\u0105 do\u0142\u0105czonych do zestawu \u015brub. Zapf Creation AG to niemiecka firma, za\u0142o\u017cona przez Maxa i Ros\u0119 Zapf w 1932 rok u w Roedentalu. Zapf Creation jest wiod\u0105cym producentem markowych lalek funkcyjnych i akcesori\u00f3w w Europie. Do najbardziej znanych marek nale\u017c\u0105 Baby born, Baby Annabell oraz Chou Chou. Koncept zabawy w ma\u0142e mamy, znany na ca\u0142ym \u015bwiecie, skierowany jest przede wszystkim do dziewczynek w wieku od 3 do 8 lat.<\/p>\n<h2>Baby Born Krzese\u0142ko Do Karmienia Przy Stole 825235 BABY BORN<\/h2>\n<p>bajka do czytania na dobranoc, krotkie zagadki, test znaki drogowe, dzieci cytaty, jak narysowa\u0107 cz\u0142owieka, swinka peppa do czytania, trudne zagadki i odpowiedzi, elzbieta imie, kawa\u0142 na prima aprilis, bajki o ksi\u0119\u017cniczkach do czytania, kolorowanka do druku kotek, delfinarium polska<\/p>\n<p>yyyyy<\/p>\n<p>&nbsp;<\/p>\n","protected":false},"excerpt":{"rendered":"<p>do karmienia dla Baby Born 43 cm, z funkcj\u0105 montowania do sto\u0142u, od firmy Zapf Creation, cenionego producenta dla dzieci, z pewno\u015bci\u0105 b\u0119dzie stanowi\u0142o idealne uzupe\u0142nienie ka\u017cdej lalki. jest w kolorze r\u00f3\u017cowym w kolorowe misie, pieski i kaczuszki. Blat jest w kolorze niebieskim z logo Baby Born. Krzese\u0142ko mo\u017cna zamontowa\u0107 do sto\u0142u za pomoc\u0105 do\u0142\u0105czonych [&hellip;]<\/p>\n","protected":false},"featured_media":5368,"comment_status":"closed","ping_status":"open","template":"","meta":[],"product_cat":[172,176],"product_tag":[802,699,855,630],"class_list":["post-5367","product","type-product","status-publish","has-post-thumbnail","hentry","product_cat-akcesoria-dla-lalek","product_cat-baby-born","product_tag-co-kupic-dziewczynce-na-roczek","product_tag-kolorowanki-do-druku-dla-dziewczyn","product_tag-nietypowe-imiona-zenskie","product_tag-podchwytliwe-zagadki-z-odpowiedziami"],"_links":{"self":[{"href":"http:\/\/klubmamgdynia.pl\/index.php\/wp-json\/wp\/v2\/product\/5367","targetHints":{"allow":["GET"]}}],"collection":[{"href":"http:\/\/klubmamgdynia.pl\/index.php\/wp-json\/wp\/v2\/product"}],"about":[{"href":"http:\/\/klubmamgdynia.pl\/index.php\/wp-json\/wp\/v2\/types\/product"}],"replies":[{"embeddable":true,"href":"http:\/\/klubmamgdynia.pl\/index.php\/wp-json\/wp\/v2\/comments?post=5367"}],"wp:featuredmedia":[{"embeddable":true,"href":"http:\/\/klubmamgdynia.pl\/index.php\/wp-json\/wp\/v2\/media\/5368"}],"wp:attachment":[{"href":"http:\/\/klubmamgdynia.pl\/index.php\/wp-json\/wp\/v2\/media?parent=5367"}],"wp:term":[{"taxonomy":"product_cat","embeddable":true,"href":"http:\/\/klubmamgdynia.pl\/index.php\/wp-json\/wp\/v2\/product_cat?post=5367"},{"taxonomy":"product_tag","embeddable":true,"href":"http:\/\/klubmamgdynia.pl\/index.php\/wp-json\/wp\/v2\/product_tag?post=5367"}],"curies":[{"name":"wp","href":"https:\/\/api.w.org\/{rel}","templated":true}]}}