{"id":5369,"date":"2013-05-07T13:16:41","date_gmt":"2013-05-07T11:16:41","guid":{"rendered":"http:\/\/klubmamgdynia.pl\/index.php\/produkt\/flossrock-dzungla-puzzle-20el\/"},"modified":"2026-04-20T17:45:08","modified_gmt":"2026-04-20T15:45:08","slug":"flossrock-dzungla-puzzle-20el","status":"publish","type":"product","link":"http:\/\/klubmamgdynia.pl\/index.php\/produkt\/flossrock-dzungla-puzzle-20el\/","title":{"rendered":"Floss&amp;Rock D\u017cungla Puzzle 20El."},"content":{"rendered":"<p>CECHYZawiera 20 wysokiej jako\u015bci puzzli Wspiera ma\u0142\u0105 motoryk\u0119, koncentracj\u0119 Pozwala si\u0119 wyciszy\u0107 Oryginalne, rzucaj\u0105ce si\u0119 w oczy pude\u0142ko Zalecany wiek: 3+WYMIARYPuzzle: 38 x 33 cmPude\u0142ko: 25.5 x 7.5 x 4 cm<\/p>\n<h2>Floss&amp;Rock D\u017cungla Puzzle 20El. <\/h2>\n<p>kolorowanki wed\u0142ug kodu do druku, nadia imi\u0119, milena imie, romantyczna bajka na dobranoc, wiosenne zagadki dla dzieci, pomys\u0142 na prima aprilis, piosenka kiedy babcia by\u0142a ma\u0142a tekst, zadania logiczne, mia, super zings do druku, kolorowanka traktor<\/p>\n<p>yyyyy<\/p>\n<p>&nbsp;<\/p>\n","protected":false},"excerpt":{"rendered":"<p>CECHYZawiera 20 wysokiej jako\u015bci puzzli Wspiera ma\u0142\u0105 motoryk\u0119, koncentracj\u0119 Pozwala si\u0119 wyciszy\u0107 Oryginalne, rzucaj\u0105ce si\u0119 w oczy pude\u0142ko Zalecany wiek: 3+WYMIARYPuzzle: 38 x 33 cmPude\u0142ko: 25.5 x 7.5 x 4 cm Floss&amp;Rock D\u017cungla Puzzle 20El. kolorowanki wed\u0142ug kodu do druku, nadia imi\u0119, milena imie, romantyczna bajka na dobranoc, wiosenne zagadki dla dzieci, pomys\u0142 na prima [&hellip;]<\/p>\n","protected":false},"featured_media":5370,"comment_status":"closed","ping_status":"open","template":"","meta":[],"product_cat":[90],"product_tag":[813,616,733],"class_list":["post-5369","product","type-product","status-publish","has-post-thumbnail","hentry","product_cat-puzzle","product_tag-krotkie-zagadki-matematyczne-z-odpowiedziami","product_tag-test-mikolajek-25-pytan","product_tag-zarty-na-prima-aprilis"],"_links":{"self":[{"href":"http:\/\/klubmamgdynia.pl\/index.php\/wp-json\/wp\/v2\/product\/5369","targetHints":{"allow":["GET"]}}],"collection":[{"href":"http:\/\/klubmamgdynia.pl\/index.php\/wp-json\/wp\/v2\/product"}],"about":[{"href":"http:\/\/klubmamgdynia.pl\/index.php\/wp-json\/wp\/v2\/types\/product"}],"replies":[{"embeddable":true,"href":"http:\/\/klubmamgdynia.pl\/index.php\/wp-json\/wp\/v2\/comments?post=5369"}],"wp:featuredmedia":[{"embeddable":true,"href":"http:\/\/klubmamgdynia.pl\/index.php\/wp-json\/wp\/v2\/media\/5370"}],"wp:attachment":[{"href":"http:\/\/klubmamgdynia.pl\/index.php\/wp-json\/wp\/v2\/media?parent=5369"}],"wp:term":[{"taxonomy":"product_cat","embeddable":true,"href":"http:\/\/klubmamgdynia.pl\/index.php\/wp-json\/wp\/v2\/product_cat?post=5369"},{"taxonomy":"product_tag","embeddable":true,"href":"http:\/\/klubmamgdynia.pl\/index.php\/wp-json\/wp\/v2\/product_tag?post=5369"}],"curies":[{"name":"wp","href":"https:\/\/api.w.org\/{rel}","templated":true}]}}