{"id":5371,"date":"2016-12-03T15:40:18","date_gmt":"2016-12-03T14:40:18","guid":{"rendered":"http:\/\/klubmamgdynia.pl\/index.php\/produkt\/nuk-first-choice-butelka-ze-wskaznikiem-temperatury-6-18m-300ml-niebieski-741-103c\/"},"modified":"2026-04-05T18:59:41","modified_gmt":"2026-04-05T16:59:41","slug":"nuk-first-choice-butelka-ze-wskaznikiem-temperatury-6-18m-300ml-niebieski-741-103c","status":"publish","type":"product","link":"http:\/\/klubmamgdynia.pl\/index.php\/produkt\/nuk-first-choice-butelka-ze-wskaznikiem-temperatury-6-18m-300ml-niebieski-741-103c\/","title":{"rendered":"Nuk First Choice+ Butelka Ze Wska\u017anikiem Temperatury 6-18M 300Ml Niebieski (741.103C)"},"content":{"rendered":"<h2>Nuk First Choice+ Butelka Ze Wska\u017anikiem Temperatury 6-18M 300Ml Niebieski (741.103C) <\/h2>\n<p>matylda imi\u0119, imie kuba, jak zrobi\u0107 laurk\u0119 dla babci, logiczne zagadki dla dzieci, lego ninjago kolorowanki, quiz o samochodach, pokoloruj wed\u0142ug wzoru, myszka miki kolorowanka, quiz felix net i nika oraz gang niewidzialnych ludzi, ko\u0142ysanki teksty, nauka pisania wyraz\u00f3w dla dzieci do druku pdf, kolorowanka anio\u0142ek, zagadki liczbowe<\/p>\n<p>yyyyy<\/p>\n<p>&nbsp;<\/p>\n","protected":false},"excerpt":{"rendered":"<p>Nuk First Choice+ Butelka Ze Wska\u017anikiem Temperatury 6-18M 300Ml Niebieski (741.103C) matylda imi\u0119, imie kuba, jak zrobi\u0107 laurk\u0119 dla babci, logiczne zagadki dla dzieci, lego ninjago kolorowanki, quiz o samochodach, pokoloruj wed\u0142ug wzoru, myszka miki kolorowanka, quiz felix net i nika oraz gang niewidzialnych ludzi, ko\u0142ysanki teksty, nauka pisania wyraz\u00f3w dla dzieci do druku pdf, [&hellip;]<\/p>\n","protected":false},"featured_media":5372,"comment_status":"closed","ping_status":"open","template":"","meta":[],"product_cat":[195],"product_tag":[870,609,840,698],"class_list":["post-5371","product","type-product","status-publish","has-post-thumbnail","hentry","product_cat-butelki","product_tag-prezent-dla-chlopca-na-roczek","product_tag-quiz-flagi-europy","product_tag-stare-bajki","product_tag-zagadki-dla-przedszkolakow"],"_links":{"self":[{"href":"http:\/\/klubmamgdynia.pl\/index.php\/wp-json\/wp\/v2\/product\/5371","targetHints":{"allow":["GET"]}}],"collection":[{"href":"http:\/\/klubmamgdynia.pl\/index.php\/wp-json\/wp\/v2\/product"}],"about":[{"href":"http:\/\/klubmamgdynia.pl\/index.php\/wp-json\/wp\/v2\/types\/product"}],"replies":[{"embeddable":true,"href":"http:\/\/klubmamgdynia.pl\/index.php\/wp-json\/wp\/v2\/comments?post=5371"}],"wp:featuredmedia":[{"embeddable":true,"href":"http:\/\/klubmamgdynia.pl\/index.php\/wp-json\/wp\/v2\/media\/5372"}],"wp:attachment":[{"href":"http:\/\/klubmamgdynia.pl\/index.php\/wp-json\/wp\/v2\/media?parent=5371"}],"wp:term":[{"taxonomy":"product_cat","embeddable":true,"href":"http:\/\/klubmamgdynia.pl\/index.php\/wp-json\/wp\/v2\/product_cat?post=5371"},{"taxonomy":"product_tag","embeddable":true,"href":"http:\/\/klubmamgdynia.pl\/index.php\/wp-json\/wp\/v2\/product_tag?post=5371"}],"curies":[{"name":"wp","href":"https:\/\/api.w.org\/{rel}","templated":true}]}}