{"id":5375,"date":"2022-11-22T07:10:11","date_gmt":"2022-11-22T06:10:11","guid":{"rendered":"http:\/\/klubmamgdynia.pl\/?post_type=product&#038;p=5375"},"modified":"2026-04-20T13:29:41","modified_gmt":"2026-04-20T11:29:41","slug":"kees-kosz-mojzesza-nosidelko-male-dla-lalek","status":"publish","type":"product","link":"http:\/\/klubmamgdynia.pl\/index.php\/produkt\/kees-kosz-mojzesza-nosidelko-male-dla-lalek\/","title":{"rendered":"Kees Kosz Moj\u017cesza Noside\u0142ko Ma\u0142e Dla Lalek"},"content":{"rendered":"<p>Kosz Moj\u017cesza noside\u0142ko ma\u0142e dla lalekPi\u0119kne noside\u0142ko dla lalek stylizowane na kosz Moj\u017cesza, wyplatane r\u0119cznie z li\u015bci palmowych &#8211; przypadnie do gustu maluchom i stanie si\u0119 jednym z ulubionych akcesori\u00f3w do zabawy lalkami w dom i nie tylko. W tym zachwycaj\u0105cym koszu miejsce znajd\u0105 tak\u017ce misie i ulubione przytulanki. Kosz jest lekki i funkcjonalny, solidny i trwa\u0142y, na tyle ma\u0142y, \u017ce najm\u0142odsze dzieci z \u0142atwo\u015bci\u0105 go przenios\u0105 i wykorzystaj\u0105 do zabawy. Teraz ulubiona lalka i mi\u015b b\u0119d\u0105 mia\u0142y swoje \u015bliczne miejsce do spania. Kosz posiada dwie wygodne r\u0105czki, dzi\u0119ki kt\u00f3rym mo\u017cna go nosi\u0107. Jest to idealny pomys\u0142 na prezent dla kilkulatka!Kosz jest produktem ekologicznym, wysokiej jako\u015bci, powsta\u0142 ze splecionych li\u015bci palmowych, produkowany r\u0119cznie w Maroco. Ka\u017cda sztuka jest unikalna i mo\u017ce si\u0119 nieznacznie r\u00f3\u017cni\u0107 ze wzgl\u0119du na r\u0119czny charakter wyplatania.DANE:Materia\u0142: li\u015bcie palmoweKraj pochodzenia: MarokoKonserwacja: przeciera\u0107 wilgotn\u0105 \u015bciereczk\u0105WIEK: od 6 m-ca \u017cyciaWYMIARY KOSZA:- d\u0142ugo\u015b\u0107 dna wewn. 32 cm \/ d\u0142ugo\u015b\u0107 u g\u00f3ry 37 cm- szeroko\u015b\u0107 dna wewn. 15 cm- wysoko\u015b\u0107 na \u015brodku 13 cm- wysoko\u015b\u0107 w cz\u0119\u015bci zag\u0142\u00f3wka 17 cmKosz nie zawiera \u017cadnych akcesori\u00f3w.<\/p>\n<h2>Kees Kosz Moj\u017cesza Noside\u0142ko Ma\u0142e Dla Lalek Kees<\/h2>\n<p>\u0142amig\u0142\u00f3wki dla dzieci, test z dzieci z bullerbyn, asiunia test z lektury, test lew czarownica i stara szafa, kolorowanki star wars, opisy do zdj\u0119\u0107 z dzieckiem, co kupic 7 latkowi pod choinke, zabawy ruchowe dla dzieci, kotki kolorowanka, gdzie strumyk p\u0142ynie z wolna tekst, ko\u0142ysanka dla dzieci tekst, co mo\u017cna zrobi\u0107 na prima aprilis, imi\u0119 gaja, wydarzenia dla dzieci warszawa, imie kuba, cytat o rodzinie, mia imie, opisy do zdj\u0119\u0107 z dzieckiem, na roczek dla ch\u0142opca<\/p>\n<p>yyyyy<\/p>\n<p>&nbsp;<\/p>\n","protected":false},"excerpt":{"rendered":"<p>Kosz Moj\u017cesza noside\u0142ko ma\u0142e dla lalekPi\u0119kne noside\u0142ko dla lalek stylizowane na kosz Moj\u017cesza, wyplatane r\u0119cznie z li\u015bci palmowych &#8211; przypadnie do gustu maluchom i stanie si\u0119 jednym z ulubionych akcesori\u00f3w do zabawy lalkami w dom i nie tylko. W tym zachwycaj\u0105cym koszu miejsce znajd\u0105 tak\u017ce misie i ulubione przytulanki. Kosz jest lekki i funkcjonalny, solidny [&hellip;]<\/p>\n","protected":false},"featured_media":5376,"comment_status":"closed","ping_status":"open","template":"","meta":[],"product_cat":[172,1339],"product_tag":[578,651,632],"class_list":["post-5375","product","type-product","status-publish","has-post-thumbnail","hentry","product_cat-akcesoria-dla-lalek","product_cat-kees","product_tag-fajne-zarty-na-prima-aprilis","product_tag-quizy-online","product_tag-warszawa-atrakcje-dla-mlodziezy"],"_links":{"self":[{"href":"http:\/\/klubmamgdynia.pl\/index.php\/wp-json\/wp\/v2\/product\/5375","targetHints":{"allow":["GET"]}}],"collection":[{"href":"http:\/\/klubmamgdynia.pl\/index.php\/wp-json\/wp\/v2\/product"}],"about":[{"href":"http:\/\/klubmamgdynia.pl\/index.php\/wp-json\/wp\/v2\/types\/product"}],"replies":[{"embeddable":true,"href":"http:\/\/klubmamgdynia.pl\/index.php\/wp-json\/wp\/v2\/comments?post=5375"}],"wp:featuredmedia":[{"embeddable":true,"href":"http:\/\/klubmamgdynia.pl\/index.php\/wp-json\/wp\/v2\/media\/5376"}],"wp:attachment":[{"href":"http:\/\/klubmamgdynia.pl\/index.php\/wp-json\/wp\/v2\/media?parent=5375"}],"wp:term":[{"taxonomy":"product_cat","embeddable":true,"href":"http:\/\/klubmamgdynia.pl\/index.php\/wp-json\/wp\/v2\/product_cat?post=5375"},{"taxonomy":"product_tag","embeddable":true,"href":"http:\/\/klubmamgdynia.pl\/index.php\/wp-json\/wp\/v2\/product_tag?post=5375"}],"curies":[{"name":"wp","href":"https:\/\/api.w.org\/{rel}","templated":true}]}}