{"id":5379,"date":"2015-01-25T15:40:36","date_gmt":"2015-01-25T14:40:36","guid":{"rendered":"http:\/\/klubmamgdynia.pl\/index.php\/produkt\/miniland-termos-butelka-dla-rodzica-deluxe-500ml-rozowe\/"},"modified":"2026-05-01T12:50:35","modified_gmt":"2026-05-01T10:50:35","slug":"miniland-termos-butelka-dla-rodzica-deluxe-500ml-rozowe","status":"publish","type":"product","link":"http:\/\/klubmamgdynia.pl\/index.php\/produkt\/miniland-termos-butelka-dla-rodzica-deluxe-500ml-rozowe\/","title":{"rendered":"Miniland Termos + Butelka Dla Rodzica Deluxe 500Ml R\u00f3\u017cowe"},"content":{"rendered":"<p>Ekskluzywny termos na napoje dla dziecka o pojemno\u015bci 500 ml z powierzchni\u0105 o chromowym efekcie oraz butelka w tym samym kolorze dla rodzica &#8211; luksusowy zestaw dla ca\u0142ej rodziny!Najwa\u017cniejsze cechy:bardzo skuteczny &#8211; utrzymuje po\u017c\u0105dan\u0105 temperatur\u0119 przez 24hmaksymalna odporno\u015b\u0107 i efektywno\u015b\u0107 dzi\u0119ki 3 warstwom izolacyjnympodw\u00f3jna warstwa ze stali nierdzewnej (304) z komor\u0105 pr\u00f3\u017cniow\u0105zaw\u00f3r zabezpieczaj\u0105cy przed kapaniem\/wyciekaniemwyj\u0105tkowa jako\u015b\u0107idealny na pokarmy dzieci\u0119ce\u0142atwy system nalewania p\u0142yn\u00f3widealny aby zabra\u0107 go ze sob\u0105 wsz\u0119dzie\u0142atwe czyszczenie &#8211; elementy mo\u017cna \u0142atwo rozebra\u0107 i wyczy\u015bci\u0107zestaw zar\u00f3wno dla dziecka i rodzicaZawsze pasuje do dziecka!Zestaw, kt\u00f3ry zawiera termos o pojemno\u015bci 500 ml oraz dopasowan\u0105 w tym samym kolorze butelk\u0119 termiczn\u0105 dla mamy lub taty, dzi\u0119ki czemu obie ze stron b\u0119d\u0105 dzieli\u0107 sw\u00f3j ulubiony styl.Najbardziej luksusowy produkt na rynku!Idealny produkty dla modnych, towarzyskich i odwa\u017cnych rodzic\u00f3w, kt\u00f3rzy pragn\u0105 cieszy\u0107 si\u0119 chwilami i zabawnymi do\u015bwiadczeniami pe\u0142nymi elegancji, wyr\u00f3\u017cnienia i stylu.Utrzymuje temperatur\u0119 p\u0142yn\u00f3w przez ponad 24 godzinyTermosy Miniland deluxe s\u0105 niezwykle odporne na dzia\u0142anie temperatur zewn\u0119trznych i skutecznie utrzymuj\u0105 ciep\u0142o, dzi\u0119ki podw\u00f3jnej \u015bciance ze stali nierdzewnej, ekskluzywnej warstwie aluminium i komorze pr\u00f3\u017cniowej. Dodatkowa warstwa izolacji zapewniona dzi\u0119ki transportowej torbie izotermicznej, jeszcze bardziej chroni termos przed zmianami temperatury otoczenia co w ofekcie sprawia, \u017ce temperatura napoj\u00f3w zostaje utrzymana jeszcze d\u0142u\u017cej.Posi\u0142ki s\u0105 zawsze gotoweRodzice mog\u0105 przygotowa\u0107 jedzenie dla dziecka w domu i zabra\u0107 je w dowolne miejsce dzi\u0119ki torbie z r\u0105czk\u0105, kt\u00f3r\u0105 mo\u017cna przymocowa\u0107 na w\u00f3zku &#8211; dzi\u0119ki temu termos deluxe jest idealny w podr\u00f3\u017cy lub zostawiania dziecka pod opiek\u0105 innej osoby.Materia\u0142y o wyj\u0105tkowej jako\u015bciTermosy deluxe s\u0105 wykonane ze stali nierdzewnej 18\/8 (stal 304), kt\u00f3ra ma bardzo niskie przewodnictwo cieplne i bardzo dobr\u0105 odporno\u015b\u0107 na wysokie temperatury, b\u0119d\u0105c najbardziej odpowiednim materia\u0142em do przechowywania \u017cywno\u015bci. Ponadto torba transportowa wykonana jest z bardzo wytrzyma\u0142ych materia\u0142\u00f3w, kt\u00f3re poprawiaj\u0105 ochron\u0119 termosu przed \u015bcieraniem i chroni\u0105 je r\u00f3wnie\u017c przed uderzeniami i zadrapaniami.\u0141atwy system nalewaniaNie ma mo\u017cliwo\u015bci rozlania ani kropli p\u0142yn\u00f3w, dzi\u0119ki \u0142atwemu systemowi nalewania i systemowi otwierania i zamykania termosa na klik,i bez potrzeby odkr\u0119cania wewn\u0119trznej pokrywy.Mo\u017cliwo\u015b\u0107 demonta\u017cu element\u00f3w dla \u0142atwego czyszczeniaZar\u00f3wno zakr\u0119tka termosu, kt\u00f3ra mo\u017ce by\u0107 u\u017cyta jako ma\u0142y kubek, jak i zaw\u00f3r s\u0105 odkr\u0119cane, co u\u0142atwia czyszczenie wszystkich element\u00f3w.Wolne od BPAProdukt jest w 100% wolny od Bisfenolu A.<\/p>\n<h2>Miniland Termos + Butelka Dla Rodzica Deluxe 500Ml R\u00f3\u017cowe Miniland<\/h2>\n<p>peppa do czytania, co mo\u017cna zrobi\u0107 z rolek po papierze toaletowym, bajki dla dziewczynek, zabawy dla 5-6 latk\u00f3w, kolorowanka europa, nietypowe atrakcje dla dzieci, prezent dla dziewczynki na roczek, kolorowanka dla dzieci, quiz minecraft, o b\u0142\u0119dne dyktando, ja\u015bmina imie<\/p>\n<p>yyyyy<\/p>\n<p>&nbsp;<\/p>\n","protected":false},"excerpt":{"rendered":"<p>Ekskluzywny termos na napoje dla dziecka o pojemno\u015bci 500 ml z powierzchni\u0105 o chromowym efekcie oraz butelka w tym samym kolorze dla rodzica &#8211; luksusowy zestaw dla ca\u0142ej rodziny!Najwa\u017cniejsze cechy:bardzo skuteczny &#8211; utrzymuje po\u017c\u0105dan\u0105 temperatur\u0119 przez 24hmaksymalna odporno\u015b\u0107 i efektywno\u015b\u0107 dzi\u0119ki 3 warstwom izolacyjnympodw\u00f3jna warstwa ze stali nierdzewnej (304) z komor\u0105 pr\u00f3\u017cniow\u0105zaw\u00f3r zabezpieczaj\u0105cy przed kapaniem\/wyciekaniemwyj\u0105tkowa [&hellip;]<\/p>\n","protected":false},"featured_media":5380,"comment_status":"closed","ping_status":"open","template":"","meta":[],"product_cat":[1105,215],"product_tag":[691,583,599,841],"class_list":["post-5379","product","type-product","status-publish","has-post-thumbnail","hentry","product_cat-miniland","product_cat-naczynia-i-sztucce-dla-dzieci","product_tag-gabriel","product_tag-kolysanki-dla-dzieci-tekst","product_tag-prezent-dla-nastolatkow-2021","product_tag-quiz-o-flagach"],"_links":{"self":[{"href":"http:\/\/klubmamgdynia.pl\/index.php\/wp-json\/wp\/v2\/product\/5379","targetHints":{"allow":["GET"]}}],"collection":[{"href":"http:\/\/klubmamgdynia.pl\/index.php\/wp-json\/wp\/v2\/product"}],"about":[{"href":"http:\/\/klubmamgdynia.pl\/index.php\/wp-json\/wp\/v2\/types\/product"}],"replies":[{"embeddable":true,"href":"http:\/\/klubmamgdynia.pl\/index.php\/wp-json\/wp\/v2\/comments?post=5379"}],"wp:featuredmedia":[{"embeddable":true,"href":"http:\/\/klubmamgdynia.pl\/index.php\/wp-json\/wp\/v2\/media\/5380"}],"wp:attachment":[{"href":"http:\/\/klubmamgdynia.pl\/index.php\/wp-json\/wp\/v2\/media?parent=5379"}],"wp:term":[{"taxonomy":"product_cat","embeddable":true,"href":"http:\/\/klubmamgdynia.pl\/index.php\/wp-json\/wp\/v2\/product_cat?post=5379"},{"taxonomy":"product_tag","embeddable":true,"href":"http:\/\/klubmamgdynia.pl\/index.php\/wp-json\/wp\/v2\/product_tag?post=5379"}],"curies":[{"name":"wp","href":"https:\/\/api.w.org\/{rel}","templated":true}]}}