{"id":5381,"date":"2014-04-24T17:56:31","date_gmt":"2014-04-24T15:56:31","guid":{"rendered":"http:\/\/klubmamgdynia.pl\/index.php\/produkt\/generator-pary-tefal-sv6140\/"},"modified":"2026-04-22T12:29:15","modified_gmt":"2026-04-22T10:29:15","slug":"generator-pary-tefal-sv6140","status":"publish","type":"product","link":"http:\/\/klubmamgdynia.pl\/index.php\/produkt\/generator-pary-tefal-sv6140\/","title":{"rendered":"Generator pary TEFAL SV6140"},"content":{"rendered":"<p>Generator pary marki TEFAL model SV6140. Produkt o mocy 2400 W. Ci\u015bnienie 6 bar. Urz\u0105dzenie posiada pionowy wyrzut pary, zbiornik na wod\u0119 o pojemno\u015bci 1700 ml.<\/p>\n<h2>Generator pary TEFAL SV6140 Tefal<\/h2>\n<p>rysowanki, harry potter kolorowanka, zagadki o zimie, jesienne piosenki dla dzieci, pieski, jak narysowac kota, cytaty o przyja\u017ani \u015bmieszne, kolorowanki jesie\u0144 do druku, kryspinow, zagadki wielkanocne dla doros\u0142ych, kolorowanka myszka minnie, jak si\u0119 rysuje kota, kolorowanki do druku dla ch\u0142opc\u00f3w<\/p>\n<p>yyyyy<\/p>\n<p>&nbsp;<\/p>\n","protected":false},"excerpt":{"rendered":"<p>Generator pary marki TEFAL model SV6140. Produkt o mocy 2400 W. Ci\u015bnienie 6 bar. Urz\u0105dzenie posiada pionowy wyrzut pary, zbiornik na wod\u0119 o pojemno\u015bci 1700 ml. Generator pary TEFAL SV6140 Tefal rysowanki, harry potter kolorowanka, zagadki o zimie, jesienne piosenki dla dzieci, pieski, jak narysowac kota, cytaty o przyja\u017ani \u015bmieszne, kolorowanki jesie\u0144 do druku, kryspinow, [&hellip;]<\/p>\n","protected":false},"featured_media":5382,"comment_status":"closed","ping_status":"open","template":"","meta":[],"product_cat":[1320,1340],"product_tag":[707,688,637,717,604],"class_list":["post-5381","product","type-product","status-publish","has-post-thumbnail","hentry","product_cat-stacje-parowe","product_cat-tefal","product_tag-karty-pracy-dla-dzieci-z-ukrainy","product_tag-kolysanki-tekst","product_tag-niech-zyja-wakacje-tekst","product_tag-prezent-roczek","product_tag-zagadki-trudne"],"_links":{"self":[{"href":"http:\/\/klubmamgdynia.pl\/index.php\/wp-json\/wp\/v2\/product\/5381","targetHints":{"allow":["GET"]}}],"collection":[{"href":"http:\/\/klubmamgdynia.pl\/index.php\/wp-json\/wp\/v2\/product"}],"about":[{"href":"http:\/\/klubmamgdynia.pl\/index.php\/wp-json\/wp\/v2\/types\/product"}],"replies":[{"embeddable":true,"href":"http:\/\/klubmamgdynia.pl\/index.php\/wp-json\/wp\/v2\/comments?post=5381"}],"wp:featuredmedia":[{"embeddable":true,"href":"http:\/\/klubmamgdynia.pl\/index.php\/wp-json\/wp\/v2\/media\/5382"}],"wp:attachment":[{"href":"http:\/\/klubmamgdynia.pl\/index.php\/wp-json\/wp\/v2\/media?parent=5381"}],"wp:term":[{"taxonomy":"product_cat","embeddable":true,"href":"http:\/\/klubmamgdynia.pl\/index.php\/wp-json\/wp\/v2\/product_cat?post=5381"},{"taxonomy":"product_tag","embeddable":true,"href":"http:\/\/klubmamgdynia.pl\/index.php\/wp-json\/wp\/v2\/product_tag?post=5381"}],"curies":[{"name":"wp","href":"https:\/\/api.w.org\/{rel}","templated":true}]}}