{"id":5385,"date":"2016-09-01T18:28:24","date_gmt":"2016-09-01T16:28:24","guid":{"rendered":"http:\/\/klubmamgdynia.pl\/index.php\/produkt\/nuk-first-choice-night-ze-wskaznikiem-temperatury-smoczek-silikonowy-300ml-6-18m-zolty-koala\/"},"modified":"2026-05-02T11:30:56","modified_gmt":"2026-05-02T09:30:56","slug":"nuk-first-choice-night-ze-wskaznikiem-temperatury-smoczek-silikonowy-300ml-6-18m-zolty-koala","status":"publish","type":"product","link":"http:\/\/klubmamgdynia.pl\/index.php\/produkt\/nuk-first-choice-night-ze-wskaznikiem-temperatury-smoczek-silikonowy-300ml-6-18m-zolty-koala\/","title":{"rendered":"Nuk First Choice+ Night ze wska\u017anikiem temperatury, smoczek silikonowy, 300ml 6-18M \u017c\u00f3\u0142ty\/koala"},"content":{"rendered":"<h2>Nuk First Choice+ Night ze wska\u017anikiem temperatury, smoczek silikonowy, 300ml 6-18M \u017c\u00f3\u0142ty\/koala NUK<\/h2>\n<p>wielkanocne zagadki, kolorowanki spongebob, list do miko\u0142aja wz\u00f3r pdf, prezent na pierwsze urodziny, p\u0142atki \u015bniegu szablon, jak narysowa\u0107 kota, zagadki dla doros\u0142ych z odpowiedziami, zagadki dla 4 latka do druku, s\u0142owa do przyjaciela, kolorowanki andrzejki do wydruku<\/p>\n<p>yyyyy<\/p>\n<p>&nbsp;<\/p>\n","protected":false},"excerpt":{"rendered":"<p>Nuk First Choice+ Night ze wska\u017anikiem temperatury, smoczek silikonowy, 300ml 6-18M \u017c\u00f3\u0142ty\/koala NUK wielkanocne zagadki, kolorowanki spongebob, list do miko\u0142aja wz\u00f3r pdf, prezent na pierwsze urodziny, p\u0142atki \u015bniegu szablon, jak narysowa\u0107 kota, zagadki dla doros\u0142ych z odpowiedziami, zagadki dla 4 latka do druku, s\u0142owa do przyjaciela, kolorowanki andrzejki do wydruku yyyyy &nbsp;<\/p>\n","protected":false},"featured_media":5386,"comment_status":"closed","ping_status":"open","template":"","meta":[],"product_cat":[195,251],"product_tag":[730,690,590,631,823],"class_list":["post-5385","product","type-product","status-publish","has-post-thumbnail","hentry","product_cat-butelki","product_cat-nuk","product_tag-karyna","product_tag-pieski-male-dwa-tekst","product_tag-plac-zabaw-warszawa","product_tag-prezent-na-roczek","product_tag-zagadki-dla-dzieci-7-lat"],"_links":{"self":[{"href":"http:\/\/klubmamgdynia.pl\/index.php\/wp-json\/wp\/v2\/product\/5385","targetHints":{"allow":["GET"]}}],"collection":[{"href":"http:\/\/klubmamgdynia.pl\/index.php\/wp-json\/wp\/v2\/product"}],"about":[{"href":"http:\/\/klubmamgdynia.pl\/index.php\/wp-json\/wp\/v2\/types\/product"}],"replies":[{"embeddable":true,"href":"http:\/\/klubmamgdynia.pl\/index.php\/wp-json\/wp\/v2\/comments?post=5385"}],"wp:featuredmedia":[{"embeddable":true,"href":"http:\/\/klubmamgdynia.pl\/index.php\/wp-json\/wp\/v2\/media\/5386"}],"wp:attachment":[{"href":"http:\/\/klubmamgdynia.pl\/index.php\/wp-json\/wp\/v2\/media?parent=5385"}],"wp:term":[{"taxonomy":"product_cat","embeddable":true,"href":"http:\/\/klubmamgdynia.pl\/index.php\/wp-json\/wp\/v2\/product_cat?post=5385"},{"taxonomy":"product_tag","embeddable":true,"href":"http:\/\/klubmamgdynia.pl\/index.php\/wp-json\/wp\/v2\/product_tag?post=5385"}],"curies":[{"name":"wp","href":"https:\/\/api.w.org\/{rel}","templated":true}]}}