{"id":5387,"date":"2022-05-03T03:10:28","date_gmt":"2022-05-03T01:10:28","guid":{"rendered":"http:\/\/klubmamgdynia.pl\/index.php\/produkt\/tommee-tippee-sippee-cup-6m-turkusowy-r-125ml-250ml\/"},"modified":"2026-04-23T13:11:39","modified_gmt":"2026-04-23T11:11:39","slug":"tommee-tippee-sippee-cup-6m-turkusowy-r-125ml-250ml","status":"publish","type":"product","link":"http:\/\/klubmamgdynia.pl\/index.php\/produkt\/tommee-tippee-sippee-cup-6m-turkusowy-r-125ml-250ml\/","title":{"rendered":"Tommee Tippee Sippee Cup, 6M+, Turkusowy &#8211; R. 125Ml-250Ml"},"content":{"rendered":"<p>Ten wi\u0119kszy kubek o pojemno\u015bci 230 ml to idealny kubek, aby jeszcze bardziej zach\u0119ci\u0107 Twoje dziecko do rozwijania umiej\u0119tno\u015bci picia. Kiedy jeste\u015b poza domem, dwucz\u0119\u015bciowa pokrywka zapobiegaj\u0105ca rozlaniu zapobiega przypadkowemu rozlaniu, a du\u017ce uchwyty s\u0105 tak \u0142atwe do uchwycenia, \u017ce mo\u017cesz to zrobi\u0107 nawet jedn\u0105 r\u0119k\u0105! W domu, gdzie kilka kropel nie jest tak strasznych, uchwyty i pokrywk\u0119 zapobiegaj\u0105c\u0105 rozlaniu mo\u017cna zdj\u0105\u0107, aby dziecko mog\u0142o trzyma\u0107 kubek prawid\u0142owo i \u0107wiczy\u0107 p\u0142ynne picie, co pomaga w rozwoju jamy ustnej. \u0141atwy do czyszczenia zaw\u00f3r dwucz\u0119\u015bciowy Ka\u017cdy kubek Easy Drink Cup ma wyjmowany, dwucz\u0119\u015bciowy, szczelny zaw\u00f3r, kt\u00f3ry szybko si\u0119 czy\u015bci. Zaw\u00f3r jest szczelny. Korzystnie, dziecko mo\u017ce trzyma\u0107 w r\u0119ku kubek, z kt\u00f3rego mo\u017ce si\u0119 \u0142atwo napi\u0107. Do nauki i na\u015bladowania ruch\u00f3w picia u doros\u0142ych Ten ma\u0142y, lekki kubek z \u0142atwymi do uchwycenia uchwytami jest idealny dla niedo\u015bwiadczonych pij\u0105cych. Jest jednak na tyle du\u017cy, \u017ce szybko zaspokaja pragnienie dzieci, kt\u00f3re staj\u0105 si\u0119 coraz bardziej aktywne, potrafi\u0105 siedzie\u0107, turla\u0107 si\u0119 i uwielbiaj\u0105 si\u0119 bawi\u0107. Odporno\u015b\u0107 na zalanie oznacza mniej ka\u0142u\u017c wody na pod\u0142odze. \u0141atwe picie Dzi\u0119ki wszystkim naszym kubkom nauka picia b\u0119dzie dziecinnie prosta. Dwucz\u0119\u015bciowy inteligentny zaw\u00f3r umo\u017cliwia \u0142atwy przep\u0142yw p\u0142ynu przez wylewk\u0119, gdy dziecko chce si\u0119 napi\u0107. Pomi\u0119dzy kolejnymi \u0142ykami kubek jest ca\u0142kowicie szczelny. Delikatny i mi\u0119kki Dzi\u0105s\u0142a Twojego dziecka mog\u0105 by\u0107 bardzo wra\u017cliwe, zw\u0142aszcza podczas z\u0105bkowania. Nasza super mi\u0119kka wylewka jest wyj\u0105tkowo g\u0142adka i delikatna dla jego ma\u0142ych ust. Idealny dla zapracowanych rodzin Tommee Tippee wie, jak stresuj\u0105ce mo\u017ce by\u0107 codzienne \u017cycie z dzieckiem. Dlatego wszystkie nasze kubki s\u0105 \u0142atwe do rozebrania i umycia &#8211; w gor\u0105cym p\u0142ynie do naczy\u0144 lub na g\u00f3rnym p\u00f3\u0142ce w zmywarce. Nadaj\u0105 si\u0119 one r\u00f3wnie\u017c do sterylizacji. Bezpieczny dla dziecka Wszystkie kubki z Tommee Tippee s\u0105 wolne od BPA, co daje Ci ca\u0142kowity spok\u00f3j. Szczeg\u00f3\u0142y produktu: Zaprojektowane, aby wspiera\u0107 rozw\u00f3j umiej\u0119tno\u015bci picia u Twojego dziecka (kolor i Design mog\u0105 si\u0119 r\u00f3\u017cni\u0107) Zdejmowana dwucz\u0119\u015bciowa pokrywa zapobiega rozlewaniu si\u0119 wody i ogranicza ba\u0142agan do minimum Super mi\u0119kka wylewka jest delikatna dla dna jamy ustnej dziecka podczas z\u0105bkowania Zdejmowane uchwyty Easygrip s\u0105 przeznaczone dla ma\u0142ych r\u0105czek Wszystkie kubki Tommee Tippee s\u0105 wolne od BPA<\/p>\n<h2>Tommee Tippee Sippee Cup, 6M+, Turkusowy &#8211; R. 125Ml-250Ml <\/h2>\n<p>karty pracy dla dzieci z ukrainy do druku, oryginalny prezent na roczek dla dziewczynki, swinka peppa do czytania, quizy dla przedszkolak\u00f3w, wzory zaprosze\u0144 zaproszenie na urodziny szablon do druku<\/p>\n<p>yyyyy<\/p>\n<p>&nbsp;<\/p>\n","protected":false},"excerpt":{"rendered":"<p>Ten wi\u0119kszy kubek o pojemno\u015bci 230 ml to idealny kubek, aby jeszcze bardziej zach\u0119ci\u0107 Twoje dziecko do rozwijania umiej\u0119tno\u015bci picia. Kiedy jeste\u015b poza domem, dwucz\u0119\u015bciowa pokrywka zapobiegaj\u0105ca rozlaniu zapobiega przypadkowemu rozlaniu, a du\u017ce uchwyty s\u0105 tak \u0142atwe do uchwycenia, \u017ce mo\u017cesz to zrobi\u0107 nawet jedn\u0105 r\u0119k\u0105! W domu, gdzie kilka kropel nie jest tak strasznych, [&hellip;]<\/p>\n","protected":false},"featured_media":5388,"comment_status":"closed","ping_status":"open","template":"","meta":[],"product_cat":[195],"product_tag":[722,768,747,872,701],"class_list":["post-5387","product","type-product","status-publish","has-post-thumbnail","hentry","product_cat-butelki","product_tag-cytaty-o-przyjazni","product_tag-krotkie-zagadki-logiczne","product_tag-malowanki-do-druku","product_tag-zagadki-dla-dzieci-6-lat","product_tag-zgadywanki-dla-dzieci"],"_links":{"self":[{"href":"http:\/\/klubmamgdynia.pl\/index.php\/wp-json\/wp\/v2\/product\/5387","targetHints":{"allow":["GET"]}}],"collection":[{"href":"http:\/\/klubmamgdynia.pl\/index.php\/wp-json\/wp\/v2\/product"}],"about":[{"href":"http:\/\/klubmamgdynia.pl\/index.php\/wp-json\/wp\/v2\/types\/product"}],"replies":[{"embeddable":true,"href":"http:\/\/klubmamgdynia.pl\/index.php\/wp-json\/wp\/v2\/comments?post=5387"}],"wp:featuredmedia":[{"embeddable":true,"href":"http:\/\/klubmamgdynia.pl\/index.php\/wp-json\/wp\/v2\/media\/5388"}],"wp:attachment":[{"href":"http:\/\/klubmamgdynia.pl\/index.php\/wp-json\/wp\/v2\/media?parent=5387"}],"wp:term":[{"taxonomy":"product_cat","embeddable":true,"href":"http:\/\/klubmamgdynia.pl\/index.php\/wp-json\/wp\/v2\/product_cat?post=5387"},{"taxonomy":"product_tag","embeddable":true,"href":"http:\/\/klubmamgdynia.pl\/index.php\/wp-json\/wp\/v2\/product_tag?post=5387"}],"curies":[{"name":"wp","href":"https:\/\/api.w.org\/{rel}","templated":true}]}}