{"id":5389,"date":"2018-11-24T23:10:51","date_gmt":"2018-11-24T22:10:51","guid":{"rendered":"http:\/\/klubmamgdynia.pl\/index.php\/produkt\/nuk-zestaw-first-choicepp-butelka-ze-wskaznikiem-temperatury-bialy-2x300ml\/"},"modified":"2026-04-20T21:32:48","modified_gmt":"2026-04-20T19:32:48","slug":"nuk-zestaw-first-choicepp-butelka-ze-wskaznikiem-temperatury-bialy-2x300ml","status":"publish","type":"product","link":"http:\/\/klubmamgdynia.pl\/index.php\/produkt\/nuk-zestaw-first-choicepp-butelka-ze-wskaznikiem-temperatury-bialy-2x300ml\/","title":{"rendered":"Nuk Zestaw First Choice+Pp Butelka Ze Wska\u017anikiem Temperatury Bia\u0142y 2X300Ml"},"content":{"rendered":"<p>Pierwszy wyb\u00f3r niemowl\u0105t, rodzic\u00f3w oraz ekspert\u00f3w! Zestaw: Butelka NUK First Choice+ ze wska\u017anikiem temperatury + druga GRATIS:\u2022 wska\u017anik temperatury NUK \u2022 wyj\u0105tkowo mi\u0119kki smoczek dostosowany do kszta\u0142tu jamy ustnej\u2022 testowana w szpitalach &#8211; dla optymalnego \u0142\u0105czenia karmienia piersi\u0105 i butelk\u0105*\u2022 antykolkowy system odpowietrzania pomaga zapobiega\u0107 kolce\u2022 wygodna do nape\u0142niania i czyszczenia &#8211; szeroki otw\u00f3r butelki\u2022 wykonana z polipropylenu (PP), pojemno\u015b\u0107 300 ml, nie zawiera bisfenolu A (BPA)\u2022 silikonowy smoczek, rozmiar 0-6 miesi\u0119cy, M (do mleka modyfikowanego)\u2022 zestaw zawiera 2 sztuki butelek 300 ml NOWO\u015a\u0106Wska\u017anik temperatury NUK Aby mie\u0107 pewno\u015b\u0107, \u017ce pokarm podawany niemowl\u0119ciu nie b\u0119dzie zbyt gor\u0105cy, butelki NUK First Choice+ posiadaj\u0105 wska\u017anik temperatury NUK. Wska\u017anik wygl\u0105da jak termometr i jest umieszczony pomi\u0119dzy kreskami podzia\u0142ki. Wska\u017anik zmienia kolor pod wp\u0142ywem zmiany temperatury zawarto\u015bci butelki. Je\u017celi pokarm jest zbyt gor\u0105cy, wska\u017anik zmienia kolor z niebieskiego na bia\u0142y. Pokarm powinien by\u0107 podawany niemowl\u0119ciu w temperaturze cia\u0142a (37\u00b0= kolor b\u0142\u0119kitny).Prosimy o ponowne sprawdzenie temperatury bezpo\u015brednio przed podaniem dziecku butelki. Opracowane na podstawie naturalnego modeluButelki First Choice+ wyposa\u017cone s\u0105 w nowoczesne smoczki First Choice+, kt\u00f3re s\u0105 szczeg\u00f3lnie zbli\u017cone do kszta\u0142tu brodawki sutkowej mamy w czasie karmienia. Dzi\u0119ki temu nie tylko wspieraj\u0105 zdrowy rozw\u00f3j jamy ustnej dziecka, lecz tak\u017ce s\u0105 bardzo dobrze akceptowane przez dzieci. Ich ulepszony odpowietrzacz zapewnia naturalny wyp\u0142yw pokarmu i zmniejsza ryzyko kolki. Wszystko to sprawia, \u017ce butelki First Choice+ to gwarancja spokojnego karmienia dla Ciebie i Twojego dziecka, tak\u017ce wtedy gdy chcesz \u0142\u0105czy\u0107 karmienie piersi\u0105 i butelk\u0105. Butelka NUK First Choice+ &#8211; optymalne \u0142\u0105czenie karmienia piersi\u0105 i butelk\u0105*\u2022 spokojne karmienie butelk\u0105, tak jak przy piersi mamy\u2022 szczeg\u00f3lnie dobrze akceptowana przez dzieci karmione piersi\u0105\u2022 naturalny kszta\u0142t smoczka wspiera zdrowy rozw\u00f3j jamy ustnej dziecka\u2022 antykolkowy system odpowietrzania pomaga zapobiega\u0107 kolce Smoczki First Choice+Jednym z argument\u00f3w za karmieniem piersi\u0105, opr\u00f3cz doskona\u0142ego sk\u0142adu mleka mamy, jest tak\u017ce to, \u017ce pier\u015b mamy idealnie dopasowuje si\u0119 do jamy ustnej dziecka. To dlatego smoczek NUK First Choice+ ma asymetryczny kszta\u0142t, tak jak brodawka sutkowa matki w czasie karmienia. Dzi\u0119ki temu optymalnie dostosowuje si\u0119 do jamy ustnej dziecka, a j\u0119zyk ma wystarczaj\u0105co du\u017co miejsca, aby naturalnie porusza\u0107 si\u0119 podczas ssania. Umo\u017cliwia to dziecku \u0107wiczenie szcz\u0119ki oraz wspiera zdrowy rozw\u00f3j jamy ustnej, warg i j\u0119zyka. Smoczki First Choice+ maj\u0105 ponadto szerokie oparcie dla warg oraz s\u0105 wyj\u0105tkowo mi\u0119kkie, co zapewnia odczucie karmienia jak najbardziej zbli\u017cone do karmienia piersi\u0105. Wszystko to sprawia, \u017ce smoczki te s\u0105 bardzo dobrze akceptowane przez dzieci karmione piersi\u0105, a wi\u0119c doskonale sprawdzaj\u0105 si\u0119, gdy chce si\u0119 \u0142\u0105czy\u0107 karmienie piersi\u0105 i butelk\u0105 \u2013 co zosta\u0142o udowodnione w badaniach.*Tak jak wszystkie smoczki NUK, smoczki First Choice+ s\u0105 wyposa\u017cone w antykolkowy system odpowietrzania, kt\u00f3ry tutaj zosta\u0142 jeszcze ulepszony, dzi\u0119ki czemu zapewnia naturalny wyp\u0142yw pokarmu, a dziecko mo\u017ce ssa\u0107 bez po\u0142ykania powietrza, co zmniejsza ryzyko kolki. Butelki do karmienia NUK First Choice+ s\u0105 wykonane z bardzo lekkiego i wytrzyma\u0142ego tworzywa \u2013 polipropylenu (PP). Ich wyprofilowany kszta\u0142t sprawia, \u017ce doskonale pasuj\u0105 do r\u0119ki zar\u00f3wno mamy, jak i dziecka. Butelki s\u0105 niet\u0142uk\u0105ce, mog\u0105 by\u0107 myte w zmywarce i umieszczane w zamra\u017carce. Ich praktyczny szeroki otw\u00f3r u\u0142atwia nape\u0142nianie i czyszczenie. * Potwierdzone w badaniach klinicznych: Moral et al. BMC Paediatrics 2010, 10:6. Smoczki silikonowe NUK wykonane s\u0105 z wysokiej jako\u015bci tworzywa. Silikon jest \u0142atwy do czyszczenia oraz szczeg\u00f3lnie odporny na wysokie temperatury. Nie zmienia si\u0119 nawet pod wp\u0142ywem bezpo\u015bredniego \u015bwiat\u0142a ani w kontakcie t\u0142uszczem zawartym w pokarmie. Silikon mo\u017cna wygotowywa\u0107, jest wolny od szkodliwych substancji, neutralny w zapachu i smaku, przezroczysty i ma g\u0142adk\u0105 powierzchni\u0119. Smoczki lateksowe NUK s\u0105 wykonane z naturalnego lateksu &#8211; wysokiej jako\u015bci surowca otrzymywanego z drzew kauczukodajnych, kt\u00f3ry jest wyj\u0105tkowo trwa\u0142y, elastyczny i niezwykle odporny na rozerwanie. To naturalne tworzywo jest ciep\u0142e, mi\u0119kkie i podobne do piersi matki. Lateks nie elektryzuje si\u0119 ani nie przyci\u0105ga kurzu. Mo\u017cna go r\u00f3wnie\u017c utylizowa\u0107 w spos\u00f3b przyjazny dla \u015brodowiska. Dlaczego smoczki NUK s\u0105 wyj\u0105tkowe? ANATOMICZNY KSZTA\u0141T NUKWszystkie smoczki do butelki NUK posiadaj\u0105 oryginalny kszta\u0142t NUK, kt\u00f3ry wspiera zdrowy rozw\u00f3j szcz\u0119ki. Zosta\u0142 on opracowany przez ortodont\u00f3w, tak aby przypomina\u0107 kszta\u0142t brodawki sutkowej matki w czasie karmienia. NUK AIR SYSTEMWszystkie smoczki do butelki NUK maj\u0105 antykolkowy system odpowietrzania NUK Air System, kt\u00f3ry wyr\u00f3wnuje ci\u015bnienie w butelce, dzi\u0119ki czemu smoczek si\u0119 nie zaciska, a dziecko mo\u017ce ssa\u0107 bez przerw. W ten spos\u00f3b zmniejsza on ilo\u015b\u0107 powietrza po\u0142ykanego przez dziecko, minimalizuj\u0105c ryzyko wyst\u0105pienia kolki. SYSTEM ROZMIAR\u00d3W I OTWOR\u00d3W PRZEP\u0141YWOWYCH Karmi\u0119 z mi\u0142o\u015bci\u0105 Jak najlepiej karmi\u0107 dziecko? Piersi\u0105 czy butelk\u0105? Daj swojemu dziecku to, czego potrzebuje w odpowiedni dla siebie spos\u00f3b. Na pocz\u0105tku trzeba ustali\u0107 jedn\u0105 rzecz &#8211; Twoje dziecko b\u0119dzie ros\u0142o i dobrze si\u0119 rozwija\u0142o, zar\u00f3wno kiedy b\u0119dzie karmione zar\u00f3wno piersi\u0105, jak i butelk\u0105. Przy karmieniu dziecka wa\u017cniejsze jest, aby\u015bcie oboje czuli si\u0119 komfortowo i byli zrelaksowani. Wi\u0119c zaufaj swojemu instynktowi i nie pozw\u00f3l, \u017ceby ktokolwiek wywiera\u0142 na Ciebie presj\u0119. Je\u017celi zdecydujesz si\u0119 karmi\u0107 piersi\u0105&#8230;&#8230;b\u0119dziesz dostarcza\u0107 dziecku pokarmu, kt\u00f3ry zawiera wszystko, czego dziecko potrzebuje w ci\u0105gu pierwszych 6 miesi\u0119cy \u017cycia &#8211; zawsze w odpowiedniej ilo\u015bci, w odpowiedniej temperaturze. Tw\u00f3j pokarm jest te\u017c zawsze \u0142atwo dost\u0119pny, gdziekolwiek jeste\u015bcie. Nawet je\u015bli zachorujesz, Twoje dziecko nie jest zagro\u017cone. Opr\u00f3cz sk\u0142adnik\u00f3w od\u017cywczych mleko matki zawiera bowiem tak\u017ce niezb\u0119dne przeciwcia\u0142a. Dzia\u0142a ono jak szczepionka przeciwko wielu powa\u017cnym chorobom w dzieci\u0144stwie, jak i doros\u0142ym \u017cyciu, takim jak np. infekcje, zapalenia, biegunka czy alergie. Je\u015bli zdecydujesz si\u0119 karmi\u0107 butelk\u0105 lub \u0142\u0105czy\u0107 obydwa karmienia Alternatyw\u0105 w wielu sytuacjach jest karmienie butelk\u0105. Butelk\u0105 mo\u017cna podawa\u0107 dziecku odci\u0105gni\u0119te mleko matki lub mleko modyfikowane, kt\u00f3re opr\u00f3cz tego, \u017ce nie zawiera przeciwcia\u0142, w zupe\u0142no\u015bci zaspokaja potrzeby dziecka. W ka\u017cdym razie karmienie butelk\u0105 na pewno nie przeszkodzi w nawi\u0105zaniu g\u0142\u0119bokiej wi\u0119zi mi\u0119dzy Tob\u0105, a dzieckiem. W jakikolwiek spos\u00f3b karmisz, mo\u017cesz karmi\u0107 z mi\u0142o\u015bci\u0105. Podczas karmienia butelk\u0105 r\u00f3wnie\u017c mo\u017cecie by\u0107 przytuleni, mo\u017cesz g\u0142aska\u0107 dziecko i zapewnia\u0107 mu blisko\u015b\u0107. Karmienie butelk\u0105 lub jego \u0142\u0105czenie z karmieniem piersi\u0105 umo\u017cliwia r\u00f3wnie\u017c karmienie dziecka przez tat\u0119, dziadk\u00f3w lub innych opiekun\u00f3w.<\/p>\n<h2>Nuk Zestaw First Choice+Pp Butelka Ze Wska\u017anikiem Temperatury Bia\u0142y 2X300Ml NUK<\/h2>\n<p>zimowe zagadki, my little pony kolorowanki, zagadki logiczne, skye psi patrol kolorowanka, opis do zdj\u0119cia z dzieckiem, wzruszajace cytaty o rodzinie, najlepsze \u017carty na prima aprilis, zagadki logiczne na inteligencj\u0119, wyprawka warszawiaka 2021, piosenki na dobranoc tekst, lucjan, quiz opowie\u015bci z narnii lew czarownica i stara szafa<\/p>\n<p>yyyyy<\/p>\n<p>&nbsp;<\/p>\n","protected":false},"excerpt":{"rendered":"<p>Pierwszy wyb\u00f3r niemowl\u0105t, rodzic\u00f3w oraz ekspert\u00f3w! Zestaw: Butelka NUK First Choice+ ze wska\u017anikiem temperatury + druga GRATIS:\u2022 wska\u017anik temperatury NUK \u2022 wyj\u0105tkowo mi\u0119kki smoczek dostosowany do kszta\u0142tu jamy ustnej\u2022 testowana w szpitalach &#8211; dla optymalnego \u0142\u0105czenia karmienia piersi\u0105 i butelk\u0105*\u2022 antykolkowy system odpowietrzania pomaga zapobiega\u0107 kolce\u2022 wygodna do nape\u0142niania i czyszczenia &#8211; szeroki otw\u00f3r butelki\u2022 [&hellip;]<\/p>\n","protected":false},"featured_media":5390,"comment_status":"closed","ping_status":"open","template":"","meta":[],"product_cat":[195,251],"product_tag":[730,823,623,715],"class_list":["post-5389","product","type-product","status-publish","has-post-thumbnail","hentry","product_cat-butelki","product_cat-nuk","product_tag-karyna","product_tag-zagadki-dla-dzieci-7-lat","product_tag-zagadki-logiczne-smieszne","product_tag-zosia-samosia"],"_links":{"self":[{"href":"http:\/\/klubmamgdynia.pl\/index.php\/wp-json\/wp\/v2\/product\/5389","targetHints":{"allow":["GET"]}}],"collection":[{"href":"http:\/\/klubmamgdynia.pl\/index.php\/wp-json\/wp\/v2\/product"}],"about":[{"href":"http:\/\/klubmamgdynia.pl\/index.php\/wp-json\/wp\/v2\/types\/product"}],"replies":[{"embeddable":true,"href":"http:\/\/klubmamgdynia.pl\/index.php\/wp-json\/wp\/v2\/comments?post=5389"}],"wp:featuredmedia":[{"embeddable":true,"href":"http:\/\/klubmamgdynia.pl\/index.php\/wp-json\/wp\/v2\/media\/5390"}],"wp:attachment":[{"href":"http:\/\/klubmamgdynia.pl\/index.php\/wp-json\/wp\/v2\/media?parent=5389"}],"wp:term":[{"taxonomy":"product_cat","embeddable":true,"href":"http:\/\/klubmamgdynia.pl\/index.php\/wp-json\/wp\/v2\/product_cat?post=5389"},{"taxonomy":"product_tag","embeddable":true,"href":"http:\/\/klubmamgdynia.pl\/index.php\/wp-json\/wp\/v2\/product_tag?post=5389"}],"curies":[{"name":"wp","href":"https:\/\/api.w.org\/{rel}","templated":true}]}}