{"id":539,"date":"2019-04-13T14:50:16","date_gmt":"2019-04-13T12:50:16","guid":{"rendered":"http:\/\/klubmamgdynia.pl\/index.php\/produkt\/ravensburger-tiptoi-starter-set-00113-stift-und-worter-bilderbuch-kindergarten-lernsystem-fur-kinder-ab-3-jahren-wersja-niemiecka\/"},"modified":"2026-04-17T06:31:11","modified_gmt":"2026-04-17T04:31:11","slug":"ravensburger-tiptoi-starter-set-00113-stift-und-worter-bilderbuch-kindergarten-lernsystem-fur-kinder-ab-3-jahren-wersja-niemiecka","status":"publish","type":"product","link":"http:\/\/klubmamgdynia.pl\/index.php\/produkt\/ravensburger-tiptoi-starter-set-00113-stift-und-worter-bilderbuch-kindergarten-lernsystem-fur-kinder-ab-3-jahren-wersja-niemiecka\/","title":{"rendered":"Ravensburger tiptoi Starter-Set 00113: Stift und W\u00f6rter-Bilderbuch Kindergarten- Lernsystem f\u00fcr Kinder ab 3 Jahren (wersja niemiecka)"},"content":{"rendered":"<p>Auspacken und loslegen! Das Starter-Set ist perfekt f\u00fcr den Einstieg in tiptoi &#8211; das spielerische Lernsystem. Die ben\u00f6tigte Audiodatei ist auf dem Stift vorinstalliert und der integrierte Akku geladen. Basteln, toben, singen und erz\u00e4hlen: Im W\u00f6rter-Bilderbuch wird die Welt des Kindergartens durch zahlreiche Ger\u00e4usche, witzige Reime, Lieder und Dialoge lebendig. Mit tiptoi erweitern Kinder ab 3 Jahren spielerisch ihren Wortschatz. So macht Lernen richtig Spa\u00df!<\/p>\n<h2>Ravensburger tiptoi Starter-Set 00113: Stift und W\u00f6rter-Bilderbuch Kindergarten- Lernsystem f\u00fcr Kinder ab 3 Jahren (wersja niemiecka) <\/h2>\n<p>dobranoc pch\u0142y na noc, imi\u0119 pola, bajki dla dzieci do czytania na dobranoc, prezent na urodziny dla nastolatk\u00f3w, miko\u0142ajek test z lektury, \u017carty prima aprilis, krotkie zagadki, cytaty o dziecku, domowe syropy na zim\u0119, prezent dla 13 latki na \u015bwi\u0119ta, cytaty o dzieciach i rodzicach, quiz o minecraft, farma dyni poznan, zagadki matematyczne logiczne, farma dyni poznan, quiz minecraft, prezent dla nastolatek, sentencje o dzieciach, quizy miko\u0142ajek, trudne zagadki matematyczne, pomys\u0142 na prezent dla nastolatk\u00f3w<\/p>\n<p>yyyyy<\/p>\n<p>&nbsp;<\/p>\n","protected":false},"excerpt":{"rendered":"<p>Auspacken und loslegen! Das Starter-Set ist perfekt f\u00fcr den Einstieg in tiptoi &#8211; das spielerische Lernsystem. Die ben\u00f6tigte Audiodatei ist auf dem Stift vorinstalliert und der integrierte Akku geladen. Basteln, toben, singen und erz\u00e4hlen: Im W\u00f6rter-Bilderbuch wird die Welt des Kindergartens durch zahlreiche Ger\u00e4usche, witzige Reime, Lieder und Dialoge lebendig. Mit tiptoi erweitern Kinder ab [&hellip;]<\/p>\n","protected":false},"featured_media":540,"comment_status":"closed","ping_status":"open","template":"","meta":[],"product_cat":[130],"product_tag":[790,862,637,842,717,743],"class_list":["post-539","product","type-product","status-publish","has-post-thumbnail","hentry","product_cat-gry-dzieciece","product_tag-gry-planszowe-dla-nastolatkow","product_tag-nasza-zima-zla-tekst","product_tag-niech-zyja-wakacje-tekst","product_tag-plac-zabaw-poznan","product_tag-prezent-roczek","product_tag-quiz-dla-dzieci"],"_links":{"self":[{"href":"http:\/\/klubmamgdynia.pl\/index.php\/wp-json\/wp\/v2\/product\/539","targetHints":{"allow":["GET"]}}],"collection":[{"href":"http:\/\/klubmamgdynia.pl\/index.php\/wp-json\/wp\/v2\/product"}],"about":[{"href":"http:\/\/klubmamgdynia.pl\/index.php\/wp-json\/wp\/v2\/types\/product"}],"replies":[{"embeddable":true,"href":"http:\/\/klubmamgdynia.pl\/index.php\/wp-json\/wp\/v2\/comments?post=539"}],"wp:featuredmedia":[{"embeddable":true,"href":"http:\/\/klubmamgdynia.pl\/index.php\/wp-json\/wp\/v2\/media\/540"}],"wp:attachment":[{"href":"http:\/\/klubmamgdynia.pl\/index.php\/wp-json\/wp\/v2\/media?parent=539"}],"wp:term":[{"taxonomy":"product_cat","embeddable":true,"href":"http:\/\/klubmamgdynia.pl\/index.php\/wp-json\/wp\/v2\/product_cat?post=539"},{"taxonomy":"product_tag","embeddable":true,"href":"http:\/\/klubmamgdynia.pl\/index.php\/wp-json\/wp\/v2\/product_tag?post=539"}],"curies":[{"name":"wp","href":"https:\/\/api.w.org\/{rel}","templated":true}]}}