{"id":5393,"date":"2022-12-06T14:28:06","date_gmt":"2022-12-06T13:28:06","guid":{"rendered":"http:\/\/klubmamgdynia.pl\/?post_type=product&#038;p=5393"},"modified":"2026-04-19T00:34:15","modified_gmt":"2026-04-18T22:34:15","slug":"kot-lampka-nocna-3d-led-na-usb-przewod-3-tryby","status":"publish","type":"product","link":"http:\/\/klubmamgdynia.pl\/index.php\/produkt\/kot-lampka-nocna-3d-led-na-usb-przewod-3-tryby\/","title":{"rendered":"Kot Lampka Nocna 3D Led Na Usb Przew\u00f3d 3 Tryby"},"content":{"rendered":"<p>Kot Lampka Nocna 3D Led Na Usb Przew\u00f3d 3 Tryby<\/p>\n<h2>Kot Lampka Nocna 3D Led Na Usb Przew\u00f3d 3 Tryby Inny<\/h2>\n<p>ci\u0119\u017ckie zagadki, szymon znaczenie imiona, jak narysowa\u0107 \u017cab\u0119, carmen imi\u0119, jedzie poci\u0105g z daleka tekst, quizy online, ogr\u00f3d bajek, zagadki dla starszych dzieci, dziecko cytaty z\u0142ote my\u015bli<\/p>\n<p>yyyyy<\/p>\n<p>&nbsp;<\/p>\n","protected":false},"excerpt":{"rendered":"<p>Kot Lampka Nocna 3D Led Na Usb Przew\u00f3d 3 Tryby Kot Lampka Nocna 3D Led Na Usb Przew\u00f3d 3 Tryby Inny ci\u0119\u017ckie zagadki, szymon znaczenie imiona, jak narysowa\u0107 \u017cab\u0119, carmen imi\u0119, jedzie poci\u0105g z daleka tekst, quizy online, ogr\u00f3d bajek, zagadki dla starszych dzieci, dziecko cytaty z\u0142ote my\u015bli yyyyy &nbsp;<\/p>\n","protected":false},"featured_media":5394,"comment_status":"closed","ping_status":"open","template":"","meta":[],"product_cat":[169,138],"product_tag":[671,654,632,809],"class_list":["post-5393","product","type-product","status-publish","has-post-thumbnail","hentry","product_cat-inny","product_cat-lampki-dzieciece","product_tag-cicha-noc-po-angielsku-tekst","product_tag-krotkie-bajki-dla-dzieci-do-czytania","product_tag-warszawa-atrakcje-dla-mlodziezy","product_tag-zagadki"],"_links":{"self":[{"href":"http:\/\/klubmamgdynia.pl\/index.php\/wp-json\/wp\/v2\/product\/5393","targetHints":{"allow":["GET"]}}],"collection":[{"href":"http:\/\/klubmamgdynia.pl\/index.php\/wp-json\/wp\/v2\/product"}],"about":[{"href":"http:\/\/klubmamgdynia.pl\/index.php\/wp-json\/wp\/v2\/types\/product"}],"replies":[{"embeddable":true,"href":"http:\/\/klubmamgdynia.pl\/index.php\/wp-json\/wp\/v2\/comments?post=5393"}],"wp:featuredmedia":[{"embeddable":true,"href":"http:\/\/klubmamgdynia.pl\/index.php\/wp-json\/wp\/v2\/media\/5394"}],"wp:attachment":[{"href":"http:\/\/klubmamgdynia.pl\/index.php\/wp-json\/wp\/v2\/media?parent=5393"}],"wp:term":[{"taxonomy":"product_cat","embeddable":true,"href":"http:\/\/klubmamgdynia.pl\/index.php\/wp-json\/wp\/v2\/product_cat?post=5393"},{"taxonomy":"product_tag","embeddable":true,"href":"http:\/\/klubmamgdynia.pl\/index.php\/wp-json\/wp\/v2\/product_tag?post=5393"}],"curies":[{"name":"wp","href":"https:\/\/api.w.org\/{rel}","templated":true}]}}