{"id":5395,"date":"2016-10-09T02:28:46","date_gmt":"2016-10-09T00:28:46","guid":{"rendered":"http:\/\/klubmamgdynia.pl\/index.php\/produkt\/smily-play-gryzak-slimak-144-288\/"},"modified":"2026-04-29T07:05:57","modified_gmt":"2026-04-29T05:05:57","slug":"smily-play-gryzak-slimak-144-288","status":"publish","type":"product","link":"http:\/\/klubmamgdynia.pl\/index.php\/produkt\/smily-play-gryzak-slimak-144-288\/","title":{"rendered":"Smily Play Gryzak \u015alimak 144\/288"},"content":{"rendered":"<p>Gryzaczek \u015blimak zosta\u0142 zaprojektowany z my\u015bl\u0105 o potrzebach najm\u0142odszych. Kszta\u0142t oraz wyj\u0105tkowa lekko\u015b\u0107 zapewnia wygodne chwytanie przez ma\u0142e r\u0105czki niemowl\u0105t. Aby zmniejszy\u0107 b\u00f3l podczas z\u0105bkowania, przed podaniem dziecku gryzak mo\u017ce zosta\u0107 sch\u0142odzony w lod\u00f3wce. Gryzaka nie nale\u017cy umieszcza\u0107 w zamra\u017carce! Gryzaczek jest 100% bezpieczny i nietoksyczny.G\u0142\u00f3wne cechy produktu:Producent Smily playDla dzieci od 3 miesi\u0105ca \u017cyciaGryzak w kszta\u0142cie \u015blimaka Zaprojektowany z my\u015bl\u0105 o najm\u0142odszychDaje ukojenie podczas z\u0105bkowaniaBezpieczny i nietoksycznyWymiary: 10 x 8 x 2 cmWysoka jako\u015b\u0107 wykonaniaBrak mo\u017cliwo\u015bci wyboru koloru.<\/p>\n<h2>Smily Play Gryzak \u015alimak 144\/288 Smily Play<\/h2>\n<p>uk\u0142ad s\u0142oneczny kolorowanka, nietypowe imiona \u017ce\u0144skie, adriana imie, kaligrafia nauka pisania wyraz\u00f3w dla dzieci do druku pdf, wierszyk o wakacjach, zagadki dla ma\u0142ych dzieci, nietypowe atrakcje dla dzieci, prezenty na roczek dla ch\u0142opca, kolorowanki dla dzieci do druku, jad\u0105 jad\u0105 misie tekst, ja\u015bmina, karyna, zagadki na myslenie<\/p>\n<p>yyyyy<\/p>\n<p>&nbsp;<\/p>\n","protected":false},"excerpt":{"rendered":"<p>Gryzaczek \u015blimak zosta\u0142 zaprojektowany z my\u015bl\u0105 o potrzebach najm\u0142odszych. Kszta\u0142t oraz wyj\u0105tkowa lekko\u015b\u0107 zapewnia wygodne chwytanie przez ma\u0142e r\u0105czki niemowl\u0105t. Aby zmniejszy\u0107 b\u00f3l podczas z\u0105bkowania, przed podaniem dziecku gryzak mo\u017ce zosta\u0107 sch\u0142odzony w lod\u00f3wce. Gryzaka nie nale\u017cy umieszcza\u0107 w zamra\u017carce! Gryzaczek jest 100% bezpieczny i nietoksyczny.G\u0142\u00f3wne cechy produktu:Producent Smily playDla dzieci od 3 miesi\u0105ca \u017cyciaGryzak [&hellip;]<\/p>\n","protected":false},"featured_media":5396,"comment_status":"closed","ping_status":"open","template":"","meta":[],"product_cat":[63,62],"product_tag":[689,692,586,850],"class_list":["post-5395","product","type-product","status-publish","has-post-thumbnail","hentry","product_cat-grzechotki-i-gryzaki","product_cat-smily-play","product_tag-linda","product_tag-prezenty-na-roczek","product_tag-smieszne-zagadki","product_tag-wroclaw-atrakcje-dla-dzieci"],"_links":{"self":[{"href":"http:\/\/klubmamgdynia.pl\/index.php\/wp-json\/wp\/v2\/product\/5395","targetHints":{"allow":["GET"]}}],"collection":[{"href":"http:\/\/klubmamgdynia.pl\/index.php\/wp-json\/wp\/v2\/product"}],"about":[{"href":"http:\/\/klubmamgdynia.pl\/index.php\/wp-json\/wp\/v2\/types\/product"}],"replies":[{"embeddable":true,"href":"http:\/\/klubmamgdynia.pl\/index.php\/wp-json\/wp\/v2\/comments?post=5395"}],"wp:featuredmedia":[{"embeddable":true,"href":"http:\/\/klubmamgdynia.pl\/index.php\/wp-json\/wp\/v2\/media\/5396"}],"wp:attachment":[{"href":"http:\/\/klubmamgdynia.pl\/index.php\/wp-json\/wp\/v2\/media?parent=5395"}],"wp:term":[{"taxonomy":"product_cat","embeddable":true,"href":"http:\/\/klubmamgdynia.pl\/index.php\/wp-json\/wp\/v2\/product_cat?post=5395"},{"taxonomy":"product_tag","embeddable":true,"href":"http:\/\/klubmamgdynia.pl\/index.php\/wp-json\/wp\/v2\/product_tag?post=5395"}],"curies":[{"name":"wp","href":"https:\/\/api.w.org\/{rel}","templated":true}]}}