{"id":5397,"date":"2016-04-17T06:24:33","date_gmt":"2016-04-17T04:24:33","guid":{"rendered":"http:\/\/klubmamgdynia.pl\/index.php\/produkt\/smily-anek-auto-wywrotka-wy510a\/"},"modified":"2026-05-17T22:30:34","modified_gmt":"2026-05-17T20:30:34","slug":"smily-anek-auto-wywrotka-wy510a","status":"publish","type":"product","link":"http:\/\/klubmamgdynia.pl\/index.php\/produkt\/smily-anek-auto-wywrotka-wy510a\/","title":{"rendered":"Smily Anek Auto Wywrotka Wy510A"},"content":{"rendered":"<p>WY510A AUTO \u015aWIAT\u0141O-D\u0179WI\u0118KWywrotka wykonana z masywnych element\u00f3w. Klapa wywrotki otwiera si\u0119 swobodnie, aby zrzuci\u0107\u0142adunek.3 przyciski w\u0142\u0105czaj\u0105 elementy \u015bwietlne oraz d\u017awi\u0119k:\u2022 Klakson\u2022 Uruchamianego silnikaOtwarte kolorowe pude\u0142ko przekazuje wszystkie najwa\u017cniejsze informacje dotycz\u0105ce zabawki.Ch\u0142opcy uwielbiaj\u0105 bawi\u0107 si\u0119 samochodami. Najlepsze s\u0105 takie, kt\u00f3re odzwierciedlaj\u0105 w detalachprawdziwe pojazdy.Zabawka wykonana z dobrej jako\u015bci plastiku w skali 1:20.Zabawka \u0142atwo wyczy\u015bcisz wilgotn\u0105 \u015bciereczk\u0105.Pojazd wyposa\u017cony w:\u2022 \u015awiat\u0142o (wyjmij plastikow\u0105 zawleczk\u0119)\u2022 D\u017awi\u0119k (wyjmij plastikow\u0105 zawleczk\u0119)\u2022 Nap\u0119dZabawka wspiera\u2022 Rozw\u00f3j zmys\u0142u s\u0142uchu\u2022 Umiej\u0119tno\u015b\u0107 kreatywnej zabawy\u2022 Stymuluje zmys\u0142 wzorku\u2022 Kszta\u0142towanie ma\u0142ej motorykiSpecyfikacjaKod producenta: WY510AEAN: 5905375816803Wiek: 3+Wymiary produktu: 17 x 8 x 9Baterie: 3 x AG13, do\u0142\u0105czone testoweBezpiecze\u0144stwo: CEImporter: Anek dla dzieci<\/p>\n<h2>Smily Anek Auto Wywrotka Wy510A Smily Play<\/h2>\n<p>kawa\u0142y na prima aprilis dla rodzic\u00f3w, psi patrol kolorowanka, bajki dla dzieci na dobranoc do czytania, ida swieta wielkanocne ida swieta, matylda imie, prezenty dla 7 latki, zagadki dla starszych dzieci, quizy dla dzieci z bajek, zagadki o dinozaurach, renata to nie imi\u0119<\/p>\n<p>yyyyy<\/p>\n<p>&nbsp;<\/p>\n","protected":false},"excerpt":{"rendered":"<p>WY510A AUTO \u015aWIAT\u0141O-D\u0179WI\u0118KWywrotka wykonana z masywnych element\u00f3w. Klapa wywrotki otwiera si\u0119 swobodnie, aby zrzuci\u0107\u0142adunek.3 przyciski w\u0142\u0105czaj\u0105 elementy \u015bwietlne oraz d\u017awi\u0119k:\u2022 Klakson\u2022 Uruchamianego silnikaOtwarte kolorowe pude\u0142ko przekazuje wszystkie najwa\u017cniejsze informacje dotycz\u0105ce zabawki.Ch\u0142opcy uwielbiaj\u0105 bawi\u0107 si\u0119 samochodami. Najlepsze s\u0105 takie, kt\u00f3re odzwierciedlaj\u0105 w detalachprawdziwe pojazdy.Zabawka wykonana z dobrej jako\u015bci plastiku w skali 1:20.Zabawka \u0142atwo wyczy\u015bcisz wilgotn\u0105 \u015bciereczk\u0105.Pojazd [&hellip;]<\/p>\n","protected":false},"featured_media":5398,"comment_status":"closed","ping_status":"open","template":"","meta":[],"product_cat":[83,62],"product_tag":[787,705,746,633],"class_list":["post-5397","product","type-product","status-publish","has-post-thumbnail","hentry","product_cat-auta-i-inne-pojazdy-do-zabawy","product_cat-smily-play","product_tag-nauka-pisania-wyrazow-dla-dzieci-do-druku-pdf","product_tag-prezent-na-roczek-dla-chlopca","product_tag-zagadki-typu-co-to-jest","product_tag-zagadki-z-odpowiedziami"],"_links":{"self":[{"href":"http:\/\/klubmamgdynia.pl\/index.php\/wp-json\/wp\/v2\/product\/5397","targetHints":{"allow":["GET"]}}],"collection":[{"href":"http:\/\/klubmamgdynia.pl\/index.php\/wp-json\/wp\/v2\/product"}],"about":[{"href":"http:\/\/klubmamgdynia.pl\/index.php\/wp-json\/wp\/v2\/types\/product"}],"replies":[{"embeddable":true,"href":"http:\/\/klubmamgdynia.pl\/index.php\/wp-json\/wp\/v2\/comments?post=5397"}],"wp:featuredmedia":[{"embeddable":true,"href":"http:\/\/klubmamgdynia.pl\/index.php\/wp-json\/wp\/v2\/media\/5398"}],"wp:attachment":[{"href":"http:\/\/klubmamgdynia.pl\/index.php\/wp-json\/wp\/v2\/media?parent=5397"}],"wp:term":[{"taxonomy":"product_cat","embeddable":true,"href":"http:\/\/klubmamgdynia.pl\/index.php\/wp-json\/wp\/v2\/product_cat?post=5397"},{"taxonomy":"product_tag","embeddable":true,"href":"http:\/\/klubmamgdynia.pl\/index.php\/wp-json\/wp\/v2\/product_tag?post=5397"}],"curies":[{"name":"wp","href":"https:\/\/api.w.org\/{rel}","templated":true}]}}