{"id":5399,"date":"2022-01-21T09:04:13","date_gmt":"2022-01-21T08:04:13","guid":{"rendered":"http:\/\/klubmamgdynia.pl\/index.php\/produkt\/doris-garnki-komplet-naczyn-z-akcesoriami-zabawka\/"},"modified":"2026-04-06T01:22:40","modified_gmt":"2026-04-05T23:22:40","slug":"doris-garnki-komplet-naczyn-z-akcesoriami-zabawka","status":"publish","type":"product","link":"http:\/\/klubmamgdynia.pl\/index.php\/produkt\/doris-garnki-komplet-naczyn-z-akcesoriami-zabawka\/","title":{"rendered":"Doris Garnki Komplet Naczy\u0144 Z Akcesoriami &#8211; Zabawka"},"content":{"rendered":"<p>Rewelacyjny zestaw garnk\u00f3w b\u0119dzie przydatny w ka\u017cdej domowej kuchni ma\u0142ego szefa kuchni. \u015awietnie si\u0119 sprawdzi do gotowania obiadk\u00f3w dla lali i misi\u00f3w. Produkt rozwija wyobra\u017ani\u0119 i zdolno\u015bci manualne oraz sprawia du\u017co rado\u015bci przy wielogodzinnej zabawie. Zestaw zawiera: 1 du\u017cy garnek 1 rondel 1 patelnia 2 pokrywki miska \u0142y\u017cka do makaronu \u0142opatka cedzak \u0142y\u017cka wazowa materia\u0142owa podstawka kuchenna Metalowe garnki bardzo \u0142adnie i estetycznie wykonane, \u017cywe kolory. Genialnie imituj\u0105 prawdziwe garnki kuchenne. Zestaw do gotowania zapewni wspania\u0142\u0105 zabaw\u0119 po\u0142\u0105czon\u0105 z nauk\u0105. Zestaw naczy\u0144 zapakowany jest w \u0142adne pude\u0142ko, idealnie pasuj\u0105ce na prezent. Wymiary: garnek: 7 x 13 x 9 cm patelnia: 16 x 10 cm rondel: 13 x 10 miska \u015brednica 10 cm pude\u0142ko: 37 x 21&#215;11 cm<\/p>\n<h2>Doris Garnki Komplet Naczy\u0144 Z Akcesoriami &#8211; Zabawka Doris<\/h2>\n<p>kontynenty dla dzieci do druku, lodowiska w warszawie, pch\u0142y na noc, ciekawe zagadki, ada imie, kolorowanki dla ch\u0142opc\u00f3w do druku, maska misia do druku, miriam imie, kawal na prima aprilis, pytania zagadki, iwo, sybilla, szkic jak narysowa\u0107 kota, opis rodzina, prezent dla 19 latka<\/p>\n<p>yyyyy<\/p>\n<p>&nbsp;<\/p>\n","protected":false},"excerpt":{"rendered":"<p>Rewelacyjny zestaw garnk\u00f3w b\u0119dzie przydatny w ka\u017cdej domowej kuchni ma\u0142ego szefa kuchni. \u015awietnie si\u0119 sprawdzi do gotowania obiadk\u00f3w dla lali i misi\u00f3w. Produkt rozwija wyobra\u017ani\u0119 i zdolno\u015bci manualne oraz sprawia du\u017co rado\u015bci przy wielogodzinnej zabawie. Zestaw zawiera: 1 du\u017cy garnek 1 rondel 1 patelnia 2 pokrywki miska \u0142y\u017cka do makaronu \u0142opatka cedzak \u0142y\u017cka wazowa materia\u0142owa [&hellip;]<\/p>\n","protected":false},"featured_media":5400,"comment_status":"closed","ping_status":"open","template":"","meta":[],"product_cat":[338,53],"product_tag":[859,617,734],"class_list":["post-5399","product","type-product","status-publish","has-post-thumbnail","hentry","product_cat-doris","product_cat-kaciki-zabaw","product_tag-dobranoc-pchly-na-noc","product_tag-keyword","product_tag-milan-imie"],"_links":{"self":[{"href":"http:\/\/klubmamgdynia.pl\/index.php\/wp-json\/wp\/v2\/product\/5399","targetHints":{"allow":["GET"]}}],"collection":[{"href":"http:\/\/klubmamgdynia.pl\/index.php\/wp-json\/wp\/v2\/product"}],"about":[{"href":"http:\/\/klubmamgdynia.pl\/index.php\/wp-json\/wp\/v2\/types\/product"}],"replies":[{"embeddable":true,"href":"http:\/\/klubmamgdynia.pl\/index.php\/wp-json\/wp\/v2\/comments?post=5399"}],"wp:featuredmedia":[{"embeddable":true,"href":"http:\/\/klubmamgdynia.pl\/index.php\/wp-json\/wp\/v2\/media\/5400"}],"wp:attachment":[{"href":"http:\/\/klubmamgdynia.pl\/index.php\/wp-json\/wp\/v2\/media?parent=5399"}],"wp:term":[{"taxonomy":"product_cat","embeddable":true,"href":"http:\/\/klubmamgdynia.pl\/index.php\/wp-json\/wp\/v2\/product_cat?post=5399"},{"taxonomy":"product_tag","embeddable":true,"href":"http:\/\/klubmamgdynia.pl\/index.php\/wp-json\/wp\/v2\/product_tag?post=5399"}],"curies":[{"name":"wp","href":"https:\/\/api.w.org\/{rel}","templated":true}]}}