{"id":54,"date":"2015-01-04T00:31:05","date_gmt":"2015-01-03T23:31:05","guid":{"rendered":"http:\/\/klubmamgdynia.pl\/?post_type=product&#038;p=54"},"modified":"2026-04-04T06:35:43","modified_gmt":"2026-04-04T04:35:43","slug":"ramiz-auto-na-akumulator-jednoosobowe-dmd-ml63-czarny-mat","status":"publish","type":"product","link":"http:\/\/klubmamgdynia.pl\/index.php\/produkt\/ramiz-auto-na-akumulator-jednoosobowe-dmd-ml63-czarny-mat\/","title":{"rendered":"Ramiz Auto Na Akumulator Jednoosobowe Dmd-Ml63 Czarny Mat"},"content":{"rendered":"<p>Owiewka licznika Romet Z-ONE RProducent: RometOryginalne cz\u0119\u015bci RometTen produkt, to oryginalna cz\u0119\u015b\u0107 marki Romet, dedykowana do konkretnego pojazdu.Jest to oryginalna cz\u0119\u015b\u0107 wymienna, wiec je\u015bli chcesz zachowa\u0107 wysok\u0105 jako\u015b\u0107 podczas naprawy swojego motocykla, skutera czy quada, koniecznie dokonaj zakupu tej w\u0142a\u015bnie cz\u0119\u015b\u0107i.Przed zakupem, prosimy jednak sprawdza\u0107, czy oferowana cz\u0119\u015b\u0107 jest identyczna jak ta wyci\u0105gni\u0119ta z Twojego pojazdu. W razie w\u0105tpliwo\u015b\u0107i pozostajemy do dyspozycji.Z uwagi na to, \u017ce firma Romet kataloguje swoje cze\u015bci wy\u0142\u0105cznie pod swoje pojazdy &#8211; nie jeste\u015bmy w stanie udzieli\u0107 odpowiedzi, czy dana cz\u0119\u015b\u0107 b\u0119dzie pasowa\u0107 do innych pojazd\u00f3w innych marek.Szczego\u0142y produktu:Kod SKU: Producent: Romet<\/p>\n<h2>Ramiz Auto Na Akumulator Jednoosobowe Dmd-Ml63 Czarny Mat Ramiz<\/h2>\n<p>izabela imie, jagna, stare wiersze dla dzieci, roczek prezent, gloria imie, minionki kolorowanka, ciekawostki o je\u017cach, dobrej nocy i sza, r\u00f3\u017cne zagadki, podzi\u0119kowania dla nauczyciela cytaty, kuku\u0142eczka kuka tekst, znaki drogowe test online, flagi pa\u0144stw quiz, twarz wiosny do druku, rymowane zagadki, pomys\u0142 na prezent dla nastolatki, plac zamkowy, zgadywanki dla dzieci, wzory zaprosze\u0144 zaproszenie na urodziny do druku pdf, zimowe zabawy dla dzieci<\/p>\n<p>yyyyy<\/p>\n<p>&nbsp;<\/p>\n","protected":false},"excerpt":{"rendered":"<p>Owiewka licznika Romet Z-ONE RProducent: RometOryginalne cz\u0119\u015bci RometTen produkt, to oryginalna cz\u0119\u015b\u0107 marki Romet, dedykowana do konkretnego pojazdu.Jest to oryginalna cz\u0119\u015b\u0107 wymienna, wiec je\u015bli chcesz zachowa\u0107 wysok\u0105 jako\u015b\u0107 podczas naprawy swojego motocykla, skutera czy quada, koniecznie dokonaj zakupu tej w\u0142a\u015bnie cz\u0119\u015b\u0107i.Przed zakupem, prosimy jednak sprawdza\u0107, czy oferowana cz\u0119\u015b\u0107 jest identyczna jak ta wyci\u0105gni\u0119ta z Twojego [&hellip;]<\/p>\n","protected":false},"featured_media":55,"comment_status":"closed","ping_status":"open","template":"","meta":[],"product_cat":[36,24],"product_tag":[664,685,674,639,745,631,812],"class_list":["post-54","product","type-product","status-publish","has-post-thumbnail","hentry","product_cat-ramiz","product_cat-samochody-dla-dzieci","product_tag-atrakcje-dla-dzieci-trojmiasto","product_tag-cytaty-o-rodzinie","product_tag-miasto-dzieci","product_tag-nela-imie","product_tag-prezent-dla-15-latki","product_tag-prezent-na-roczek","product_tag-zagadki-logiczne-na-inteligencje"],"_links":{"self":[{"href":"http:\/\/klubmamgdynia.pl\/index.php\/wp-json\/wp\/v2\/product\/54","targetHints":{"allow":["GET"]}}],"collection":[{"href":"http:\/\/klubmamgdynia.pl\/index.php\/wp-json\/wp\/v2\/product"}],"about":[{"href":"http:\/\/klubmamgdynia.pl\/index.php\/wp-json\/wp\/v2\/types\/product"}],"replies":[{"embeddable":true,"href":"http:\/\/klubmamgdynia.pl\/index.php\/wp-json\/wp\/v2\/comments?post=54"}],"wp:featuredmedia":[{"embeddable":true,"href":"http:\/\/klubmamgdynia.pl\/index.php\/wp-json\/wp\/v2\/media\/55"}],"wp:attachment":[{"href":"http:\/\/klubmamgdynia.pl\/index.php\/wp-json\/wp\/v2\/media?parent=54"}],"wp:term":[{"taxonomy":"product_cat","embeddable":true,"href":"http:\/\/klubmamgdynia.pl\/index.php\/wp-json\/wp\/v2\/product_cat?post=54"},{"taxonomy":"product_tag","embeddable":true,"href":"http:\/\/klubmamgdynia.pl\/index.php\/wp-json\/wp\/v2\/product_tag?post=54"}],"curies":[{"name":"wp","href":"https:\/\/api.w.org\/{rel}","templated":true}]}}