{"id":5401,"date":"2015-05-31T01:47:12","date_gmt":"2015-05-30T23:47:12","guid":{"rendered":"http:\/\/klubmamgdynia.pl\/index.php\/produkt\/suavinex-butelka-premium-biala-150ml-31621012\/"},"modified":"2026-04-04T02:31:47","modified_gmt":"2026-04-04T00:31:47","slug":"suavinex-butelka-premium-biala-150ml-31621012","status":"publish","type":"product","link":"http:\/\/klubmamgdynia.pl\/index.php\/produkt\/suavinex-butelka-premium-biala-150ml-31621012\/","title":{"rendered":"Suavinex Butelka Premium Bia\u0142a 150Ml (31621012)"},"content":{"rendered":"<p>Butelka na mleko marki Suavinex z kolekcji Haute Couture wykonana z najwy\u017cszej jako\u015bci tworzywa. Posiada niewielk\u0105 wag\u0119 i ergonomiczny kszta\u0142t. Z \u0142atwo\u015bci\u0105 utrzyma j\u0105 zar\u00f3wno rodzic jak i starsze niemowl\u0119.W zestawie z butelk\u0105 znajduje si\u0119 okr\u0105g\u0142y, silikonowy smoczek o wolnym przep\u0142ywie &#8211; polecanym dla najm\u0142odszych dzieci. Zastosowanie silikonu sprawia, \u017ce smoczek jest mi\u0119kki, elastyczny i wytrzyma\u0142y. Jego podstawa zosta\u0142a ponadto wyposa\u017cona w antykolkowy wentyl, u\u0142atwiaj\u0105cy odprowadzenie powietrza z butelki. Minimalizuje to ryzyko wyst\u0105pienia u dziecka b\u00f3li brzuszka czy nieprzyjemnego odbijania.Szczeg\u00f3\u0142y:prze\u017aroczyste \u015bcianki butelki szeroka szyjka umo\u017cliwiaj\u0105ca \u0142atwe i dok\u0142adne czyszczeniew komplecie znajduje si\u0119 silikonowy o wolnym przep\u0142ywiemo\u017cliwo\u015b\u0107 wymiany na inny, dowolny smoczek marki Suavniex (o innym przep\u0142ywie i kszta\u0142cie) lub na silikonowy ustnik zamieniaj\u0105c tym samym butelk\u0119 w kubeksmoczki do butelek Suavinex posiadaj\u0105 opatentowany system antykolkowynietuzinkowy designnale\u017cy do kolekcji Haute Couture 2018odpowiednie dla dzieci 0m +nie mo\u017cna sterylizowa\u0107 w kuchence mikrofalowejProducent: SuavinexWz\u00f3r: Bia\u0142yPojemno\u015b\u0107: 150 mlUwaga! Butelka ma prze\u017aroczyste \u015bcianki &#8211; na zdj\u0119ciu widoczna jest butelka wype\u0142niona mlekiem<\/p>\n<h2>Suavinex Butelka Premium Bia\u0142a 150Ml (31621012) Suavinex<\/h2>\n<p>warszawa atrakcje dla dzieci, prezenty na roczek dla dziewczynki, atrakcje dla dzieci tr\u00f3jmiasto, dzie\u0144 dziecka dla nastolatk\u00f3w, kolorowanki do druku kotki, \u017carty prima aprilis, leon imi\u0119, pokemony do druku, lol do druku, zaj\u0105czek z jajka ugotowanego, szablony postacie do szopki do druku, prezent na 1 urodziny, pi\u0119kne kr\u00f3tkie wiersze, wiosenne zagadki, kolorowanka \u015bwinka peppa, kolorowanki spongebob<\/p>\n<p>yyyyy<\/p>\n<p>&nbsp;<\/p>\n","protected":false},"excerpt":{"rendered":"<p>Butelka na mleko marki Suavinex z kolekcji Haute Couture wykonana z najwy\u017cszej jako\u015bci tworzywa. Posiada niewielk\u0105 wag\u0119 i ergonomiczny kszta\u0142t. Z \u0142atwo\u015bci\u0105 utrzyma j\u0105 zar\u00f3wno rodzic jak i starsze niemowl\u0119.W zestawie z butelk\u0105 znajduje si\u0119 okr\u0105g\u0142y, silikonowy smoczek o wolnym przep\u0142ywie &#8211; polecanym dla najm\u0142odszych dzieci. Zastosowanie silikonu sprawia, \u017ce smoczek jest mi\u0119kki, elastyczny i [&hellip;]<\/p>\n","protected":false},"featured_media":5402,"comment_status":"closed","ping_status":"open","template":"","meta":[],"product_cat":[195,1328],"product_tag":[871,599,791],"class_list":["post-5401","product","type-product","status-publish","has-post-thumbnail","hentry","product_cat-butelki","product_cat-suavinex","product_tag-bajka-o-smoku-wawelskim","product_tag-prezent-dla-nastolatkow-2021","product_tag-zagadki-na-myslenie"],"_links":{"self":[{"href":"http:\/\/klubmamgdynia.pl\/index.php\/wp-json\/wp\/v2\/product\/5401","targetHints":{"allow":["GET"]}}],"collection":[{"href":"http:\/\/klubmamgdynia.pl\/index.php\/wp-json\/wp\/v2\/product"}],"about":[{"href":"http:\/\/klubmamgdynia.pl\/index.php\/wp-json\/wp\/v2\/types\/product"}],"replies":[{"embeddable":true,"href":"http:\/\/klubmamgdynia.pl\/index.php\/wp-json\/wp\/v2\/comments?post=5401"}],"wp:featuredmedia":[{"embeddable":true,"href":"http:\/\/klubmamgdynia.pl\/index.php\/wp-json\/wp\/v2\/media\/5402"}],"wp:attachment":[{"href":"http:\/\/klubmamgdynia.pl\/index.php\/wp-json\/wp\/v2\/media?parent=5401"}],"wp:term":[{"taxonomy":"product_cat","embeddable":true,"href":"http:\/\/klubmamgdynia.pl\/index.php\/wp-json\/wp\/v2\/product_cat?post=5401"},{"taxonomy":"product_tag","embeddable":true,"href":"http:\/\/klubmamgdynia.pl\/index.php\/wp-json\/wp\/v2\/product_tag?post=5401"}],"curies":[{"name":"wp","href":"https:\/\/api.w.org\/{rel}","templated":true}]}}