{"id":5405,"date":"2018-10-30T07:47:04","date_gmt":"2018-10-30T06:47:04","guid":{"rendered":"http:\/\/klubmamgdynia.pl\/index.php\/produkt\/paola-reina-hiszpanska-lalka-przegubowa-04852-cristi-articuladas\/"},"modified":"2026-04-05T23:58:25","modified_gmt":"2026-04-05T21:58:25","slug":"paola-reina-hiszpanska-lalka-przegubowa-04852-cristi-articuladas","status":"publish","type":"product","link":"http:\/\/klubmamgdynia.pl\/index.php\/produkt\/paola-reina-hiszpanska-lalka-przegubowa-04852-cristi-articuladas\/","title":{"rendered":"Paola Reina Hiszpa\u0144ska lalka przegubowa 04852 Cristi Articuladas"},"content":{"rendered":"<p>Paola Reina Lalka Hiszpa\u0144ska Ruchome Stawy 04852<\/p>\n<h2>Paola Reina Hiszpa\u0144ska lalka przegubowa 04852 Cristi Articuladas Paola Reina<\/h2>\n<p>mi\u0142osz imie, babciu droga babciu tekst, rado\u015b\u0107 dziecka cytaty, zagadki dla sze\u015bciolatk\u00f3w, co kupi\u0107 dziecku na roczek, piosenki dla dzieci o jesieni, ja\u015bmina imi\u0119, kolorowanki dla dziewczynek lol, quiz online, zagadki dla dzieci 6-7 lat, desery dla dzieci, test z lektury kajko i kokosz<\/p>\n<p>yyyyy<\/p>\n<p>&nbsp;<\/p>\n","protected":false},"excerpt":{"rendered":"<p>Paola Reina Lalka Hiszpa\u0144ska Ruchome Stawy 04852 Paola Reina Hiszpa\u0144ska lalka przegubowa 04852 Cristi Articuladas Paola Reina mi\u0142osz imie, babciu droga babciu tekst, rado\u015b\u0107 dziecka cytaty, zagadki dla sze\u015bciolatk\u00f3w, co kupi\u0107 dziecku na roczek, piosenki dla dzieci o jesieni, ja\u015bmina imi\u0119, kolorowanki dla dziewczynek lol, quiz online, zagadki dla dzieci 6-7 lat, desery dla dzieci, [&hellip;]<\/p>\n","protected":false},"featured_media":5406,"comment_status":"closed","ping_status":"open","template":"","meta":[],"product_cat":[65,1342],"product_tag":[843,698,615],"class_list":["post-5405","product","type-product","status-publish","has-post-thumbnail","hentry","product_cat-lalki","product_cat-paola-reina","product_tag-smieszne-zagadki-dla-dzieci","product_tag-zagadki-dla-przedszkolakow","product_tag-znane-misie-z-filmow-animowanych"],"_links":{"self":[{"href":"http:\/\/klubmamgdynia.pl\/index.php\/wp-json\/wp\/v2\/product\/5405","targetHints":{"allow":["GET"]}}],"collection":[{"href":"http:\/\/klubmamgdynia.pl\/index.php\/wp-json\/wp\/v2\/product"}],"about":[{"href":"http:\/\/klubmamgdynia.pl\/index.php\/wp-json\/wp\/v2\/types\/product"}],"replies":[{"embeddable":true,"href":"http:\/\/klubmamgdynia.pl\/index.php\/wp-json\/wp\/v2\/comments?post=5405"}],"wp:featuredmedia":[{"embeddable":true,"href":"http:\/\/klubmamgdynia.pl\/index.php\/wp-json\/wp\/v2\/media\/5406"}],"wp:attachment":[{"href":"http:\/\/klubmamgdynia.pl\/index.php\/wp-json\/wp\/v2\/media?parent=5405"}],"wp:term":[{"taxonomy":"product_cat","embeddable":true,"href":"http:\/\/klubmamgdynia.pl\/index.php\/wp-json\/wp\/v2\/product_cat?post=5405"},{"taxonomy":"product_tag","embeddable":true,"href":"http:\/\/klubmamgdynia.pl\/index.php\/wp-json\/wp\/v2\/product_tag?post=5405"}],"curies":[{"name":"wp","href":"https:\/\/api.w.org\/{rel}","templated":true}]}}