{"id":5407,"date":"2018-10-12T12:36:35","date_gmt":"2018-10-12T10:36:35","guid":{"rendered":"http:\/\/klubmamgdynia.pl\/index.php\/produkt\/gra-planszowa-sherlock-far-west-schusse-im-morgengrauen-wersja-niemiecka\/"},"modified":"2026-04-30T18:32:29","modified_gmt":"2026-04-30T16:32:29","slug":"gra-planszowa-sherlock-far-west-schusse-im-morgengrauen-wersja-niemiecka","status":"publish","type":"product","link":"http:\/\/klubmamgdynia.pl\/index.php\/produkt\/gra-planszowa-sherlock-far-west-schusse-im-morgengrauen-wersja-niemiecka\/","title":{"rendered":"Gra planszowa Sherlock Far West &#8211; Sch\u00fcsse im Morgengrauen (wersja niemiecka)"},"content":{"rendered":"<p>Nach dem Fund zweier Leichen bittet euch der Sheriff von Tornado Town um Hilfe, um herauszufinden, was passiert ist. Handelte es sich hierbei wirklich um einen fairen Kampf bei dem sich die beiden Duellanten gegenseitig get\u00f6tet haben? Folgt mit eurem Ermittlungsteam den Hinweisen und versucht diese und viele andere Fragen zu beantworten. Werdet ihr das R\u00e4tsel um das Duell im Morgengrauen l\u00f6sen?<\/p>\n<h2>Gra planszowa Sherlock Far West &#8211; Sch\u00fcsse im Morgengrauen (wersja niemiecka) <\/h2>\n<p>nauka zegara do druku pdf, j\u0119zyk polski dla dzieci z ukrainy, znane misie z bajek, co mo\u017cna zrobi\u0107 z rolek po papierze toaletowym, kolorowanki dla dziewczyn, atrakcje dla dzieci wroc\u0142aw i okolice, kolorowanki dla ch\u0142opc\u00f3w, bajka o poci\u0105gu do czytania, nowoczesna babcia wiersz, co mo\u017cna zrobi\u0107 z rolki papieru, a \u015bpij kochanie<\/p>\n<p>yyyyy<\/p>\n<p>&nbsp;<\/p>\n","protected":false},"excerpt":{"rendered":"<p>Nach dem Fund zweier Leichen bittet euch der Sheriff von Tornado Town um Hilfe, um herauszufinden, was passiert ist. Handelte es sich hierbei wirklich um einen fairen Kampf bei dem sich die beiden Duellanten gegenseitig get\u00f6tet haben? Folgt mit eurem Ermittlungsteam den Hinweisen und versucht diese und viele andere Fragen zu beantworten. Werdet ihr das [&hellip;]<\/p>\n","protected":false},"featured_media":5408,"comment_status":"closed","ping_status":"open","template":"","meta":[],"product_cat":[235],"product_tag":[740,870,711,579,647],"class_list":["post-5407","product","type-product","status-publish","has-post-thumbnail","hentry","product_cat-gry-planszowe","product_tag-fajne-prezenty-dla-nastolatkow","product_tag-prezent-dla-chlopca-na-roczek","product_tag-prezenty-dla-nastolatkow","product_tag-quiz-opowiesci-z-narnii-lew-czarownica-i-stara-szafa","product_tag-warszawa-z-dzieckiem"],"_links":{"self":[{"href":"http:\/\/klubmamgdynia.pl\/index.php\/wp-json\/wp\/v2\/product\/5407","targetHints":{"allow":["GET"]}}],"collection":[{"href":"http:\/\/klubmamgdynia.pl\/index.php\/wp-json\/wp\/v2\/product"}],"about":[{"href":"http:\/\/klubmamgdynia.pl\/index.php\/wp-json\/wp\/v2\/types\/product"}],"replies":[{"embeddable":true,"href":"http:\/\/klubmamgdynia.pl\/index.php\/wp-json\/wp\/v2\/comments?post=5407"}],"wp:featuredmedia":[{"embeddable":true,"href":"http:\/\/klubmamgdynia.pl\/index.php\/wp-json\/wp\/v2\/media\/5408"}],"wp:attachment":[{"href":"http:\/\/klubmamgdynia.pl\/index.php\/wp-json\/wp\/v2\/media?parent=5407"}],"wp:term":[{"taxonomy":"product_cat","embeddable":true,"href":"http:\/\/klubmamgdynia.pl\/index.php\/wp-json\/wp\/v2\/product_cat?post=5407"},{"taxonomy":"product_tag","embeddable":true,"href":"http:\/\/klubmamgdynia.pl\/index.php\/wp-json\/wp\/v2\/product_tag?post=5407"}],"curies":[{"name":"wp","href":"https:\/\/api.w.org\/{rel}","templated":true}]}}