{"id":5409,"date":"2024-05-25T05:35:23","date_gmt":"2024-05-25T03:35:23","guid":{"rendered":"http:\/\/klubmamgdynia.pl\/?post_type=product&#038;p=5409"},"modified":"2026-04-07T12:38:32","modified_gmt":"2026-04-07T10:38:32","slug":"nuk-szklana-butelka-first-choice-150ml","status":"publish","type":"product","link":"http:\/\/klubmamgdynia.pl\/index.php\/produkt\/nuk-szklana-butelka-first-choice-150ml\/","title":{"rendered":"Nuk Szklana Butelka First Choice+ 150Ml"},"content":{"rendered":"<p>Butelki First Choice+ wyposa\u017cone s\u0105 w smoczki First Choice+, kt\u00f3re s\u0105 zbli\u017cone do kszta\u0142tu brodawki sutkowej mamy w czasie karmienia. Dzi\u0119ki temu nie tylko wspieraj\u0105 zdrowy rozw\u00f3j jamy ustnej dziecka, lecz tak\u017ce s\u0105 akceptowane przez dzieci. Ich ulepszony odpowietrzacz zapewnia naturalny wyp\u0142yw pokarmu i zmniejsza ryzyko kolki.- wyj\u0105tkowo mi\u0119kki smoczek dostosowany do kszta\u0142tu jamy ustnej,- pomaga zapobiega\u0107 kolce &#8211; antykolkowy system odpowietrzania,- wygodna do nape\u0142niania i czyszczenia &#8211; szeroki otw\u00f3r butelki,- z silikonowym smoczkiem,- rozmiar 1, 0-6 miesi\u0119cy, M (do mleka modyfikowanego),- wykonana ze szk\u0142a,- pojemno\u015b\u0107 120ml.<\/p>\n<h2>Nuk Szklana Butelka First Choice+ 150Ml NUK<\/h2>\n<p>kajko i kokosz test z lektury, europa stolice quiz, zagadki \u015bmieszne, cytaty korczak, quizy ma\u0142y ksi\u0105\u017c\u0119, kira, mitologia grecka quiz, kr\u00f3tkie zagadki logiczne, kr\u00f3tkie bajki do czytania na dobranoc, kolorowanki do wydrukowania, kolorowanki do druku dla dziewczynek, adriana imie, zabawy na dworze dla 10 latk\u00f3w, kolorowanki do druku pieski, gwiazdka do druku, prezent na 1 urodziny dla dziewczynki, michalina, list do \u015bw miko\u0142aja &#8212; wz\u00f3r, w zieleni \u0142\u0105ka majowa tekst, krak\u00f3w atrakcje dla dzieci, lew czarownica i stara szafa test<\/p>\n<p>yyyyy<\/p>\n<p>&nbsp;<\/p>\n","protected":false},"excerpt":{"rendered":"<p>Butelki First Choice+ wyposa\u017cone s\u0105 w smoczki First Choice+, kt\u00f3re s\u0105 zbli\u017cone do kszta\u0142tu brodawki sutkowej mamy w czasie karmienia. Dzi\u0119ki temu nie tylko wspieraj\u0105 zdrowy rozw\u00f3j jamy ustnej dziecka, lecz tak\u017ce s\u0105 akceptowane przez dzieci. Ich ulepszony odpowietrzacz zapewnia naturalny wyp\u0142yw pokarmu i zmniejsza ryzyko kolki.- wyj\u0105tkowo mi\u0119kki smoczek dostosowany do kszta\u0142tu jamy ustnej,- [&hellip;]<\/p>\n","protected":false},"featured_media":5410,"comment_status":"closed","ping_status":"open","template":"","meta":[],"product_cat":[195,251],"product_tag":[863,755,596,757],"class_list":["post-5409","product","type-product","status-publish","has-post-thumbnail","hentry","product_cat-butelki","product_cat-nuk","product_tag-bajki-dla-dziewczynek","product_tag-henryk","product_tag-pomysly-na-prima-aprilis","product_tag-test-z-lektury-ania-z-zielonego-wzgorza-klasa-6-z-odpowiedziami"],"_links":{"self":[{"href":"http:\/\/klubmamgdynia.pl\/index.php\/wp-json\/wp\/v2\/product\/5409","targetHints":{"allow":["GET"]}}],"collection":[{"href":"http:\/\/klubmamgdynia.pl\/index.php\/wp-json\/wp\/v2\/product"}],"about":[{"href":"http:\/\/klubmamgdynia.pl\/index.php\/wp-json\/wp\/v2\/types\/product"}],"replies":[{"embeddable":true,"href":"http:\/\/klubmamgdynia.pl\/index.php\/wp-json\/wp\/v2\/comments?post=5409"}],"wp:featuredmedia":[{"embeddable":true,"href":"http:\/\/klubmamgdynia.pl\/index.php\/wp-json\/wp\/v2\/media\/5410"}],"wp:attachment":[{"href":"http:\/\/klubmamgdynia.pl\/index.php\/wp-json\/wp\/v2\/media?parent=5409"}],"wp:term":[{"taxonomy":"product_cat","embeddable":true,"href":"http:\/\/klubmamgdynia.pl\/index.php\/wp-json\/wp\/v2\/product_cat?post=5409"},{"taxonomy":"product_tag","embeddable":true,"href":"http:\/\/klubmamgdynia.pl\/index.php\/wp-json\/wp\/v2\/product_tag?post=5409"}],"curies":[{"name":"wp","href":"https:\/\/api.w.org\/{rel}","templated":true}]}}