{"id":541,"date":"2019-09-26T10:38:37","date_gmt":"2019-09-26T08:38:37","guid":{"rendered":"http:\/\/klubmamgdynia.pl\/index.php\/produkt\/carbo-medicinalis-vp-300mg-20-tabletek\/"},"modified":"2026-04-08T22:04:20","modified_gmt":"2026-04-08T20:04:20","slug":"carbo-medicinalis-vp-300mg-20-tabletek","status":"publish","type":"product","link":"http:\/\/klubmamgdynia.pl\/index.php\/produkt\/carbo-medicinalis-vp-300mg-20-tabletek\/","title":{"rendered":"Carbo medicinalis VP 300mg 20 tabletek"},"content":{"rendered":"<p>Dlaczego lek CARBO MEDICINALIS VP?                            <\/p>\n<p>CARBO MEDICINALIS VP to produkt leczniczy w postaci tabletki zawieraj\u0105cy w\u0119giel aktywowany stosowany w leczeniu:biegunekniestrawno\u015bciwzd\u0119\u0107zatru\u0107 niekt\u00f3rymi lekami i innymi zwi\u0105zkami chemicznymi.                            <\/p>\n<p>W\u0119giel aktywny jest najskuteczniejszym lekiem adsorbuj\u0105cym. Ma dobry profil bezpiecze\u0144stwa i w leczeniu zatru\u0107, pod kontrol\u0105 lekarza, mo\u017ce by\u0107 stosowany u dzieci &lt; 1. roku \u017cycia.CARBO MEDICINALIS VP zawiera\u00a0300 mg w\u0119gla w 1 tabletce \u2013 najwi\u0119ksz\u0105 dawk\u0119 dost\u0119pn\u0105 na rynku.                            <\/p>\n<p>Co wyr\u00f3\u017cnia lek CARBO MEDICINALIS VP?                            <\/p>\n<p>Skuteczne leczenieCARBO MEDICINALIS VP podlega kontroli jako\u015bci w\u0142a\u015bciwej dla lek\u00f3w i dawki substancji leczniczej s\u0105 \u015bci\u015ble okre\u015blone w badaniach klinicznych, co gwarantuje bezpieczne i skuteczne leczenie.                            <\/p>\n<p>Wielokierunkowe dzia\u0142anieW\u0119giel stosowany jest nie tylko w biegunce, ale tak\u017ce w niestrawno\u015bci i wzd\u0119ciach. Jeden produkt mo\u017ce by\u0107 stosowany w kilku r\u00f3\u017cnych wskazaniach.                            <\/p>\n<p>Wygoda stosowaniaDzi\u0119ki zastosowaniu du\u017cej dawki w\u0119gla w 1 tabletce przyjmuje si\u0119 mniejsz\u0105 ilo\u015b\u0107 tabletek, co jest wygodniejsze. Osoby maj\u0105ce problem z po\u0142ykaniem tabletek mog\u0105 je rozgry\u017a\u0107 lub rozkruszy\u0107.\u00a0                            <\/p>\n<p>Bezpieczne leczenieW\u0119giel aktywny to preparat skuteczny i o ugruntowanym profilu bezpiecze\u0144stwa, dzi\u0119ki czemu od lat cieszy si\u0119 zaufaniem pacjent\u00f3w i farmaceut\u00f3w.                            <\/p>\n<p>Dla kogo lek CARBO MEDICINALIS VP?                            <\/p>\n<p>Jak stosowa\u0107 lek CARBO MEDICINALIS VP?                            <\/p>\n<p>Jak wygodnie spo\u017cywa\u0107 zalecan\u0105 porcj\u0119 w\u0119gla?                            <\/p>\n<p>Tabletki z w\u0119glem aktywowanym mo\u017cna spo\u017cywa\u0107 w ca\u0142o\u015bci lub rozgryza\u0107. Mo\u017cna te\u017c je rozkruszy\u0107 i po wymieszaniu z wod\u0105 spo\u017cy\u0107 w postaci zawiesiny, przyspieszaj\u0105c w ten spos\u00f3b dzia\u0142anie w\u0119gla.                            <\/p>\n<p>Sprawd\u017a r\u00f3wnie\u017c\u00a0W\u0118GIEL LECZNICY VP 200 mg, 20 kapsu\u0142ek                            <\/p>\n<p>W\u0118GIEL LECZNICZY VPprodukt leczniczy w postaci kapsu\u0142ekzawieraj\u0105cy 200 mg w\u0119gla aktywnego.                            <\/p>\n<p>Szczeg\u00f3\u0142y produktu CARBO MEDICINALIS VP 300 mg, 20 tabletek                            <\/p>\n<p>Sk\u0142adCo zawiera Carbo medicinalis VP\u00a0Substancj\u0105 czynn\u0105 leku jest w\u0119giel aktywny. Jedna tabletka zawiera 300 mg w\u0119gla aktywnego.\u00a0Pozosta\u0142e sk\u0142adniki to: sacharoza, celuloza mikrokrystaliczna, \u017celatyna, karboksymetyloskrobia sodowa, glicerol, magnezu stearynian.Carbo medicinalis VP zawiera sacharoz\u0119\u00a0Ka\u017cda tabletka zawiera 253,5 mg sacharozy. Nale\u017cy to wzi\u0105\u0107 pod uwag\u0119 u pacjent\u00f3w z cukrzyc\u0105.Dawkowanie i spos\u00f3b podawaniaZalecana dawka leku Carbo medicinalis VP:Biegunki:Doro\u015bli i dzieci powy\u017cej 12 lat:Jednorazowo doustnie oko\u0142o 4,0 g (10 do 13 tabletek), najlepiej w postaci przygotowanej z rozkruszonych tabletek wodnej papki. Dawk\u0119 mo\u017cna powtarza\u0107 co kilka godzin, je\u015bli to konieczne.Niestrawno\u015b\u0107 i wzd\u0119cia:Doro\u015bli i dzieci powy\u017cej 12 lat:Doustnie, przeci\u0119tnie 3 do 4 tabletki kilka razy na dob\u0119, a\u017c do ust\u0105pienia objaw\u00f3w. Tabletki mo\u017cna po\u0142yka\u0107 w ca\u0142o\u015bci, jednak w celu uzyskania szybszego dzia\u0142ania zalecane jest ich rozgryzanie.Zatrucia lekami i zwi\u0105zkami chemicznymi:\u00a0Doro\u015bli oraz dzieci powy\u017cej 1 roku:Jednorazowa dawka doustna wynosi zwykle oko\u0142o 12,5 g (41 do 42 tabletek). W razie potrzeby mo\u017cna j\u0105 podawa\u0107 kilkukrotnie w ci\u0105gu doby.Dzieci poni\u017cej 1 roku:\u00a0Jednorazowa dawka doustna wynosi zwykle 1 g\/kg masy cia\u0142a. W razie potrzeby mo\u017cna j\u0105 powtarza\u0107 co 4-6 godzin.Osoby w wieku podesz\u0142ym, pacjenci z niewydolno\u015bci\u0105 nerek i w\u0105troby:Bez zmian dawkowania.                            <\/p>\n<p>OpakowanieCo zawiera Carbo medicinalis VP\u00a020 tabletek po 300 mg w\u0119gla aktywnego (Carbo activatus).PrzechowywaniePrzechowywa\u0107 w temperaturze poni\u017cej 25\u00baC.\u00a0Przechowywa\u0107 w oryginalnym opakowaniu.\u00a0Lek nale\u017cy przechowywa\u0107 w miejscu niewidocznym i niedost\u0119pnym dla dzieci.Nie stosowa\u0107 tego leku po up\u0142ywie terminu wa\u017cno\u015bci zamieszczonego na pude\u0142ku i blistrze po: EXP. Termin wa\u017cno\u015bci oznacza ostatni dzie\u0144 podanego miesi\u0105ca.\u00a0 \u00a0 \u00a0                            <\/p>\n<p>Inne informacjeKiedy nie stosowa\u0107 leku Carbo medicinalis VP\u00a0je\u015bli pacjent ma uczulenie na w\u0119giel aktywny lub kt\u00f3rykolwiek z pozosta\u0142ych sk\u0142adnik\u00f3w tego leku;je\u015bli pacjent jest nieprzytomny, a jednocze\u015bnie nie ma w odpowiedni spos\u00f3b zabezpieczonych dr\u00f3g oddechowych.Carbo medicinalis VP a inne lekiNale\u017cy powiedzie\u0107 lekarzowi o wszystkich lekach przyjmowanych przez pacjenta obecnie lub ostatnio, a tak\u017ce o lekach, kt\u00f3re pacjent planuje przyjmowa\u0107.W\u0119giel aktywny podany doustnie w r\u00f3\u017cnym stopniu hamuje wch\u0142anianie licznych, jednocze\u015bnie podanych lek\u00f3w.\u00a0W przypadku konieczno\u015bci podania innych lek\u00f3w doustnie, nale\u017cy je zastosowa\u0107 co najmniej 2 godziny przed lub po przyj\u0119ciu w\u0119gla aktywnego.Carbo medicinalis VP z jedzeniem i piciemLeku Carbo medicinalis VP nie nale\u017cy przyjmowa\u0107 podczas ani bezpo\u015brednio po posi\u0142kach, poniewa\u017c pokarm zmniejsza zdolno\u015b\u0107 adsorpcyjn\u0105 w\u0119gla aktywnego.\u00a0Ci\u0105\u017ca i karmienie piersi\u0105Przed zastosowaniem ka\u017cdego leku nale\u017cy poradzi\u0107 si\u0119 lekarza lub farmaceuty.Prowadzenie pojazd\u00f3w i obs\u0142ugiwanie maszynLek nie wp\u0142ywa na zdolno\u015b\u0107 prowadzenia pojazd\u00f3w i obs\u0142ugi maszyn.                            <\/p>\n<p>Podmiot odpowiedzialny\u00a0Bausch Health Ireland Limited3013 Lake DriveCitywest Business CampusDublin 24, D24PPT3, IrlandiaWytw\u00f3rcaICN Polfa Rzesz\u00f3w S.A.ul. Przemys\u0142owa 235-959 Rzesz\u00f3wInformacji o produkcie udziela:Bausch Health Poland sp. z o.o.ul. Przemys\u0142owa 235-959 Rzesz\u00f3wPrzed u\u017cyciem zapoznaj si\u0119 z ulotk\u0105, kt\u00f3ra zawiera wskazania, przeciwwskazania, dane dotycz\u0105ce dzia\u0142a\u0144 niepo\u017c\u0105danych i dawkowanie oraz informacje dotycz\u0105ce stosowania produktu leczniczego b\u0105d\u017a skonsultuj si\u0119 z lekarzem lub farmaceut\u0105, gdy\u017c ka\u017cdy lek niew\u0142a\u015bciwie stosowany zagra\u017ca Twojemu \u017cyciu lub zdrowiu.Car-PL-2007-202<\/p>\n<h2>Carbo medicinalis VP 300mg 20 tabletek Bausch Health Poland<\/h2>\n<p>motyl kolorowanka, mdk aleksandr\u00f3w \u0142\u00f3dzki, wiersze o wakacjach, zagadki o wio\u015bnie dla dzieci, kolorowanka lego ninjago, pan twardowski na ksi\u0119\u017cycu wiersz<\/p>\n<p>yyyyy<\/p>\n<p>&nbsp;<\/p>\n","protected":false},"excerpt":{"rendered":"<p>Dlaczego lek CARBO MEDICINALIS VP? CARBO MEDICINALIS VP to produkt leczniczy w postaci tabletki zawieraj\u0105cy w\u0119giel aktywowany stosowany w leczeniu:biegunekniestrawno\u015bciwzd\u0119\u0107zatru\u0107 niekt\u00f3rymi lekami i innymi zwi\u0105zkami chemicznymi. W\u0119giel aktywny jest najskuteczniejszym lekiem adsorbuj\u0105cym. Ma dobry profil bezpiecze\u0144stwa i w leczeniu zatru\u0107, pod kontrol\u0105 lekarza, mo\u017ce by\u0107 stosowany u dzieci &lt; 1. roku \u017cycia.CARBO MEDICINALIS VP zawiera\u00a0300 [&hellip;]<\/p>\n","protected":false},"featured_media":542,"comment_status":"closed","ping_status":"open","template":"","meta":[],"product_cat":[211,212],"product_tag":[662,776,727,826,806,741],"class_list":["post-541","product","type-product","status-publish","has-post-thumbnail","hentry","product_cat-bausch-health-poland","product_cat-uklad-pokarmowy","product_tag-bajki-na-dobranoc","product_tag-dobrej-nocy","product_tag-godlo-polski-do-druku","product_tag-prezent-dla-15-latka","product_tag-prezent-dla-dziecka-na-roczek","product_tag-wlochy"],"_links":{"self":[{"href":"http:\/\/klubmamgdynia.pl\/index.php\/wp-json\/wp\/v2\/product\/541","targetHints":{"allow":["GET"]}}],"collection":[{"href":"http:\/\/klubmamgdynia.pl\/index.php\/wp-json\/wp\/v2\/product"}],"about":[{"href":"http:\/\/klubmamgdynia.pl\/index.php\/wp-json\/wp\/v2\/types\/product"}],"replies":[{"embeddable":true,"href":"http:\/\/klubmamgdynia.pl\/index.php\/wp-json\/wp\/v2\/comments?post=541"}],"wp:featuredmedia":[{"embeddable":true,"href":"http:\/\/klubmamgdynia.pl\/index.php\/wp-json\/wp\/v2\/media\/542"}],"wp:attachment":[{"href":"http:\/\/klubmamgdynia.pl\/index.php\/wp-json\/wp\/v2\/media?parent=541"}],"wp:term":[{"taxonomy":"product_cat","embeddable":true,"href":"http:\/\/klubmamgdynia.pl\/index.php\/wp-json\/wp\/v2\/product_cat?post=541"},{"taxonomy":"product_tag","embeddable":true,"href":"http:\/\/klubmamgdynia.pl\/index.php\/wp-json\/wp\/v2\/product_tag?post=541"}],"curies":[{"name":"wp","href":"https:\/\/api.w.org\/{rel}","templated":true}]}}