{"id":5411,"date":"2019-04-22T05:05:42","date_gmt":"2019-04-22T03:05:42","guid":{"rendered":"http:\/\/klubmamgdynia.pl\/index.php\/produkt\/philips-promiennik-podczerwieni-ir100r-par38-czerwona-871150060052315\/"},"modified":"2026-05-17T21:59:48","modified_gmt":"2026-05-17T19:59:48","slug":"philips-promiennik-podczerwieni-ir100r-par38-czerwona-871150060052315","status":"publish","type":"product","link":"http:\/\/klubmamgdynia.pl\/index.php\/produkt\/philips-promiennik-podczerwieni-ir100r-par38-czerwona-871150060052315\/","title":{"rendered":"Philips Promiennik Podczerwieni IR100R Par38 Czerwona 871150060052315"},"content":{"rendered":"<p>Promiennik IR Philips 100WPromienniki podczerwieni firmy Philips do zastosowa\u0144zdrowotnych i piel\u0119gnacyjnych s\u0105 przeznaczone do leczeniag\u0142\u0119boko ulokowanych \u017ar\u00f3de\u0142 b\u00f3lu mi\u0119\u015bni oraz uraz\u00f3wsportowych. Te reflektory \u017carowe doskonale sprawdzaj\u0105 si\u0119jako lokalne \u017ar\u00f3d\u0142a ciep\u0142a do leczenia dolegliwo\u015bcimi\u0119\u015bniowych. Mog\u0105 r\u00f3wnie\u017c s\u0142u\u017cy\u0107 do usuwania b\u00f3l\u00f3wreumatycznych. Dowiedziono, \u017ce ta forma terapiiprzyspiesza tak\u017ce leczenie r\u00f3\u017cnego rodzaju uraz\u00f3w, takichjak kontuzje sportowe czy rany wolne od infekcji. Cz\u0119stoprzynosz\u0105 bardzo szybk\u0105 i skuteczn\u0105 ulg\u0119. Metoda ta polegana lokalnej poprawie kr\u0105\u017cenia krwi w sk\u00f3rze w wynikurozszerzania si\u0119 naczy\u0144. Skutkiem reakcji organizmu jestprzyspieszenie transportu metabolit\u00f3w i innych kluczowychzwi\u0105zk\u00f3w biochemicznych. Dodatkowe korzy\u015bci polegaj\u0105 nag\u0142\u0119bszym wnikaniu fal w cia\u0142o, co powoduje wra\u017cenieprzyjemnego rozlewania si\u0119 ciep\u0142a.General InformationTrzonekE27 [ E27]Pozycja roboczaH45 [ h45]G\u0142\u00f3wne zastosowaniepodczerwie\u0144 przemys\u0142owa Trwa\u0142o\u015b\u0107 nominalna (Nom)5000 h Light TechnicalOznaczenie koloruR Operating and ElectricalPower (Rated) (Nom)100 W Voltage (Nom)230 V Controls and DimmingFunkcja \u015bciemnianiatak Mechanical and HousingWyko\u0144czenie \u017car\u00f3wkiczerwona Materia\u0142 \u017car\u00f3wkitwarde szk\u0142o Product DataPe\u0142ny kod produktu871150060052315 Nazwa produktu na zam\u00f3wieniuPAR38 IR 100W E27 230V Red 1CT\/12 EAN\/UPC &#8211; Produkt8711500600523 Kod zam\u00f3wienia60052315 Numerator &#8211; Liczba sztuk w opakowaniu paczce1 Numerator \u2013 Liczba paczek w opakowaniu zewn\u0119trznym12 Materia\u0142 Nr (12NC)923801144209 Waga netto (szt.)308.000 g &#8230;<\/p>\n<h2>Philips Promiennik Podczerwieni IR100R Par38 Czerwona 871150060052315 Philips<\/h2>\n<p>kaligrafia nauka pisania wyraz\u00f3w dla dzieci do druku pdf, zagadki s\u0142owne, test z lektury dzieci z bullerbyn, mira imie, pi\u0119kne cytaty o nauczycielach, kolorowanki pokemon, sentencje o dzieciach, kolorowanki dla dziewczynek lol, zagadki dla dzieci 7 lat, wierszyki o marzannie, kolorowanki super zings, zabawy na bal karnawa\u0142owy w przedszkolu<\/p>\n<p>yyyyy<\/p>\n<p>&nbsp;<\/p>\n","protected":false},"excerpt":{"rendered":"<p>Promiennik IR Philips 100WPromienniki podczerwieni firmy Philips do zastosowa\u0144zdrowotnych i piel\u0119gnacyjnych s\u0105 przeznaczone do leczeniag\u0142\u0119boko ulokowanych \u017ar\u00f3de\u0142 b\u00f3lu mi\u0119\u015bni oraz uraz\u00f3wsportowych. Te reflektory \u017carowe doskonale sprawdzaj\u0105 si\u0119jako lokalne \u017ar\u00f3d\u0142a ciep\u0142a do leczenia dolegliwo\u015bcimi\u0119\u015bniowych. Mog\u0105 r\u00f3wnie\u017c s\u0142u\u017cy\u0107 do usuwania b\u00f3l\u00f3wreumatycznych. Dowiedziono, \u017ce ta forma terapiiprzyspiesza tak\u017ce leczenie r\u00f3\u017cnego rodzaju uraz\u00f3w, takichjak kontuzje sportowe czy rany wolne [&hellip;]<\/p>\n","protected":false},"featured_media":5412,"comment_status":"closed","ping_status":"open","template":"","meta":[],"product_cat":[261,1343],"product_tag":[716,852,707,613,599,849],"class_list":["post-5411","product","type-product","status-publish","has-post-thumbnail","hentry","product_cat-philips","product_cat-zarowki-i-swietlowki","product_tag-filmy-animowane-o-swietach","product_tag-jak-zrobic-samolot-z-papieru","product_tag-karty-pracy-dla-dzieci-z-ukrainy","product_tag-na-wyspach-bergamutach","product_tag-prezent-dla-nastolatkow-2021","product_tag-zagadki-matematyczne-dla-dzieci"],"_links":{"self":[{"href":"http:\/\/klubmamgdynia.pl\/index.php\/wp-json\/wp\/v2\/product\/5411","targetHints":{"allow":["GET"]}}],"collection":[{"href":"http:\/\/klubmamgdynia.pl\/index.php\/wp-json\/wp\/v2\/product"}],"about":[{"href":"http:\/\/klubmamgdynia.pl\/index.php\/wp-json\/wp\/v2\/types\/product"}],"replies":[{"embeddable":true,"href":"http:\/\/klubmamgdynia.pl\/index.php\/wp-json\/wp\/v2\/comments?post=5411"}],"wp:featuredmedia":[{"embeddable":true,"href":"http:\/\/klubmamgdynia.pl\/index.php\/wp-json\/wp\/v2\/media\/5412"}],"wp:attachment":[{"href":"http:\/\/klubmamgdynia.pl\/index.php\/wp-json\/wp\/v2\/media?parent=5411"}],"wp:term":[{"taxonomy":"product_cat","embeddable":true,"href":"http:\/\/klubmamgdynia.pl\/index.php\/wp-json\/wp\/v2\/product_cat?post=5411"},{"taxonomy":"product_tag","embeddable":true,"href":"http:\/\/klubmamgdynia.pl\/index.php\/wp-json\/wp\/v2\/product_tag?post=5411"}],"curies":[{"name":"wp","href":"https:\/\/api.w.org\/{rel}","templated":true}]}}