{"id":5413,"date":"2019-06-11T06:00:06","date_gmt":"2019-06-11T04:00:06","guid":{"rendered":"http:\/\/klubmamgdynia.pl\/index.php\/produkt\/ses-creative-koraliki-1000-szt-brazowe-00705\/"},"modified":"2026-04-20T10:38:15","modified_gmt":"2026-04-20T08:38:15","slug":"ses-creative-koraliki-1000-szt-brazowe-00705","status":"publish","type":"product","link":"http:\/\/klubmamgdynia.pl\/index.php\/produkt\/ses-creative-koraliki-1000-szt-brazowe-00705\/","title":{"rendered":"Ses Creative Koraliki 1000 Szt. (Br\u0105zowe) 00705"},"content":{"rendered":"<p>B\u0105d\u017a kreatywny z SES Creative, i spr\u00f3buj nowych mo\u017cliwo\u015bci! Zestaw wysokiej jako\u015bci koralik\u00f3w zapewnia du\u017c\u0105 aktywno\u015b\u0107 dla dzieci, kt\u00f3ra pomaga rozwija\u0107 zdolno\u015bci manualne, uczy koordynacji i umiej\u0119tno\u015bci motorycznych. Po umieszczeniu koralik\u00f3w na specjalnym szablonie (brak w zestawie), nale\u017cy przeprasowa\u0107 koraliki przez pergamin aby z\u0142\u0105czy\u0142y si\u0119 ze sob\u0105 na sta\u0142e, tworz\u0105c trwa\u0142y obrazek \u2013 koralikow\u0105 mozaik\u0119. SES jest specjalist\u0105 w produkcji zabawek kreatywnych od ponad 40 lat. Rozw\u00f3j dziecka jest centralnym poj\u0119ciem w rozwoju produkt\u00f3w SES. Rozw\u00f3j, kreatywno\u015b\u0107, bezpiecze\u0144stwo i jako\u015b\u0107 s\u0105 najwa\u017cniejszym aspektem wszystkich produkt\u00f3w! Produkty SES s\u0105 niezb\u0119dne do r\u00f3\u017cnych etap\u00f3w rozwoju ka\u017cdego dziecka. Zestaw zawiera 1000 szt. koralik\u00f3w. Zestaw odpowiedni dla dzieci w wieku 5+. Wyprodukowano w Holandii.<\/p>\n<h2>Ses Creative Koraliki 1000 Szt. (Br\u0105zowe) 00705 Ses<\/h2>\n<p>opisy o rodzinie, urodziny dziecka pomys\u0142y, smok wawelski bajka, malowane kamienie, zagadki logiczne trudne, prezenty dla 15 latki, ch\u0142opcy z placu broni &#8211; test z odpowiedziami, marianna imi\u0119, Keyword, kolorowanki wakacyjne, znaczenie imienia julian<\/p>\n<p>yyyyy<\/p>\n<p>&nbsp;<\/p>\n","protected":false},"excerpt":{"rendered":"<p>B\u0105d\u017a kreatywny z SES Creative, i spr\u00f3buj nowych mo\u017cliwo\u015bci! Zestaw wysokiej jako\u015bci koralik\u00f3w zapewnia du\u017c\u0105 aktywno\u015b\u0107 dla dzieci, kt\u00f3ra pomaga rozwija\u0107 zdolno\u015bci manualne, uczy koordynacji i umiej\u0119tno\u015bci motorycznych. Po umieszczeniu koralik\u00f3w na specjalnym szablonie (brak w zestawie), nale\u017cy przeprasowa\u0107 koraliki przez pergamin aby z\u0142\u0105czy\u0142y si\u0119 ze sob\u0105 na sta\u0142e, tworz\u0105c trwa\u0142y obrazek \u2013 koralikow\u0105 mozaik\u0119. [&hellip;]<\/p>\n","protected":false},"featured_media":5414,"comment_status":"closed","ping_status":"open","template":"","meta":[],"product_cat":[357,21],"product_tag":[772,668,593,807,743],"class_list":["post-5413","product","type-product","status-publish","has-post-thumbnail","hentry","product_cat-ses","product_cat-zabawki-plastyczne","product_tag-45-panstw-europy-i-ich-stolice-quiz","product_tag-atrakcje-dla-dzieci-wroclaw","product_tag-jak-narysowac-konia","product_tag-logiczne-zagadki","product_tag-quiz-dla-dzieci"],"_links":{"self":[{"href":"http:\/\/klubmamgdynia.pl\/index.php\/wp-json\/wp\/v2\/product\/5413","targetHints":{"allow":["GET"]}}],"collection":[{"href":"http:\/\/klubmamgdynia.pl\/index.php\/wp-json\/wp\/v2\/product"}],"about":[{"href":"http:\/\/klubmamgdynia.pl\/index.php\/wp-json\/wp\/v2\/types\/product"}],"replies":[{"embeddable":true,"href":"http:\/\/klubmamgdynia.pl\/index.php\/wp-json\/wp\/v2\/comments?post=5413"}],"wp:featuredmedia":[{"embeddable":true,"href":"http:\/\/klubmamgdynia.pl\/index.php\/wp-json\/wp\/v2\/media\/5414"}],"wp:attachment":[{"href":"http:\/\/klubmamgdynia.pl\/index.php\/wp-json\/wp\/v2\/media?parent=5413"}],"wp:term":[{"taxonomy":"product_cat","embeddable":true,"href":"http:\/\/klubmamgdynia.pl\/index.php\/wp-json\/wp\/v2\/product_cat?post=5413"},{"taxonomy":"product_tag","embeddable":true,"href":"http:\/\/klubmamgdynia.pl\/index.php\/wp-json\/wp\/v2\/product_tag?post=5413"}],"curies":[{"name":"wp","href":"https:\/\/api.w.org\/{rel}","templated":true}]}}