{"id":5415,"date":"2011-05-06T22:43:40","date_gmt":"2011-05-06T20:43:40","guid":{"rendered":"http:\/\/klubmamgdynia.pl\/index.php\/produkt\/h7-vision-12v-55w-px26d-2-sztuki\/"},"modified":"2026-04-30T13:26:23","modified_gmt":"2026-04-30T11:26:23","slug":"h7-vision-12v-55w-px26d-2-sztuki","status":"publish","type":"product","link":"http:\/\/klubmamgdynia.pl\/index.php\/produkt\/h7-vision-12v-55w-px26d-2-sztuki\/","title":{"rendered":"H7 Vision 12V 55W PX26d &#8211; 2 sztuki"},"content":{"rendered":"<p>H7 Vision 12V 55W PX26d &#8211; 2 sztukiCzuj si\u0119 bezpiecznie \u2014 prowad\u017a bezpiecznie\u017bar\u00f3wki samochodowe Vision emituj\u0105 o 30% wi\u0119cej \u015bwiat\u0142a w por\u00f3wnaniu ze standardow\u0105 \u017car\u00f3wk\u0105, zapewniaj\u0105c doskona\u0142\u0105 wydajno\u015b\u0107 wi\u0105zki \u015bwiat\u0142a w bardzo konkurencyjnej cenie w stosunku do jako\u015bci oryginalnego wyposa\u017cenia, co pozwala zwi\u0119kszy\u0107 bezpiecze\u0144stwo i wygod\u0119.\u017bar\u00f3wki Vision emituj\u0105 \u015bwiat\u0142o na odleg\u0142o\u015b\u0107 d\u0142u\u017csz\u0105 o 10 m ni\u017c \u017car\u00f3wki standardoweNasze rozwi\u0105zania o\u015bwietleniowe generuj\u0105 pot\u0119\u017cn\u0105 i precyzyjn\u0105 wi\u0105zk\u0119 \u015bwiat\u0142a o maksymalnej mocy. Oferujemy wy\u0142\u0105cznie najlepsze i najwydajniejsze rozwi\u0105zania o\u015bwietleniowe, poniewa\u017c wiemy, \u017ce nasze o\u015bwietlenie o wysokiej jako\u015bci mo\u017ce pewnego dnia ocali\u0107 komu\u015b \u017cycie na drodze.Bezpiecze\u0144stwo na drodze zale\u017cy w g\u0142\u00f3wnej mierze od widoczno\u015bci Twojej i innychO\u015bwietlenie jest niezb\u0119dne do bezpiecznego prowadzenia pojazdu, a zarazem stanowi podstawowy i jedyny element uk\u0142adu bezpiecze\u0144stwa, kt\u00f3ry naprawd\u0119 pomaga zapobiega\u0107 wypadkom. W celu zapobiegania wypadkom, firma Philips promuje aktywne bezpiecze\u0144stwo poprzez zapewnienie zwi\u0119kszonej, og\u00f3lnej widoczno\u015bci oraz lepsze o\u015bwietlenie drogi.Produkty marki Philips s\u0105 wybierane przez wszystkich najwa\u017cniejszych producent\u00f3w samochod\u00f3wOd 100 lat firma Philips jest liderem w bran\u017cy o\u015bwietlenia samochodowego, wprowadzaj\u0105c innowacje technologiczne, kt\u00f3re staj\u0105 si\u0119 standardami w nowoczesnych pojazdach. Obecnie w o\u015bwietlenie firmy Philips jest wyposa\u017cony co drugi samoch\u00f3d w Europie oraz co trzeci samoch\u00f3d na ca\u0142ym \u015bwiecie.W celu zwi\u0119kszenia bezpiecze\u0144stwa \u017car\u00f3wki nale\u017cy wymienia\u0107 paramiZaleca si\u0119 wymian\u0119 parami w celu uzyskania symetrycznej wydajno\u015bci \u015bwietlnejSzeroka gama \u017car\u00f3wek 12 V do wszystkich zastosowa\u0144Kt\u00f3ra \u017car\u00f3wka 12 V jest odpowiednia do danego zastosowania? W ofercie firmy Philips znajduj\u0105 si\u0119 \u017car\u00f3wki do wszystkich typ\u00f3w o\u015bwietlenia pojazdu, takich jak: \u015bwiat\u0142a drogowe, \u015bwiat\u0142a mijania, przednie \u015bwiat\u0142a przeciwmgielne, kierunkowskazy przednie, kierunkowskazy boczne, kierunkowskazy tylne, \u015bwiat\u0142a stopu, \u015bwiat\u0142a cofania, tylne \u015bwiat\u0142a przeciwmgielne, o\u015bwietlenie tablicy rejestracyjnej, tylne \u015bwiat\u0142a pozycyjne\/postojowe, o\u015bwietlenie wn\u0119trza.\u017bar\u00f3wki samochodowe firmy Philips s\u0105 wykonane z wysokiej jako\u015bci szk\u0142a kwarcowegoSzk\u0142o kwarcowe odporne na dzia\u0142anie promieni UV jest wytrzymalsze ni\u017c szk\u0142o twarde i charakteryzuje si\u0119 wysok\u0105 odporno\u015bci\u0105 na wysokie temperatury i drgania, co eliminuje ryzyko eksplozji. \u017bar\u00f3wki firmy Philips ze szk\u0142a kwarcowego (o temperaturze \u017carnika 2650oC i temperaturze szk\u0142a 800oC) s\u0105 w stanie znie\u015b\u0107 znaczne skoki temperatury. Mo\u017cliwo\u015b\u0107 uzyskania zwi\u0119kszonego ci\u015bnienia w \u017car\u00f3wce sprawia, \u017ce szk\u0142o kwarcowe odporne na dzia\u0142anie promieni UV emituje mocniejsze \u015bwiat\u0142o.\u017bar\u00f3wki samochodowe firmy Philips cechuj\u0105 si\u0119 du\u017c\u0105 odporno\u015bci\u0105 na wilgo\u0107Jedynie \u017car\u00f3wka wykonana ze szk\u0142a kwarcowego (o temperaturze \u017carnika 2650\u00b0C i temperaturze szk\u0142a 800\u00b0C) jest odporna na nag\u0142e zmiany temperatury, kt\u00f3re mog\u0105 wyst\u0105pi\u0107, je\u015bli kropla zimnej wody dotknie rozgrzanej \u017car\u00f3wki, gdy samoch\u00f3d z uszkodzonym reflektorem przejedzie przez ka\u0142u\u017c\u0119.Wielokrotnie nagradzany producent \u017car\u00f3wek samochodowychNasze \u017car\u00f3wki s\u0105 cz\u0119sto nagradzane przez ekspert\u00f3w motoryzacyjnych.\u017bar\u00f3wki samochodowe firmy Philips maj\u0105 wysok\u0105 odporno\u015b\u0107 na dzia\u0142anie promieni UVOpracowana przez firm\u0119 Philips specjalna pow\u0142oka chroni\u0105ca przed promieniowaniem UV zabezpiecza przed szkodliwym dzia\u0142aniem promieni ultrafioletowych, dzi\u0119ki czemu szk\u0142o kwarcowe znakomicie sprawdza si\u0119 w trudnych warunkach drogowych i staje si\u0119 wyj\u0105tkowo trwa\u0142e.Zgodno\u015b\u0107 z wysokimi standardami jako\u015bciowymi homologacji ECEFirma Philips Automotive niezmiennie oferuje najlepsze w swojej klasie produkty i us\u0142ugi na rynku producent\u00f3w oryginalnego wyposa\u017cenia, a tak\u017ce na rynku wt\u00f3rnym. Nasze produkty s\u0105 wytwarzane z materia\u0142\u00f3w o wysokiej jako\u015bci i testowane zgodnie z najbardziej rygorystycznymi specyfikacjami, aby zmaksymalizowa\u0107 poziom bezpiecze\u0144stwa i wygod\u0119 naszych klient\u00f3w. Ca\u0142a nasza produkcja jest skrupulatnie testowana, kontrolowana i certyfikowana (ISO 9001, ISO 14001 i QSO 9000) zgodnie z najwy\u017cszymi wymaganiami norm ECE.Specyfikacja technicznaDane opakowaniaEAN18727900374322EAN38727900374346Rodzaj opakowaniaC2W\u0142a\u015bciwo\u015bci \u015bwiat\u0142aLumeny1500 lmInformacje o opakowaniu zewn\u0119trznymWaga brutto na sztuk\u01191,86 gWysoko\u015b\u010718,5 cmD\u0142ugo\u015b\u010739,5 cmWaga netto na sztuk\u01191,18 gSzeroko\u015b\u01073,5 cmInformacje o zapakowanym produkcieWysoko\u015b\u01076,5 cmD\u0142ugo\u015b\u01077 cmIlo\u015b\u0107 w opakowaniu \/ minimalna ilo\u015b\u0107 zam\u00f3wienia2Szeroko\u015b\u01073,5 cmInformacje marketingoweSpodziewane zaletyWi\u0119cej \u015bwiat\u0142aNajwa\u017cniejsza cecha produktuO 30% wi\u0119cej \u015bwiat\u0142aCharakterystyka elektrycznaNapi\u0119cie12 VMoc55 WCzas eksploatacjiTrwa\u0142o\u015b\u0107550 godz.Informacje dotycz\u0105ce zam\u00f3wie\u0144Wpis zam\u00f3wienia12972PRC2Kod zam\u00f3wienia37432260Opis produktuTypH7Zastosowanie\u015awiat\u0142a drogowePrzednie \u015bwiat\u0142a przeciwmgielne\u015awiat\u0142a kr\u00f3tkieOznaczenieH7 12972 PR 12 V 55 W PX26dHomologacja ECETAKSeriaVisionTechnologiaHalogenPodstawaPX26d<\/p>\n<h2>H7 Vision 12V 55W PX26d &#8211; 2 sztuki Philips<\/h2>\n<p>piosenka kiedy babcia by\u0142a ma\u0142a tekst, karty pracy dla dzieci z ukrainy do druku, smieszne zagadki, zdania do pisania dla dzieci do wydruku, wiersz na dobranoc dla dzieci, p\u0142atki \u015bniegu szablon, pawe\u0142, najrzadsze imiona dla dziewczynek, m\u00f3j przyjaciel mi\u015b scenariusz zaj\u0119\u0107 w przedszkolu, roczek prezent, halloween 2021 dla dzieci, spiderman do druku, gry planszowe dla nastolatk\u00f3w<\/p>\n<p>yyyyy<\/p>\n<p>&nbsp;<\/p>\n","protected":false},"excerpt":{"rendered":"<p>H7 Vision 12V 55W PX26d &#8211; 2 sztukiCzuj si\u0119 bezpiecznie \u2014 prowad\u017a bezpiecznie\u017bar\u00f3wki samochodowe Vision emituj\u0105 o 30% wi\u0119cej \u015bwiat\u0142a w por\u00f3wnaniu ze standardow\u0105 \u017car\u00f3wk\u0105, zapewniaj\u0105c doskona\u0142\u0105 wydajno\u015b\u0107 wi\u0105zki \u015bwiat\u0142a w bardzo konkurencyjnej cenie w stosunku do jako\u015bci oryginalnego wyposa\u017cenia, co pozwala zwi\u0119kszy\u0107 bezpiecze\u0144stwo i wygod\u0119.\u017bar\u00f3wki Vision emituj\u0105 \u015bwiat\u0142o na odleg\u0142o\u015b\u0107 d\u0142u\u017csz\u0105 o 10 m [&hellip;]<\/p>\n","protected":false},"featured_media":5416,"comment_status":"closed","ping_status":"open","template":"","meta":[],"product_cat":[261,875],"product_tag":[802,770,661,736,592,733],"class_list":["post-5415","product","type-product","status-publish","has-post-thumbnail","hentry","product_cat-philips","product_cat-zarowki-samochodowe","product_tag-co-kupic-dziewczynce-na-roczek","product_tag-samolot-z-papieru","product_tag-swinka-peppa-kolorowanka","product_tag-zabawki-na-roczek","product_tag-zagadki-dla-dzieci","product_tag-zarty-na-prima-aprilis"],"_links":{"self":[{"href":"http:\/\/klubmamgdynia.pl\/index.php\/wp-json\/wp\/v2\/product\/5415","targetHints":{"allow":["GET"]}}],"collection":[{"href":"http:\/\/klubmamgdynia.pl\/index.php\/wp-json\/wp\/v2\/product"}],"about":[{"href":"http:\/\/klubmamgdynia.pl\/index.php\/wp-json\/wp\/v2\/types\/product"}],"replies":[{"embeddable":true,"href":"http:\/\/klubmamgdynia.pl\/index.php\/wp-json\/wp\/v2\/comments?post=5415"}],"wp:featuredmedia":[{"embeddable":true,"href":"http:\/\/klubmamgdynia.pl\/index.php\/wp-json\/wp\/v2\/media\/5416"}],"wp:attachment":[{"href":"http:\/\/klubmamgdynia.pl\/index.php\/wp-json\/wp\/v2\/media?parent=5415"}],"wp:term":[{"taxonomy":"product_cat","embeddable":true,"href":"http:\/\/klubmamgdynia.pl\/index.php\/wp-json\/wp\/v2\/product_cat?post=5415"},{"taxonomy":"product_tag","embeddable":true,"href":"http:\/\/klubmamgdynia.pl\/index.php\/wp-json\/wp\/v2\/product_tag?post=5415"}],"curies":[{"name":"wp","href":"https:\/\/api.w.org\/{rel}","templated":true}]}}