{"id":5417,"date":"2012-06-06T14:34:05","date_gmt":"2012-06-06T12:34:05","guid":{"rendered":"http:\/\/klubmamgdynia.pl\/index.php\/produkt\/woopie-ciezarowka-dinozaur-z-wyrzutnia-i-samochodzikami\/"},"modified":"2026-04-16T16:55:06","modified_gmt":"2026-04-16T14:55:06","slug":"woopie-ciezarowka-dinozaur-z-wyrzutnia-i-samochodzikami","status":"publish","type":"product","link":"http:\/\/klubmamgdynia.pl\/index.php\/produkt\/woopie-ciezarowka-dinozaur-z-wyrzutnia-i-samochodzikami\/","title":{"rendered":"Woopie Ci\u0119zar\u00f3wka Dinozaur Z Wyrzutni\u0105 I Samochodzikami"},"content":{"rendered":"<p>Ci\u0119\u017car\u00f3wka w kszta\u0142cie dinozaura marki Woopie to \u015bwietny pomys\u0142 dla dzieci. Poprzez zabaw\u0119 dziecko zag\u0142\u0119bia si\u0119 w \u015bwiat ery dinozaur\u00f3w. Bardzo realistycznie wykonane pojazdy z dba\u0142o\u015bci\u0105 o ka\u017cdy szczeg\u00f3\u0142. W \u015brodku du\u017cej ci\u0119\u017car\u00f3wki mamy 3 mniejsze pojazdy-dinozaury na k\u00f3\u0142kach. Do ca\u0142o\u015bci zestawu do\u0142\u0105czona jest wyrzutnia kt\u00f3ra pozwala jeszcze bardziej urozmaici\u0107 zabaw\u0119. Umie\u015b\u0107KliknijWyskocz! \u015awietna opcja zabawy z przyjaci\u00f3\u0142mi b\u0105d\u017a samemu.Charakterystyka:- zabawka od 3 roku \u017cycia- w zestawie 3 samochodziki-dinozaury oraz wyrzutnia- prosta w u\u017cyciu- &#8222;na raz&#8221; mo\u017cna wystrzeli\u0107 tylko jeden pojazd- opakowanie idealne na prezent- dopracowane w najmniejszych szczeg\u00f3\u0142ach- rogi du\u017cej ci\u0119\u017car\u00f3wki s\u0105 zrobione z gumy<\/p>\n<h2>Woopie Ci\u0119zar\u00f3wka Dinozaur Z Wyrzutni\u0105 I Samochodzikami Woopie<\/h2>\n<p>jakie prezenty na roczek, prezent dla 15 latki, quiz o minecraft, cytaty o przyja\u017ani, kubu\u015b puchatek cytaty, pokemon kolorowanki, miasto dzieci pl, test miko\u0142ajek 25 pyta\u0144<\/p>\n<p>yyyyy<\/p>\n<p>&nbsp;<\/p>\n","protected":false},"excerpt":{"rendered":"<p>Ci\u0119\u017car\u00f3wka w kszta\u0142cie dinozaura marki Woopie to \u015bwietny pomys\u0142 dla dzieci. Poprzez zabaw\u0119 dziecko zag\u0142\u0119bia si\u0119 w \u015bwiat ery dinozaur\u00f3w. Bardzo realistycznie wykonane pojazdy z dba\u0142o\u015bci\u0105 o ka\u017cdy szczeg\u00f3\u0142. W \u015brodku du\u017cej ci\u0119\u017car\u00f3wki mamy 3 mniejsze pojazdy-dinozaury na k\u00f3\u0142kach. Do ca\u0142o\u015bci zestawu do\u0142\u0105czona jest wyrzutnia kt\u00f3ra pozwala jeszcze bardziej urozmaici\u0107 zabaw\u0119. Umie\u015b\u0107KliknijWyskocz! \u015awietna opcja zabawy [&hellip;]<\/p>\n","protected":false},"featured_media":5418,"comment_status":"closed","ping_status":"open","template":"","meta":[],"product_cat":[83,177],"product_tag":[598,748,684],"class_list":["post-5417","product","type-product","status-publish","has-post-thumbnail","hentry","product_cat-auta-i-inne-pojazdy-do-zabawy","product_cat-woopie","product_tag-co-na-roczek-dla-dziewczynki","product_tag-okolice-wroclawia-atrakcje","product_tag-prezent-dla-dziewczynki-na-roczek"],"_links":{"self":[{"href":"http:\/\/klubmamgdynia.pl\/index.php\/wp-json\/wp\/v2\/product\/5417","targetHints":{"allow":["GET"]}}],"collection":[{"href":"http:\/\/klubmamgdynia.pl\/index.php\/wp-json\/wp\/v2\/product"}],"about":[{"href":"http:\/\/klubmamgdynia.pl\/index.php\/wp-json\/wp\/v2\/types\/product"}],"replies":[{"embeddable":true,"href":"http:\/\/klubmamgdynia.pl\/index.php\/wp-json\/wp\/v2\/comments?post=5417"}],"wp:featuredmedia":[{"embeddable":true,"href":"http:\/\/klubmamgdynia.pl\/index.php\/wp-json\/wp\/v2\/media\/5418"}],"wp:attachment":[{"href":"http:\/\/klubmamgdynia.pl\/index.php\/wp-json\/wp\/v2\/media?parent=5417"}],"wp:term":[{"taxonomy":"product_cat","embeddable":true,"href":"http:\/\/klubmamgdynia.pl\/index.php\/wp-json\/wp\/v2\/product_cat?post=5417"},{"taxonomy":"product_tag","embeddable":true,"href":"http:\/\/klubmamgdynia.pl\/index.php\/wp-json\/wp\/v2\/product_tag?post=5417"}],"curies":[{"name":"wp","href":"https:\/\/api.w.org\/{rel}","templated":true}]}}