{"id":5419,"date":"2020-07-06T03:19:25","date_gmt":"2020-07-06T01:19:25","guid":{"rendered":"http:\/\/klubmamgdynia.pl\/index.php\/produkt\/mudpuppy-puzzle-mini-slon-afrykanski-48elem\/"},"modified":"2026-04-30T20:37:02","modified_gmt":"2026-04-30T18:37:02","slug":"mudpuppy-puzzle-mini-slon-afrykanski-48elem","status":"publish","type":"product","link":"http:\/\/klubmamgdynia.pl\/index.php\/produkt\/mudpuppy-puzzle-mini-slon-afrykanski-48elem\/","title":{"rendered":"Mudpuppy Puzzle Mini S\u0142o\u0144 Afryka\u0144ski 48Elem."},"content":{"rendered":"<p>Zestaw puzzli mini S\u0142o\u0144 afryka\u0144ski ameryka\u0144skiej marki MUDPUPPY sk\u0142ada si\u0119 z 48 niewielkich, por\u0119cznych element\u00f3w, z kt\u00f3rych powstaje obrazek o wymiarach 20 x 14,5 cm. Przedstawia on szarego s\u0142onia afryka\u0144skiego na tle charakterystycznego krajobrazu. Do puzzli do\u0142\u0105czony jest pakiet fakt\u00f3w i ciekawostek o tym gatunku. Autorem ilustracji jest angielski artysta-samouk Jean Claude. Wyj\u0105tkowy design i przyjazne barwy dodatkowo zach\u0119caj\u0105 dziecko do zabawy. Puzzle zapakowane s\u0105 w niedu\u017ce estetyczne pude\u0142ko. Idealnie nadaj\u0105 si\u0119 na prezent.Uk\u0142adanie puzzli stymuluje pami\u0119\u0107, koncentracj\u0119 i sprawno\u015b\u0107 manualn\u0105 ju\u017c od najm\u0142odszych lat. MUDPUPPY dba te\u017c o to, by uk\u0142adanki dostarcza\u0142y dzieciom dodatkowych wra\u017ce\u0144 empirycznych, si\u0119ga po lubiane motywy, pi\u0119kne kolory i por\u0119czne formaty.kategoria: puzzlewiek: 4+liczba element\u00f3w: 48materia\u0142: kartonwymiary opakowania: 11,5 x 8 x 3 cmAmeryka\u0144ska marka zabawek edukacyjnych MUDPUPPY powsta\u0142a w 1992 roku. Dzi\u015b jest znana na ca\u0142ym \u015bwiecie i cieszy si\u0119 powszechnym zaufaniem rodzic\u00f3w. Skupia si\u0119 na tworzeniu produkt\u00f3w, zach\u0119caj\u0105cych dzieci do tw\u00f3rczej aktywno\u015bci, a przy tym wspieraj\u0105cych ich rozw\u00f3j i stymuluj\u0105cych wyobra\u017ani\u0119. Oferta marki to g\u0142\u00f3wnie puzzle, gry, uk\u0142adanki oraz zestawy kreatywne, w tym tematyczne komplety magnes\u00f3w czy naklejek.Projekty MUDPUPPY inspirowane s\u0105 sztuk\u0105, m. in. ilustracj\u0105 dla dzieci. Marka stale wsp\u00f3\u0142pracuje ze wsp\u00f3\u0142czesnymi artystami, a jej produkty s\u0105 wci\u0105\u017c nagradzane za kreatywno\u015b\u0107, u\u017cyteczno\u015b\u0107 i innowacyjno\u015b\u0107.<\/p>\n<h2>Mudpuppy Puzzle Mini S\u0142o\u0144 Afryka\u0144ski 48Elem. Mudpuppy<\/h2>\n<p>oliwier, kolorowanka wakacje, kajko i kokosz test z lektury, piosenki na dobranoc dla dzieci + tekst, kuchcikowo przepisy dla dzieci, piosenki dla dzieci tekst, kolorowanki do druku konie, zagadki o zimie, zagadki o zimie, kornelia, m\u0105dre bajki dla dzieci do czytania, cytaty dla dzieci, co kupi\u0107 nastolatkowi, kolorowanki dla dziewczynek, alfabet kolorowanki, maski zwierz\u0105t szablony do druku<\/p>\n<p>yyyyy<\/p>\n<p>&nbsp;<\/p>\n","protected":false},"excerpt":{"rendered":"<p>Zestaw puzzli mini S\u0142o\u0144 afryka\u0144ski ameryka\u0144skiej marki MUDPUPPY sk\u0142ada si\u0119 z 48 niewielkich, por\u0119cznych element\u00f3w, z kt\u00f3rych powstaje obrazek o wymiarach 20 x 14,5 cm. Przedstawia on szarego s\u0142onia afryka\u0144skiego na tle charakterystycznego krajobrazu. Do puzzli do\u0142\u0105czony jest pakiet fakt\u00f3w i ciekawostek o tym gatunku. Autorem ilustracji jest angielski artysta-samouk Jean Claude. Wyj\u0105tkowy design i [&hellip;]<\/p>\n","protected":false},"featured_media":5420,"comment_status":"closed","ping_status":"open","template":"","meta":[],"product_cat":[1344,90],"product_tag":[808,731,855,693,714],"class_list":["post-5419","product","type-product","status-publish","has-post-thumbnail","hentry","product_cat-mudpuppy","product_cat-puzzle","product_tag-imie-mia","product_tag-maly-ksiaze-cytaty","product_tag-nietypowe-imiona-zenskie","product_tag-zagadki-dla-doroslych","product_tag-zagadki-logiczne"],"_links":{"self":[{"href":"http:\/\/klubmamgdynia.pl\/index.php\/wp-json\/wp\/v2\/product\/5419","targetHints":{"allow":["GET"]}}],"collection":[{"href":"http:\/\/klubmamgdynia.pl\/index.php\/wp-json\/wp\/v2\/product"}],"about":[{"href":"http:\/\/klubmamgdynia.pl\/index.php\/wp-json\/wp\/v2\/types\/product"}],"replies":[{"embeddable":true,"href":"http:\/\/klubmamgdynia.pl\/index.php\/wp-json\/wp\/v2\/comments?post=5419"}],"wp:featuredmedia":[{"embeddable":true,"href":"http:\/\/klubmamgdynia.pl\/index.php\/wp-json\/wp\/v2\/media\/5420"}],"wp:attachment":[{"href":"http:\/\/klubmamgdynia.pl\/index.php\/wp-json\/wp\/v2\/media?parent=5419"}],"wp:term":[{"taxonomy":"product_cat","embeddable":true,"href":"http:\/\/klubmamgdynia.pl\/index.php\/wp-json\/wp\/v2\/product_cat?post=5419"},{"taxonomy":"product_tag","embeddable":true,"href":"http:\/\/klubmamgdynia.pl\/index.php\/wp-json\/wp\/v2\/product_tag?post=5419"}],"curies":[{"name":"wp","href":"https:\/\/api.w.org\/{rel}","templated":true}]}}