{"id":5421,"date":"2017-11-19T03:04:26","date_gmt":"2017-11-19T02:04:26","guid":{"rendered":"http:\/\/klubmamgdynia.pl\/index.php\/produkt\/philips-bezprzewodowy-dzwonek-wideo-z-wifi-welcomeeye-link-27584\/"},"modified":"2026-04-06T16:59:14","modified_gmt":"2026-04-06T14:59:14","slug":"philips-bezprzewodowy-dzwonek-wideo-z-wifi-welcomeeye-link-27584","status":"publish","type":"product","link":"http:\/\/klubmamgdynia.pl\/index.php\/produkt\/philips-bezprzewodowy-dzwonek-wideo-z-wifi-welcomeeye-link-27584\/","title":{"rendered":"Philips Bezprzewodowy Dzwonek Wideo Z Wifi Welcomeeye Link (27584)"},"content":{"rendered":"<p>[Bezprzewodowy dzwonek wideo z WiFi PHILIPS WelcomeEye Link]Bezprzewodowy dzwonek wideo z WiFi PHILIPS WelcomeEye LinkPrzeznaczenieBezprzewodowy dzwonek wideo Philips WelcomeEye Link pozwoli sterowa\u0107 i obserwowa\u0107 wej\u015bcie za pomoc\u0105 smartfona lub, dzi\u0119ki asystentowi g\u0142osowemu, wy\u015bwietli\u0107 obraz wideo na ekranie telewizora z systemem Android (od wersji Android 8.1). Szerokok\u0105tny obraz Full HD, baterie wielokrotnego \u0142adowania, aktywna redukcja zak\u0142\u00f3ce\u0144, solidno\u015b\u0107 oraz prosta instalacja i komfort u\u017cytkowania to najwa\u017cniejsze cechy Philips WelcomeEye Link.<\/p>\n<h2>Philips Bezprzewodowy Dzwonek Wideo Z Wifi Welcomeeye Link (27584) Philips<\/h2>\n<p>quiz narnia lew czarownica i stara szafa, maska kota, co kupi\u0107 dziecku na roczek, zagadki o psach, czerwony kapturek kolorowanka, z\u0142ote my\u015bli pedagogiczne, przyja\u017a\u0144, quizy miko\u0142ajek, quiz felix net i nika oraz gang niewidzialnych ludzi, celina, mia, pomys\u0142 na prezent na roczek<\/p>\n<p>yyyyy<\/p>\n<p>&nbsp;<\/p>\n","protected":false},"excerpt":{"rendered":"<p>[Bezprzewodowy dzwonek wideo z WiFi PHILIPS WelcomeEye Link]Bezprzewodowy dzwonek wideo z WiFi PHILIPS WelcomeEye LinkPrzeznaczenieBezprzewodowy dzwonek wideo Philips WelcomeEye Link pozwoli sterowa\u0107 i obserwowa\u0107 wej\u015bcie za pomoc\u0105 smartfona lub, dzi\u0119ki asystentowi g\u0142osowemu, wy\u015bwietli\u0107 obraz wideo na ekranie telewizora z systemem Android (od wersji Android 8.1). Szerokok\u0105tny obraz Full HD, baterie wielokrotnego \u0142adowania, aktywna redukcja zak\u0142\u00f3ce\u0144, [&hellip;]<\/p>\n","protected":false},"featured_media":5422,"comment_status":"closed","ping_status":"open","template":"","meta":[],"product_cat":[261,1345],"product_tag":[844,781,578,594,608],"class_list":["post-5421","product","type-product","status-publish","has-post-thumbnail","hentry","product_cat-philips","product_cat-videofony","product_tag-co-kupic-na-roczek","product_tag-cytaty-o-wychowaniu-dzieci","product_tag-fajne-zarty-na-prima-aprilis","product_tag-podchwytliwe-zagadki-dla-dzieci","product_tag-zagadki-i-odpowiedzi"],"_links":{"self":[{"href":"http:\/\/klubmamgdynia.pl\/index.php\/wp-json\/wp\/v2\/product\/5421","targetHints":{"allow":["GET"]}}],"collection":[{"href":"http:\/\/klubmamgdynia.pl\/index.php\/wp-json\/wp\/v2\/product"}],"about":[{"href":"http:\/\/klubmamgdynia.pl\/index.php\/wp-json\/wp\/v2\/types\/product"}],"replies":[{"embeddable":true,"href":"http:\/\/klubmamgdynia.pl\/index.php\/wp-json\/wp\/v2\/comments?post=5421"}],"wp:featuredmedia":[{"embeddable":true,"href":"http:\/\/klubmamgdynia.pl\/index.php\/wp-json\/wp\/v2\/media\/5422"}],"wp:attachment":[{"href":"http:\/\/klubmamgdynia.pl\/index.php\/wp-json\/wp\/v2\/media?parent=5421"}],"wp:term":[{"taxonomy":"product_cat","embeddable":true,"href":"http:\/\/klubmamgdynia.pl\/index.php\/wp-json\/wp\/v2\/product_cat?post=5421"},{"taxonomy":"product_tag","embeddable":true,"href":"http:\/\/klubmamgdynia.pl\/index.php\/wp-json\/wp\/v2\/product_tag?post=5421"}],"curies":[{"name":"wp","href":"https:\/\/api.w.org\/{rel}","templated":true}]}}