{"id":5423,"date":"2021-04-01T13:00:03","date_gmt":"2021-04-01T11:00:03","guid":{"rendered":"http:\/\/klubmamgdynia.pl\/index.php\/produkt\/adar-polska-409361\/"},"modified":"2026-04-24T05:15:31","modified_gmt":"2026-04-24T03:15:31","slug":"adar-polska-409361","status":"publish","type":"product","link":"http:\/\/klubmamgdynia.pl\/index.php\/produkt\/adar-polska-409361\/","title":{"rendered":"Adar &#8222;Polska&#8221; 409361"},"content":{"rendered":"<p>Pi\u0142ka no\u017cna z napisem Polska LASER.Wykonana z wysokiej jako\u015bci materia\u0142u.Gra w pi\u0142k\u0119 rozwija umiej\u0119tno\u015bci ruchowe.To doskona\u0142a rozrywka dla dzieci, m\u0142odzie\u017cy i doros\u0142ych.\u015arednica pi\u0142ki to oko\u0142o 21 cm&#8230;<\/p>\n<h2>Adar &#8222;Polska&#8221; 409361 Adar<\/h2>\n<p>darmowe kolorowanki do druku, kolorowanki wakacyjne, wzruszajace cytaty o rodzinie, wielkanocne zagadki, opisy do zdj dziecka, aniela znaczenie imienia, \u0142amig\u0142\u00f3wki dla dzieci, cytaty o dziecku i mamie, rzadkie imiona japo\u0144skie, tezeusz, \u015bw przemys\u0142aw, prezenty dla nastolatk\u00f3w, g\u0142upie zagadki, znaczenie imienia julian, kolorowanki do druku pieski<\/p>\n<p>yyyyy<\/p>\n<p>&nbsp;<\/p>\n","protected":false},"excerpt":{"rendered":"<p>Pi\u0142ka no\u017cna z napisem Polska LASER.Wykonana z wysokiej jako\u015bci materia\u0142u.Gra w pi\u0142k\u0119 rozwija umiej\u0119tno\u015bci ruchowe.To doskona\u0142a rozrywka dla dzieci, m\u0142odzie\u017cy i doros\u0142ych.\u015arednica pi\u0142ki to oko\u0142o 21 cm&#8230; Adar &#8222;Polska&#8221; 409361 Adar darmowe kolorowanki do druku, kolorowanki wakacyjne, wzruszajace cytaty o rodzinie, wielkanocne zagadki, opisy do zdj dziecka, aniela znaczenie imienia, \u0142amig\u0142\u00f3wki dla dzieci, cytaty o [&hellip;]<\/p>\n","protected":false},"featured_media":5424,"comment_status":"closed","ping_status":"open","template":"","meta":[],"product_cat":[175,1346],"product_tag":[740,669,786,812,721],"class_list":["post-5423","product","type-product","status-publish","has-post-thumbnail","hentry","product_cat-adar","product_cat-pilki-do-pilki-noznej","product_tag-fajne-prezenty-dla-nastolatkow","product_tag-kolorowanki","product_tag-prezent-na-1-urodziny","product_tag-zagadki-logiczne-na-inteligencje","product_tag-zagadki-matematyczne"],"_links":{"self":[{"href":"http:\/\/klubmamgdynia.pl\/index.php\/wp-json\/wp\/v2\/product\/5423","targetHints":{"allow":["GET"]}}],"collection":[{"href":"http:\/\/klubmamgdynia.pl\/index.php\/wp-json\/wp\/v2\/product"}],"about":[{"href":"http:\/\/klubmamgdynia.pl\/index.php\/wp-json\/wp\/v2\/types\/product"}],"replies":[{"embeddable":true,"href":"http:\/\/klubmamgdynia.pl\/index.php\/wp-json\/wp\/v2\/comments?post=5423"}],"wp:featuredmedia":[{"embeddable":true,"href":"http:\/\/klubmamgdynia.pl\/index.php\/wp-json\/wp\/v2\/media\/5424"}],"wp:attachment":[{"href":"http:\/\/klubmamgdynia.pl\/index.php\/wp-json\/wp\/v2\/media?parent=5423"}],"wp:term":[{"taxonomy":"product_cat","embeddable":true,"href":"http:\/\/klubmamgdynia.pl\/index.php\/wp-json\/wp\/v2\/product_cat?post=5423"},{"taxonomy":"product_tag","embeddable":true,"href":"http:\/\/klubmamgdynia.pl\/index.php\/wp-json\/wp\/v2\/product_tag?post=5423"}],"curies":[{"name":"wp","href":"https:\/\/api.w.org\/{rel}","templated":true}]}}