{"id":5429,"date":"2014-10-22T15:01:23","date_gmt":"2014-10-22T13:01:23","guid":{"rendered":"http:\/\/klubmamgdynia.pl\/index.php\/produkt\/tommee-tippee-butelka-zestaw-startowy-dla-dziewczynki\/"},"modified":"2026-04-04T02:16:30","modified_gmt":"2026-04-04T00:16:30","slug":"tommee-tippee-butelka-zestaw-startowy-dla-dziewczynki","status":"publish","type":"product","link":"http:\/\/klubmamgdynia.pl\/index.php\/produkt\/tommee-tippee-butelka-zestaw-startowy-dla-dziewczynki\/","title":{"rendered":"Tommee Tippee Butelka Zestaw Startowy Dla Dziewczynki"},"content":{"rendered":"<p>Rewelacyjny zestaw startowy do karmienia butelk\u0105 Tommee Tippee z serii Closer to Nature z innowacyjn\u0105 butelk\u0105, kt\u00f3ra zaprojektowana zosta\u0142a z my\u015bl\u0105 o najm\u0142odszych i zosta\u0142a stworzona we wsp\u00f3\u0142pracy wsp\u00f3lnie z najlepszymi ekspertami z bran\u017cy. Zestaw do karmienia butelk\u0105 Closer to Nature\u00ae zawiera wszystkie butelki i smoczki, jakich b\u0119dziesz potrzebowa\u0107, aby pewnie wkroczy\u0107 w etap karmienia dziecka butelk\u0105. Zestaw sk\u0142ada si\u0119 z rewolucyjnych butelek dekorowanych z serii Closer to Nature wraz z wyj\u0105tkowymi smoczkami na\u015bladuj\u0105cymi naturalne ruchy, elastyczno\u015b\u0107 i mi\u0119kko\u015b\u0107 matczynej piersi, a tak\u017ce smoczk\u00f3w uspokajaj\u0105cych oraz szczotki u\u0142atwiaj\u0105cej czyszczenie butelek i smoczk\u00f3w. Cechy produktu: Elastyczne i rozci\u0105gliwe rowki \u2013 smoczki Closer to Nature na\u015bladuj\u0105 naturalne ruchy i elastyczno\u015b\u0107 matczynej piersi. Mi\u0119kki silikonowy smoczek \u2013 przypominaj\u0105cy sk\u00f3r\u0119, delikatnie wyd\u0142u\u017ca si\u0119 i wygina w czasie ssania, na\u015bladuj\u0105c naturaln\u0105 czynno\u015b\u0107 karmienia piersi\u0105 Kszta\u0142t przypominaj\u0105cy pier\u015b \u2013 smoczki Closer to Nature kszta\u0142tem przypominaj\u0105 pier\u015b, co u\u0142atwia dziecku dok\u0142adne obj\u0119cie smoczka ustami i sprzyja \u0142\u0105czeniu karmienia piersi\u0105 i butelk\u0105. Wyj\u0105tkowo czu\u0142y zaworek antykolkowy Easi-Vent \u2013 zapewnia optymalne odpowietrzenie podczas karmienia, dzi\u0119ki czemu powietrze nie dostaje si\u0119 do brzuszka dziecka. Ergonomiczny kszta\u0142t \u2013 pozwala trzyma\u0107 butelki w najbardziej naturalnej pozycji, dzi\u0119ki czemu dziecko mo\u017ce by\u0107 podczas karmienia bli\u017cej matki. Opakowanie zawiera: 3x Butelka Closer to Nature o pojemno\u015bci 150ml z technologi\u0105 Easivent 3x Butelka Closer to Nature o pojemno\u015bci 260ml z technologi\u0105 Easivent 6x Smoczek 0M+ o wolnym przep\u0142ywie (do\u0142\u0105czone do butelek 150\/260ml) 1x Smoczek uspokajaj\u0105cy Any Time 0-6M 1x Szczotka do butelek i smoczk\u00f3w<\/p>\n<h2>Tommee Tippee Butelka Zestaw Startowy Dla Dziewczynki <\/h2>\n<p>chase kolorowanka, zabawy dla 7 latki, zagadki zimowe dla dzieci, wiersz o marzannie, tabliczka mno\u017cenia karty pracy do druku, tabliczka mno\u017cenia karty pracy do druku, nietypowe imiona \u017ce\u0144skie, sandra imie, impreza halloween 2021 dla dzieci, tezeusz, wzruszajace cytaty o rodzinie, nadia, podchwytliwe zagadki matematyczne, gabriela, alfabet kolorowanki, kolorowanki dla dziewczynek<\/p>\n<p>yyyyy<\/p>\n<p>&nbsp;<\/p>\n","protected":false},"excerpt":{"rendered":"<p>Rewelacyjny zestaw startowy do karmienia butelk\u0105 Tommee Tippee z serii Closer to Nature z innowacyjn\u0105 butelk\u0105, kt\u00f3ra zaprojektowana zosta\u0142a z my\u015bl\u0105 o najm\u0142odszych i zosta\u0142a stworzona we wsp\u00f3\u0142pracy wsp\u00f3lnie z najlepszymi ekspertami z bran\u017cy. Zestaw do karmienia butelk\u0105 Closer to Nature\u00ae zawiera wszystkie butelki i smoczki, jakich b\u0119dziesz potrzebowa\u0107, aby pewnie wkroczy\u0107 w etap karmienia [&hellip;]<\/p>\n","protected":false},"featured_media":5430,"comment_status":"closed","ping_status":"open","template":"","meta":[],"product_cat":[195],"product_tag":[702,609,708,623,600],"class_list":["post-5429","product","type-product","status-publish","has-post-thumbnail","hentry","product_cat-butelki","product_tag-co-kupic-na-roczek-dla-dziewczynki","product_tag-quiz-flagi-europy","product_tag-zabawy-ruchowe-dla-dzieci","product_tag-zagadki-logiczne-smieszne","product_tag-zaproszenia-na-urodziny-do-druku"],"_links":{"self":[{"href":"http:\/\/klubmamgdynia.pl\/index.php\/wp-json\/wp\/v2\/product\/5429","targetHints":{"allow":["GET"]}}],"collection":[{"href":"http:\/\/klubmamgdynia.pl\/index.php\/wp-json\/wp\/v2\/product"}],"about":[{"href":"http:\/\/klubmamgdynia.pl\/index.php\/wp-json\/wp\/v2\/types\/product"}],"replies":[{"embeddable":true,"href":"http:\/\/klubmamgdynia.pl\/index.php\/wp-json\/wp\/v2\/comments?post=5429"}],"wp:featuredmedia":[{"embeddable":true,"href":"http:\/\/klubmamgdynia.pl\/index.php\/wp-json\/wp\/v2\/media\/5430"}],"wp:attachment":[{"href":"http:\/\/klubmamgdynia.pl\/index.php\/wp-json\/wp\/v2\/media?parent=5429"}],"wp:term":[{"taxonomy":"product_cat","embeddable":true,"href":"http:\/\/klubmamgdynia.pl\/index.php\/wp-json\/wp\/v2\/product_cat?post=5429"},{"taxonomy":"product_tag","embeddable":true,"href":"http:\/\/klubmamgdynia.pl\/index.php\/wp-json\/wp\/v2\/product_tag?post=5429"}],"curies":[{"name":"wp","href":"https:\/\/api.w.org\/{rel}","templated":true}]}}