{"id":5431,"date":"2013-11-13T16:07:37","date_gmt":"2013-11-13T15:07:37","guid":{"rendered":"http:\/\/klubmamgdynia.pl\/index.php\/produkt\/adar-zestaw-kuchenny-547735-zabawka\/"},"modified":"2026-05-17T23:00:51","modified_gmt":"2026-05-17T21:00:51","slug":"adar-zestaw-kuchenny-547735-zabawka","status":"publish","type":"product","link":"http:\/\/klubmamgdynia.pl\/index.php\/produkt\/adar-zestaw-kuchenny-547735-zabawka\/","title":{"rendered":"Adar Zestaw Kuchenny 547735 &#8211; Zabawka"},"content":{"rendered":"<p>Zestaw kuchenny owoce do krojenia 547735<\/p>\n<h2>Adar Zestaw Kuchenny 547735 &#8211; Zabawka Adar<\/h2>\n<p>znaki drogowe quizy, zagadki na myslenie, j\u0119zyk polski dla dzieci z ukrainy, \u0142amig\u0142\u00f3wki dla 4 latka do druku, fajne rzeczy dla nastolatk\u00f3w<\/p>\n<p>yyyyy<\/p>\n<p>&nbsp;<\/p>\n","protected":false},"excerpt":{"rendered":"<p>Zestaw kuchenny owoce do krojenia 547735 Adar Zestaw Kuchenny 547735 &#8211; Zabawka Adar znaki drogowe quizy, zagadki na myslenie, j\u0119zyk polski dla dzieci z ukrainy, \u0142amig\u0142\u00f3wki dla 4 latka do druku, fajne rzeczy dla nastolatk\u00f3w yyyyy &nbsp;<\/p>\n","protected":false},"featured_media":5432,"comment_status":"closed","ping_status":"open","template":"","meta":[],"product_cat":[175,53],"product_tag":[688,870,589,640,607],"class_list":["post-5431","product","type-product","status-publish","has-post-thumbnail","hentry","product_cat-adar","product_cat-kaciki-zabaw","product_tag-kolysanki-tekst","product_tag-prezent-dla-chlopca-na-roczek","product_tag-prezent-dla-rocznego-dziecka","product_tag-prezent-dla-rocznej-dziewczynki","product_tag-zarty-na-prima-aprilis-dla-rodzicow"],"_links":{"self":[{"href":"http:\/\/klubmamgdynia.pl\/index.php\/wp-json\/wp\/v2\/product\/5431","targetHints":{"allow":["GET"]}}],"collection":[{"href":"http:\/\/klubmamgdynia.pl\/index.php\/wp-json\/wp\/v2\/product"}],"about":[{"href":"http:\/\/klubmamgdynia.pl\/index.php\/wp-json\/wp\/v2\/types\/product"}],"replies":[{"embeddable":true,"href":"http:\/\/klubmamgdynia.pl\/index.php\/wp-json\/wp\/v2\/comments?post=5431"}],"wp:featuredmedia":[{"embeddable":true,"href":"http:\/\/klubmamgdynia.pl\/index.php\/wp-json\/wp\/v2\/media\/5432"}],"wp:attachment":[{"href":"http:\/\/klubmamgdynia.pl\/index.php\/wp-json\/wp\/v2\/media?parent=5431"}],"wp:term":[{"taxonomy":"product_cat","embeddable":true,"href":"http:\/\/klubmamgdynia.pl\/index.php\/wp-json\/wp\/v2\/product_cat?post=5431"},{"taxonomy":"product_tag","embeddable":true,"href":"http:\/\/klubmamgdynia.pl\/index.php\/wp-json\/wp\/v2\/product_tag?post=5431"}],"curies":[{"name":"wp","href":"https:\/\/api.w.org\/{rel}","templated":true}]}}