{"id":5435,"date":"2023-12-16T00:23:15","date_gmt":"2023-12-15T23:23:15","guid":{"rendered":"http:\/\/klubmamgdynia.pl\/?post_type=product&#038;p=5435"},"modified":"2026-04-30T17:01:25","modified_gmt":"2026-04-30T15:01:25","slug":"klein-nozyce-zywoplotowe-bosch-8440-zabawka","status":"publish","type":"product","link":"http:\/\/klubmamgdynia.pl\/index.php\/produkt\/klein-nozyce-zywoplotowe-bosch-8440-zabawka\/","title":{"rendered":"Klein No\u017cyce \u017cywop\u0142otowe Bosch (8440) &#8211; Zabawka"},"content":{"rendered":"<p>No\u017cyce \u017cywop\u0142otowe na licencji Bosch dla dzieci s\u0105 bardzo solidne, wykonane z wysokiej jako\u015bci tworzywa sztucznego z dba\u0142o\u015bci\u0105 o ka\u017cdy szczeg\u00f3\u0142,No\u017cyce zosta\u0142y wyposa\u017cone w modu\u0142 d\u017awi\u0119kowy, kt\u00f3ry na\u015bladuje odg\u0142osy prawdziwego narz\u0119dzia. Te fantastyczne no\u017cyce do ci\u0119cia \u017cywop\u0142otu przyda si\u0119 w ka\u017cdym zielonym miejscu. Dzi\u0119ki niej zielone ogrodzenia b\u0119d\u0105 doskonale zadbane,Idealna zabawka dla aktywnych dzieci kt\u00f3re uwielbiaj\u0105 na\u015bladowa\u0107 rodzic\u00f3w wykonuj\u0105cych codzienne czynno\u015bci domowe lub w nich uczestniczy\u0107, jednak nie zawsze jest to mo\u017cliwe ze wzgl\u0119du na ich trosk\u0119 oraz bezpiecze\u0144stwo,Ta zabawka daje mo\u017cliwo\u015b\u0107 dzieciom na na\u015bladowanie rodzic\u00f3w w spos\u00f3b realistyczny, ale jednocze\u015bnie ca\u0142kowicie bezpieczny,Zasilana trzema bateriami AA (nie do\u0142\u0105czone do zestawu),Nie nadaje si\u0119 dla dzieci poni\u017cej 3 roku \u017cycia. Zalety No\u017cyce zosta\u0142y wyprodukowane z wysokiej jako\u015bci tworzywa,Konstrukcja jest trwa\u0142a i wygodna w u\u017cyciu dla dziecka,Produkt zosta\u0142 wyprodukowany w Niemczech.<\/p>\n<h2>Klein No\u017cyce \u017cywop\u0142otowe Bosch (8440) &#8211; Zabawka Klein<\/h2>\n<p>konkurs dla dzieci, najlepsze pranki na prima aprilis, dawne ko\u0142ysanki teksty, maska iron man, loga samochod\u00f3w, quiz z bajek, my little pony kolorowanka, kalina imi\u0119, star wars kolorowanki, julian znaczenie, opis rodzina, prezent dla ch\u0142opca 7 lat<\/p>\n<p>yyyyy<\/p>\n<p>&nbsp;<\/p>\n","protected":false},"excerpt":{"rendered":"<p>No\u017cyce \u017cywop\u0142otowe na licencji Bosch dla dzieci s\u0105 bardzo solidne, wykonane z wysokiej jako\u015bci tworzywa sztucznego z dba\u0142o\u015bci\u0105 o ka\u017cdy szczeg\u00f3\u0142,No\u017cyce zosta\u0142y wyposa\u017cone w modu\u0142 d\u017awi\u0119kowy, kt\u00f3ry na\u015bladuje odg\u0142osy prawdziwego narz\u0119dzia. Te fantastyczne no\u017cyce do ci\u0119cia \u017cywop\u0142otu przyda si\u0119 w ka\u017cdym zielonym miejscu. Dzi\u0119ki niej zielone ogrodzenia b\u0119d\u0105 doskonale zadbane,Idealna zabawka dla aktywnych dzieci kt\u00f3re [&hellip;]<\/p>\n","protected":false},"featured_media":5436,"comment_status":"closed","ping_status":"open","template":"","meta":[],"product_cat":[53,52],"product_tag":[754,857,767],"class_list":["post-5435","product","type-product","status-publish","has-post-thumbnail","hentry","product_cat-kaciki-zabaw","product_cat-klein","product_tag-dyplomy-do-wydrukowania-a4","product_tag-zagadki-dla-dzieci-7-8-lat","product_tag-zaproszenia-urodzinowe-do-druku"],"_links":{"self":[{"href":"http:\/\/klubmamgdynia.pl\/index.php\/wp-json\/wp\/v2\/product\/5435","targetHints":{"allow":["GET"]}}],"collection":[{"href":"http:\/\/klubmamgdynia.pl\/index.php\/wp-json\/wp\/v2\/product"}],"about":[{"href":"http:\/\/klubmamgdynia.pl\/index.php\/wp-json\/wp\/v2\/types\/product"}],"replies":[{"embeddable":true,"href":"http:\/\/klubmamgdynia.pl\/index.php\/wp-json\/wp\/v2\/comments?post=5435"}],"wp:featuredmedia":[{"embeddable":true,"href":"http:\/\/klubmamgdynia.pl\/index.php\/wp-json\/wp\/v2\/media\/5436"}],"wp:attachment":[{"href":"http:\/\/klubmamgdynia.pl\/index.php\/wp-json\/wp\/v2\/media?parent=5435"}],"wp:term":[{"taxonomy":"product_cat","embeddable":true,"href":"http:\/\/klubmamgdynia.pl\/index.php\/wp-json\/wp\/v2\/product_cat?post=5435"},{"taxonomy":"product_tag","embeddable":true,"href":"http:\/\/klubmamgdynia.pl\/index.php\/wp-json\/wp\/v2\/product_tag?post=5435"}],"curies":[{"name":"wp","href":"https:\/\/api.w.org\/{rel}","templated":true}]}}