{"id":5437,"date":"2011-11-01T10:13:28","date_gmt":"2011-11-01T09:13:28","guid":{"rendered":"http:\/\/klubmamgdynia.pl\/index.php\/produkt\/simed-mila-sliniaczek-bawelniany-apaszka-na-zatrzaski-paski\/"},"modified":"2026-04-04T05:42:59","modified_gmt":"2026-04-04T03:42:59","slug":"simed-mila-sliniaczek-bawelniany-apaszka-na-zatrzaski-paski","status":"publish","type":"product","link":"http:\/\/klubmamgdynia.pl\/index.php\/produkt\/simed-mila-sliniaczek-bawelniany-apaszka-na-zatrzaski-paski\/","title":{"rendered":"Simed Mila \u015aliniaczek Bawe\u0142niany Apaszka Na Zatrzaski Paski"},"content":{"rendered":"<p>\u015aLINIACZEK BAWE\u0141NIANY \/ APASZKA na zatrzaski\u2022 Warstwa zewn\u0119trzna i wewn\u0119trzna to mi\u0119kka 100% bawe\u0142na\u2022 Wewn\u0105trz nieprzemakalna warstwa PUL\u2022 Starannie wykonane szwy nie podra\u017cniaj\u0105 sk\u00f3ry dziecka\u2022 Regulowane zapi\u0119cie na zatrzask, dwie pozycje regulacji : 30-35 cm\u2022 Rozmiar:, d\u0142ugo\u015b\u0107 20 cm\u2022 U\u017cytkowanie: w zale\u017cno\u015bci od stopnia zabrudzenia pra\u0107 w temp.do 400C\u015aliniaczek mo\u017ce s\u0142u\u017cy\u0107 r\u00f3wnie\u017c jako chusta\/apaszka\/szaliczek na ch\u0142odniejsze dni lub jako stylowy dodatek do ubrania.<\/p>\n<h2>Simed Mila \u015aliniaczek Bawe\u0142niany Apaszka Na Zatrzaski Paski Simed<\/h2>\n<p>zagadki o wielkanocy dla dzieci, lol kolorowanka do druku, opis o dziecku, cyferki do druku, kolorowe ciasto, prima aprilis zarty, jasmin imie, trudne zagadki dla doros\u0142ych, quiz o koniach, zagadki logiczne, koty do druku<\/p>\n<p>yyyyy<\/p>\n<p>&nbsp;<\/p>\n","protected":false},"excerpt":{"rendered":"<p>\u015aLINIACZEK BAWE\u0141NIANY \/ APASZKA na zatrzaski\u2022 Warstwa zewn\u0119trzna i wewn\u0119trzna to mi\u0119kka 100% bawe\u0142na\u2022 Wewn\u0105trz nieprzemakalna warstwa PUL\u2022 Starannie wykonane szwy nie podra\u017cniaj\u0105 sk\u00f3ry dziecka\u2022 Regulowane zapi\u0119cie na zatrzask, dwie pozycje regulacji : 30-35 cm\u2022 Rozmiar:, d\u0142ugo\u015b\u0107 20 cm\u2022 U\u017cytkowanie: w zale\u017cno\u015bci od stopnia zabrudzenia pra\u0107 w temp.do 400C\u015aliniaczek mo\u017ce s\u0142u\u017cy\u0107 r\u00f3wnie\u017c jako chusta\/apaszka\/szaliczek na [&hellip;]<\/p>\n","protected":false},"featured_media":5438,"comment_status":"closed","ping_status":"open","template":"","meta":[],"product_cat":[1347,1100],"product_tag":[667,583,688,749,748],"class_list":["post-5437","product","type-product","status-publish","has-post-thumbnail","hentry","product_cat-simed","product_cat-sliniaki-i-fartuszki","product_tag-kolorowanka-lol","product_tag-kolysanki-dla-dzieci-tekst","product_tag-kolysanki-tekst","product_tag-najlepsze-zarty-na-prima-aprilis","product_tag-okolice-wroclawia-atrakcje"],"_links":{"self":[{"href":"http:\/\/klubmamgdynia.pl\/index.php\/wp-json\/wp\/v2\/product\/5437","targetHints":{"allow":["GET"]}}],"collection":[{"href":"http:\/\/klubmamgdynia.pl\/index.php\/wp-json\/wp\/v2\/product"}],"about":[{"href":"http:\/\/klubmamgdynia.pl\/index.php\/wp-json\/wp\/v2\/types\/product"}],"replies":[{"embeddable":true,"href":"http:\/\/klubmamgdynia.pl\/index.php\/wp-json\/wp\/v2\/comments?post=5437"}],"wp:featuredmedia":[{"embeddable":true,"href":"http:\/\/klubmamgdynia.pl\/index.php\/wp-json\/wp\/v2\/media\/5438"}],"wp:attachment":[{"href":"http:\/\/klubmamgdynia.pl\/index.php\/wp-json\/wp\/v2\/media?parent=5437"}],"wp:term":[{"taxonomy":"product_cat","embeddable":true,"href":"http:\/\/klubmamgdynia.pl\/index.php\/wp-json\/wp\/v2\/product_cat?post=5437"},{"taxonomy":"product_tag","embeddable":true,"href":"http:\/\/klubmamgdynia.pl\/index.php\/wp-json\/wp\/v2\/product_tag?post=5437"}],"curies":[{"name":"wp","href":"https:\/\/api.w.org\/{rel}","templated":true}]}}