{"id":5439,"date":"2015-08-14T02:05:45","date_gmt":"2015-08-14T00:05:45","guid":{"rendered":"http:\/\/klubmamgdynia.pl\/index.php\/produkt\/cybex-eezy-s-twist-2-slv-beach-blue-spacerowy\/"},"modified":"2026-04-03T20:03:43","modified_gmt":"2026-04-03T18:03:43","slug":"cybex-eezy-s-twist-2-slv-beach-blue-spacerowy","status":"publish","type":"product","link":"http:\/\/klubmamgdynia.pl\/index.php\/produkt\/cybex-eezy-s-twist-2-slv-beach-blue-spacerowy\/","title":{"rendered":"Cybex Eezy S Twist + 2 Slv Beach Blue Spacerowy"},"content":{"rendered":"<p>Cybex Eezy S Twist+ 2 &#8211; oborotowy w\u00f3zek spacerowyKolor\/wz\u00f3r: SLV Beach BlueEezy S Twist+ 2 to niezwyk\u0142y w\u00f3zek spacerowy &#8211; jego wyj\u0105tkowo\u015b\u0107 objawia si\u0119 w innowacyjnym systemie obrotu, dzi\u0119ki kt\u00f3remu jednym ruchem zmienimy u\u0142o\u017cenie siedziska spacerowego wzgl\u0119dem kierunku jazdy. W\u00f3zek jest ju\u017c znany rodzicom na ca\u0142ym \u015bwiecie, oferowany produkt to nowa ods\u0142ona cenionego modelu Cybex Eezy S Twist+ 2.Je\u015bli poszukujesz w\u00f3zka, kt\u00f3ry mo\u017ce pochwali\u0107 si\u0119 funkcjonalno\u015bci\u0105 standardowego w\u00f3zka spacerowego, a przy tym cieszy lekko\u015bci\u0105 i smuk\u0142o\u015bci\u0105, warto wybra\u0107 w\u00f3zek Eezy S Twist+ 2. Du\u017ca, rozszerzana budka przeciws\u0142oneczna, rozk\u0142adane oparcie, regulowany podn\u00f3\u017cek &#8211; te cechy przek\u0142adaj\u0105 si\u0119 na komfort i samopoczucie ma\u0142ego podr\u00f3\u017cnika.Co\u015b dla rodzica? Jak najbardziej &#8211; system obrotu pozwoli Ci na szybk\u0105 i bezproblemow\u0105 zmian\u0119 kierunku jazdy, bezobs\u0142ugowe, amortyzowane ko\u0142a dodadz\u0105 otuchy podczas spacer\u00f3w po trudnym terenie, a system szybkiego sk\u0142adania u\u0142atwi codzienn\u0105 obs\u0142ug\u0119 w\u00f3zka.Najnowsza wersja wyr\u00f3\u017cnia si\u0119 nowym designem r\u0105czki, oraz od\u015bwie\u017con\u0105 tapicerk\u0105, kt\u00f3ra dzi\u0119ki swej wytrzyma\u0142o\u015bci i dowolno\u015bci wyboru spo\u015br\u00f3d wielu wersji kolorystycznych z pewno\u015bci\u0105 odnajdzie swych mi\u0142o\u015bnik\u00f3w!W zestawie:w\u00f3zek spacerowypa\u0142\u0105kCechy charakterystyczneObr\u00f3t o 360 stopniSiedzisko obracane o 360 stopni to absolutna rewolucja w \u015bwiecie w\u00f3zk\u00f3w dzieci\u0119cych! Dzi\u0119ki tej funkcji ekspresowo zmienisz ustawienie siedziska wzgl\u0119dem kierunku jazdy, bez zb\u0119dnego si\u0142owania si\u0119.Wyd\u0142u\u017cana budkaBudka przeciws\u0142oneczna to niezb\u0119dnik ka\u017cdego spaceru &#8211; zw\u0142aszcza latem, kiedy s\u0142o\u0144ce i wysoka temperatura daj\u0105 nam popali\u0107. Budka przeciws\u0142oneczna jest powi\u0119kszana, dzi\u0119ki niej maluszek mo\u017ce podr\u00f3\u017cowa\u0107 w cieniu, kt\u00f3ry latem jest bezcenny.Rozk\u0142adane oparcieWystarczy jeden szybki ruch, aby oparcie w\u00f3zka roz\u0142o\u017cy\u0107 do pozycji le\u017c\u0105cej. Dzi\u0119ki temu dziecko mo\u017ce spa\u0107 do oporu &#8211; a Ty z \u0142atwo\u015bci\u0105 dopasujesz w\u00f3zek tak, aby samemu zainteresowanemu by\u0142o wygodnie, i to bez zaburzania s\u0142odkiej drzemki maluszka.Pa\u0142\u0105k i pasyBezpiecze\u0144stwo dziecka przede wszystkim &#8211; to priorytet ka\u017cdego rodzica. Aby dziecko nie wychyli\u0142o si\u0119 z w\u00f3zka &#8211; czy to podczas poruszania si\u0119 po wyboistym terenie, czy przypadkowo, podczas zabawy &#8211; niezb\u0119dne b\u0119dzie dodatkowe zabezpieczenie, jakim jest pa\u0142\u0105k i pasy bezpiecze\u0144stwa.Regulowany podn\u00f3\u017cekRegulowany podn\u00f3\u017cek to &#8211; zamiast po oparciu z mo\u017cliwo\u015bci\u0105 roz\u0142o\u017cenia do pozycji le\u017c\u0105cej &#8211; najbardziej po\u017c\u0105dana przez rodzic\u00f3w funkcja w\u00f3zka. Nie ma w tym nic dziwnego, n\u00f3\u017cki maluch\u00f3w szybko si\u0119 m\u0119cz\u0105 i potrzebuj\u0105 sta\u0142ego punktu podparcia, a wyregulowany podn\u00f3\u017cek zapewnia dziecku dodatkowe miejsce podczas snu.Ko\u0142aBezobs\u0142ugowe ko\u0142a z amortyzacj\u0105 to nie tylko gwarancja zwrotno\u015bci i lekko\u015bci w prowadzeniu w\u00f3zka, ale tak\u017ce dopasowanie do warunk\u00f3w panuj\u0105cych na drodze. Dzi\u0119ki temu w\u00f3zkiem steruje si\u0119 wyj\u0105tkowo p\u0142ynnie zar\u00f3wno w mie\u015bcie, jak i le\u015bnymi \u015bcie\u017ckami.Sk\u0142adanieW\u00f3zek ma by\u0107 komfortowy dla dziecka, a dla rodzica &#8211; prosty w obs\u0142udze. Taki w\u0142a\u015bnie jest Cybex Eezy S Twist+ 2, kt\u00f3ry zosta\u0142 wyposa\u017cony w bardzo intuicyjny system sk\u0142adania. Kompaktowe rozmiary w\u00f3zka dodatkowo potwierdzaj\u0105 jego przeznaczenie do d\u0142ugich podr\u00f3\u017cy.Travel SystemStw\u00f3rz system podr\u00f3\u017cny i ciesz si\u0119 pe\u0142n\u0105 funkcjonalno\u015bci\u0105 w\u00f3zka &#8211; dzi\u0119ki temu w\u00f3zek mo\u017ce towarzyszy\u0107 Wam od samego pocz\u0105tku wsp\u00f3lnej drogi i b\u0119dzie niezast\u0105pionym kompanem podczas wielu etap\u00f3w rozwoju malucha.SpecyfikacjaMaksymalna waga dziecka22 kgWymiary roz\u0142o\u017conego w\u00f3zka:d\u0142. x szer. x wys.80,5 x 45 x 105 cmWymiary po z\u0142o\u017ceniu:d\u0142. x szer. x wys.68 x 47,5 x 30,5 cmWaga w\u00f3zka:8,6 kg<\/p>\n<h2>Cybex Eezy S Twist + 2 Slv Beach Blue Spacerowy Cybex<\/h2>\n<p>bajki na dobranoc do czytania, sky kolorowanka, b\u0105k ptak, cytaty o mi\u0142o\u015bci do dziecka, origami kotek, znajd\u017a r\u00f3\u017cnice do druku, bajka dla niemowlaka, zagadki matematyczne logiczne, bajki na dobranoc, medrcy swiata, kolorowanki star wars, zagadki logiczne matematyczne dla dzieci, nauka zegara do druku, koty rysunki, g\u0142upie zagadki, pia imi\u0119, co na roczek dla dziewczynki, jagna imi\u0119, quizy za darmo<\/p>\n<p>yyyyy<\/p>\n<p>&nbsp;<\/p>\n","protected":false},"excerpt":{"rendered":"<p>Cybex Eezy S Twist+ 2 &#8211; oborotowy w\u00f3zek spacerowyKolor\/wz\u00f3r: SLV Beach BlueEezy S Twist+ 2 to niezwyk\u0142y w\u00f3zek spacerowy &#8211; jego wyj\u0105tkowo\u015b\u0107 objawia si\u0119 w innowacyjnym systemie obrotu, dzi\u0119ki kt\u00f3remu jednym ruchem zmienimy u\u0142o\u017cenie siedziska spacerowego wzgl\u0119dem kierunku jazdy. W\u00f3zek jest ju\u017c znany rodzicom na ca\u0142ym \u015bwiecie, oferowany produkt to nowa ods\u0142ona cenionego modelu Cybex [&hellip;]<\/p>\n","protected":false},"featured_media":5440,"comment_status":"closed","ping_status":"open","template":"","meta":[],"product_cat":[34,71],"product_tag":[671,832,648,699,862,581],"class_list":["post-5439","product","type-product","status-publish","has-post-thumbnail","hentry","product_cat-cybex","product_cat-wozki-spacerowe","product_tag-cicha-noc-po-angielsku-tekst","product_tag-desery-dla-dzieci","product_tag-dobrej-nocy-i-sza","product_tag-kolorowanki-do-druku-dla-dziewczyn","product_tag-nasza-zima-zla-tekst","product_tag-zagadki-dla-8-latka"],"_links":{"self":[{"href":"http:\/\/klubmamgdynia.pl\/index.php\/wp-json\/wp\/v2\/product\/5439","targetHints":{"allow":["GET"]}}],"collection":[{"href":"http:\/\/klubmamgdynia.pl\/index.php\/wp-json\/wp\/v2\/product"}],"about":[{"href":"http:\/\/klubmamgdynia.pl\/index.php\/wp-json\/wp\/v2\/types\/product"}],"replies":[{"embeddable":true,"href":"http:\/\/klubmamgdynia.pl\/index.php\/wp-json\/wp\/v2\/comments?post=5439"}],"wp:featuredmedia":[{"embeddable":true,"href":"http:\/\/klubmamgdynia.pl\/index.php\/wp-json\/wp\/v2\/media\/5440"}],"wp:attachment":[{"href":"http:\/\/klubmamgdynia.pl\/index.php\/wp-json\/wp\/v2\/media?parent=5439"}],"wp:term":[{"taxonomy":"product_cat","embeddable":true,"href":"http:\/\/klubmamgdynia.pl\/index.php\/wp-json\/wp\/v2\/product_cat?post=5439"},{"taxonomy":"product_tag","embeddable":true,"href":"http:\/\/klubmamgdynia.pl\/index.php\/wp-json\/wp\/v2\/product_tag?post=5439"}],"curies":[{"name":"wp","href":"https:\/\/api.w.org\/{rel}","templated":true}]}}