{"id":5443,"date":"2019-02-21T12:50:30","date_gmt":"2019-02-21T11:50:30","guid":{"rendered":"http:\/\/klubmamgdynia.pl\/index.php\/produkt\/ses-moje-pierwsze-malowanie-pedzlem-i-woda-zwierzatka\/"},"modified":"2026-04-04T00:09:59","modified_gmt":"2026-04-03T22:09:59","slug":"ses-moje-pierwsze-malowanie-pedzlem-i-woda-zwierzatka","status":"publish","type":"product","link":"http:\/\/klubmamgdynia.pl\/index.php\/produkt\/ses-moje-pierwsze-malowanie-pedzlem-i-woda-zwierzatka\/","title":{"rendered":"Ses Moje Pierwsze Malowanie P\u0119dzlem I Wod\u0105 Zwierz\u0105tka"},"content":{"rendered":"<p>Jakie zwierz\u0105tko schowa\u0142o si\u0119 na drzewie? Zmocz kartk\u0119 mokr\u0105 szczoteczk\u0105 i dowiedz si\u0119, jakie zwierz\u0105tka si\u0119 na niej ukrywaj\u0105. Czy znalaz\u0142e\u015b je wszystkie? Gdy tylko woda wyschnie, karta mo\u017ce by\u0107 u\u017cyta ponownie. Malowanie bez ba\u0142aganu. Zestaw przeznaczony przede wszystkim dla ma\u0142ych dzieci.<\/p>\n<h2>Ses Moje Pierwsze Malowanie P\u0119dzlem I Wod\u0105 Zwierz\u0105tka Ses<\/h2>\n<p>znaczenie imiona justyna, cytaty o mi\u0142o\u015bci kubu\u015b puchatek, smok wawelski bajka, flagi pa\u0144stw quiz, wszystkie flagi \u015bwiata quiz, m\u00f3j przyjaciel mi\u015b scenariusz zaj\u0119\u0107 w przedszkolu, zagadki \u015bmieszne, przyjazn, jakie s\u0105 dary jesieni, kolorowanki zwierz\u0119ta, prezent dla 15 latki, karaluchy pod poduchy a szczypawki, na wyspach bergamuta, samoch\u00f3d kolorowanka do druku, traktor z przyczep\u0105 kolorowanka do druku, liwia imi\u0119<\/p>\n<p>yyyyy<\/p>\n<p>&nbsp;<\/p>\n","protected":false},"excerpt":{"rendered":"<p>Jakie zwierz\u0105tko schowa\u0142o si\u0119 na drzewie? Zmocz kartk\u0119 mokr\u0105 szczoteczk\u0105 i dowiedz si\u0119, jakie zwierz\u0105tka si\u0119 na niej ukrywaj\u0105. Czy znalaz\u0142e\u015b je wszystkie? Gdy tylko woda wyschnie, karta mo\u017ce by\u0107 u\u017cyta ponownie. Malowanie bez ba\u0142aganu. Zestaw przeznaczony przede wszystkim dla ma\u0142ych dzieci. Ses Moje Pierwsze Malowanie P\u0119dzlem I Wod\u0105 Zwierz\u0105tka Ses znaczenie imiona justyna, cytaty [&hellip;]<\/p>\n","protected":false},"featured_media":5444,"comment_status":"closed","ping_status":"open","template":"","meta":[],"product_cat":[357,21],"product_tag":[686,669,584,582,703],"class_list":["post-5443","product","type-product","status-publish","has-post-thumbnail","hentry","product_cat-ses","product_cat-zabawki-plastyczne","product_tag-co-na-roczek-dla-chlopca","product_tag-kolorowanki","product_tag-liwia","product_tag-nauka-pisania-literek-do-wydruku-pdf","product_tag-prezent-dla-nastolatki"],"_links":{"self":[{"href":"http:\/\/klubmamgdynia.pl\/index.php\/wp-json\/wp\/v2\/product\/5443","targetHints":{"allow":["GET"]}}],"collection":[{"href":"http:\/\/klubmamgdynia.pl\/index.php\/wp-json\/wp\/v2\/product"}],"about":[{"href":"http:\/\/klubmamgdynia.pl\/index.php\/wp-json\/wp\/v2\/types\/product"}],"replies":[{"embeddable":true,"href":"http:\/\/klubmamgdynia.pl\/index.php\/wp-json\/wp\/v2\/comments?post=5443"}],"wp:featuredmedia":[{"embeddable":true,"href":"http:\/\/klubmamgdynia.pl\/index.php\/wp-json\/wp\/v2\/media\/5444"}],"wp:attachment":[{"href":"http:\/\/klubmamgdynia.pl\/index.php\/wp-json\/wp\/v2\/media?parent=5443"}],"wp:term":[{"taxonomy":"product_cat","embeddable":true,"href":"http:\/\/klubmamgdynia.pl\/index.php\/wp-json\/wp\/v2\/product_cat?post=5443"},{"taxonomy":"product_tag","embeddable":true,"href":"http:\/\/klubmamgdynia.pl\/index.php\/wp-json\/wp\/v2\/product_tag?post=5443"}],"curies":[{"name":"wp","href":"https:\/\/api.w.org\/{rel}","templated":true}]}}