{"id":5445,"date":"2016-03-20T13:33:14","date_gmt":"2016-03-20T12:33:14","guid":{"rendered":"http:\/\/klubmamgdynia.pl\/index.php\/produkt\/develop-prince-lionheart-dwustronna-mata-kontrastowa\/"},"modified":"2026-04-07T12:37:18","modified_gmt":"2026-04-07T10:37:18","slug":"develop-prince-lionheart-dwustronna-mata-kontrastowa","status":"publish","type":"product","link":"http:\/\/klubmamgdynia.pl\/index.php\/produkt\/develop-prince-lionheart-dwustronna-mata-kontrastowa\/","title":{"rendered":"Develop Prince Lionheart Dwustronna mata kontrastowa"},"content":{"rendered":"<p>Dwustronna mata kontarstowa, Prince LionheartDwustronna, piankowa mata kontrastowa marki Prince Lionheart to doskona\u0142e miejsce zabawy, odpoczynku, \u0107wiczenia umiej\u0119tno\u015bci raczkowania, siadania i stawiania pierwszych krok\u00f3w. Mata izoluje ch\u0142odn\u0105 pod\u0142og\u0119 i stanowi skuteczn\u0105 amortyzacj\u0119 w przypadku upadku, dlatego mo\u017ce zast\u0105pi\u0107 dywanik w pokoju dziecka. Dwustronna grafika przykuje uwag\u0119 malucha i zapewni mu wspania\u0142\u0105 zabaw\u0119!Cechy produktu:mata wykonana z tworzywa wodoodpornego EPE wysokiej jako\u015bci,jest nietoksyczna, bezpieczna dla dziecka,przeznaczona dla ma\u0142ych i nieco starszych dzieci,dwustronna: po jednej stronie znajduje si\u0119 obrazek z farm\u0105, po drugiej stronie kontrastowe, geometryczne kszta\u0142ty,mata jest \u0142atwa do utrzymania w czysto\u015bci,sk\u0142adana, mie\u015bci si\u0119 w por\u0119cznej torbie do\u0142\u0105czonej do zestawu,wymiary: 90 cm x 150 cm x 1 cm.Ameryka\u0144ska marka Prince Lionheart zosta\u0142a za\u0142o\u017cona przez ma\u0142\u017ce\u0144stwo w 1973r. rozpoczynaj\u0105c od produkcji konik\u00f3w na biegunach. Obecnie specjalizuje si\u0119 w produkcji zabawek i akcesori\u00f3w dzieci\u0119cych, b\u0119d\u0105c jedn\u0105 z wiod\u0105cych marek na rynku. Produkty Prince Lionheart s\u0105 zgodne z wszystkimi obowi\u0105zuj\u0105cymi normami dotycz\u0105cymi bezpiecze\u0144stwa produkt\u00f3w w UE i Stanach Zjednoczonych.<\/p>\n<h2>Develop Prince Lionheart Dwustronna mata kontrastowa Prince Lionheart<\/h2>\n<p>ale kino program, prezent dla roczniaka, test ch\u0142opcy z placu broni klasa 5, quiz z bajek, lucyna, lato lato lato czeka<\/p>\n<p>yyyyy<\/p>\n<p>&nbsp;<\/p>\n","protected":false},"excerpt":{"rendered":"<p>Dwustronna mata kontarstowa, Prince LionheartDwustronna, piankowa mata kontrastowa marki Prince Lionheart to doskona\u0142e miejsce zabawy, odpoczynku, \u0107wiczenia umiej\u0119tno\u015bci raczkowania, siadania i stawiania pierwszych krok\u00f3w. Mata izoluje ch\u0142odn\u0105 pod\u0142og\u0119 i stanowi skuteczn\u0105 amortyzacj\u0119 w przypadku upadku, dlatego mo\u017ce zast\u0105pi\u0107 dywanik w pokoju dziecka. Dwustronna grafika przykuje uwag\u0119 malucha i zapewni mu wspania\u0142\u0105 zabaw\u0119!Cechy produktu:mata wykonana z [&hellip;]<\/p>\n","protected":false},"featured_media":5446,"comment_status":"closed","ping_status":"open","template":"","meta":[],"product_cat":[55,1349],"product_tag":[772,839,814,679],"class_list":["post-5445","product","type-product","status-publish","has-post-thumbnail","hentry","product_cat-maty-edukacyjne","product_cat-prince-lionheart","product_tag-45-panstw-europy-i-ich-stolice-quiz","product_tag-bajki-na-dobranoc-do-czytania","product_tag-prezenty-dla-nastolatek","product_tag-zabawki-na-roczek-dla-dziewczynki"],"_links":{"self":[{"href":"http:\/\/klubmamgdynia.pl\/index.php\/wp-json\/wp\/v2\/product\/5445","targetHints":{"allow":["GET"]}}],"collection":[{"href":"http:\/\/klubmamgdynia.pl\/index.php\/wp-json\/wp\/v2\/product"}],"about":[{"href":"http:\/\/klubmamgdynia.pl\/index.php\/wp-json\/wp\/v2\/types\/product"}],"replies":[{"embeddable":true,"href":"http:\/\/klubmamgdynia.pl\/index.php\/wp-json\/wp\/v2\/comments?post=5445"}],"wp:featuredmedia":[{"embeddable":true,"href":"http:\/\/klubmamgdynia.pl\/index.php\/wp-json\/wp\/v2\/media\/5446"}],"wp:attachment":[{"href":"http:\/\/klubmamgdynia.pl\/index.php\/wp-json\/wp\/v2\/media?parent=5445"}],"wp:term":[{"taxonomy":"product_cat","embeddable":true,"href":"http:\/\/klubmamgdynia.pl\/index.php\/wp-json\/wp\/v2\/product_cat?post=5445"},{"taxonomy":"product_tag","embeddable":true,"href":"http:\/\/klubmamgdynia.pl\/index.php\/wp-json\/wp\/v2\/product_tag?post=5445"}],"curies":[{"name":"wp","href":"https:\/\/api.w.org\/{rel}","templated":true}]}}