{"id":5447,"date":"2015-08-25T01:34:59","date_gmt":"2015-08-24T23:34:59","guid":{"rendered":"http:\/\/klubmamgdynia.pl\/index.php\/produkt\/brit-premium-by-nature-sensitive-lamb-8kg\/"},"modified":"2026-04-07T00:02:23","modified_gmt":"2026-04-06T22:02:23","slug":"brit-premium-by-nature-sensitive-lamb-8kg","status":"publish","type":"product","link":"http:\/\/klubmamgdynia.pl\/index.php\/produkt\/brit-premium-by-nature-sensitive-lamb-8kg\/","title":{"rendered":"Brit Premium By Nature Sensitive Lamb 8Kg"},"content":{"rendered":"<p>Brit Premium By Nature Sensitive LambBRIT PREMIUM BY NATURE Z JAGNI\u0118CIN\u0104 I RY\u017bEM DLA DOROS\u0141YCH PS\u00d3W WSZYSTKICH RASKarma pe\u0142noporcjowa z jagni\u0119cin\u0105 i ry\u017cem dla doros\u0142ych ps\u00f3w wszystkich ras, z wra\u017cliwym przewodem pokarmowym. Karma szczeg\u00f3lnie polecana dla ps\u00f3w z wra\u017cliwym uk\u0142adem pokarmowym i sk\u0142onno\u015bciami do alergii. Nie zawiera pszenicy, kukurydzy, soi, czyli najcz\u0119stszych alergen\u00f3w.\u00a0Mo\u017cna podawa\u0107 w postaci suchej lub zwil\u017conej letni\u0105 wod\u0105. Podawaj karm\u0119 w 1-2 r\u00f3wnych porcjach w ci\u0105gu dnia. Zalecan\u0105 ilo\u015b\u0107 dobow\u0105 przedstawiono w tabeli \u017cywieniowej. Podaj\u0105c Brit Premium po raz pierwszy, wybierz mniejsz\u0105 ilo\u015b\u0107 i wymieszaj j\u0105 z poprzednio stosowan\u0105 karm\u0105. Stopniowo zwi\u0119kszaj zawarto\u015b\u0107 Brit Premium. Nale\u017cy zadba\u0107 o to, aby pies mia\u0142 zawsze \u015bwie\u017c\u0105 wod\u0119 do picia.                            <\/p>\n<p>a                            <\/p>\n<p>Energia Metaboliczna3 660 kcal\/kgKwasy T\u0142uszczowe Omega 3: 0,2%Kwasy T\u0142uszczowe Omega 6: 1,5%                            <\/p>\n<p>Wra\u017cliwy uk\u0142ad pokarmowy                            <\/p>\n<p> Zdrowa sk\u00f3ra i l\u015bni\u0105ca sier\u015b\u0107                            <\/p>\n<p> Poprawa odporno\u015bci i kondycji                            <\/p>\n<p>SK\u0141AD                            <\/p>\n<p>jagni\u0119cina 35% (dehydratyzowana 20% odkostniona 15%), ry\u017c, t\u0142uszcz z kurczaka (konserwowany mieszank\u0105 tokoferoli), ry\u017c br\u0105zowy, suszone jab\u0142ka, olej z \u0142ososia (2%), hydrozlizowana w\u0105tr\u00f3bka z kurczaka, dro\u017cd\u017ce browarniane, kolagen, hydrolizat muszli skorupiak\u00f3w (\u017ar\u00f3d\u0142o glukozaminy, 210 mg\/kg), wyci\u0105g z chrz\u0105stki (\u017ar\u00f3d\u0142o, chondroityny, 150 mg\/kg), wyci\u0105g z zi\u00f3\u0142 i owoc\u00f3w (go\u017adziki, owoce cytrusowe, rozmaryn, kurkuma, 120 mg\/kg), mannooligosacharydy (120 mg\/kg), fruktooligosacharydy (90 mg\/kg), jukka Mojave (90 mg\/kg), suszony rumianek (80 mg\/kg), omu\u0142ek zielonowargowy (\u017ar\u00f3d\u0142o glukozaminoglikan\u00f3w, 50mg \/ kg), suszone bor\u00f3wki (50mg\/kg)                            <\/p>\n<p>SK\u0141ADNIKI OD\u017bYWCZE                            <\/p>\n<p>bia\u0142ko surowe 26%, zawarto\u015b\u0107 t\u0142uszczu 13%, wilgotno\u015b\u0107 10%, popi\u00f3\u0142 surowy 7,0%, w\u0142\u00f3kno surowe 3%, wap\u0144 1,6%, fosfor 1,1%                            <\/p>\n<p>SPRAWD\u0179 INNE PRODUKTY\u00a0BRIT PREMIUM                            <\/p>\n<p>            Brit Premium By Nature Light Niskokaloryczna 15Kg<\/p>\n<p>                    Zobacz<\/p>\n<p>            Brit Premium By Nature Sensitive Lamb&amp;Rice 15Kg<\/p>\n<p>                    Zobacz<\/p>\n<p>            Brit Premium By Nature Sport 15Kg<\/p>\n<p>                    Zobacz<\/p>\n<p>Profilaktyka przez \u017cywienie &#8211; to g\u0142\u00f3wna zasada, kt\u00f3r\u0105 spe\u0142niaj\u0105 starannie skomponowane karmy Brit Care. Wiemy, \u017ce zwierz\u0119ta domowe s\u0105 w r\u00f3wnym stopniu jak my sami nara\u017cone na stres i powa\u017cne choroby, dlatego z mi\u0142o\u015bci do nich opracowali\u015bmy unikaln\u0105 receptur\u0119, opart\u0105 na wyselekcjonowanych sk\u0142adnikach. Wierzymy, \u017ce odpowiednia dieta ma ogromne znaczenie dla zdrowia i kondycji naszych czworono\u017cnych przyjaci\u00f3\u0142. St\u0105d w karmach Brit znajdziecie tylko to, co najlepsze: wysokiej jako\u015bci mi\u0119so, ryby, warzywa i owoce, zio\u0142a oraz sk\u0142adniki funkcjonalne.<\/p>\n<h2>Brit Premium By Nature Sensitive Lamb 8Kg Brit<\/h2>\n<p>mini kanapki dla dzieci, nela imi\u0119, atrakcje dla dzieci warszawa, bajka o dinozaurach do czytania, zgadywanki, zagadki na dzie\u0144 przedszkolaka, przeczytaj mi wiersz, pa\u0144stwa miasta wz\u00f3r, najtrudniejsze zagadki, ach \u015bpij kochanie tekst, cytaty o przyja\u017ani ma\u0142y ksi\u0105\u017c\u0119, quiz o usa, hot wheels kolorowanka, trudne zagadki na inteligencj\u0119, jesienne zagadki, afryka kazika test, co dla dziecka na roczek, atrakcje dla dzieci wielkopolska, jak namalowa\u0107 psa, historia pluszowego misia dla dzieci, zagatki<\/p>\n<p>yyyyy<\/p>\n<p>&nbsp;<\/p>\n","protected":false},"excerpt":{"rendered":"<p>Brit Premium By Nature Sensitive LambBRIT PREMIUM BY NATURE Z JAGNI\u0118CIN\u0104 I RY\u017bEM DLA DOROS\u0141YCH PS\u00d3W WSZYSTKICH RASKarma pe\u0142noporcjowa z jagni\u0119cin\u0105 i ry\u017cem dla doros\u0142ych ps\u00f3w wszystkich ras, z wra\u017cliwym przewodem pokarmowym. Karma szczeg\u00f3lnie polecana dla ps\u00f3w z wra\u017cliwym uk\u0142adem pokarmowym i sk\u0142onno\u015bciami do alergii. Nie zawiera pszenicy, kukurydzy, soi, czyli najcz\u0119stszych alergen\u00f3w.\u00a0Mo\u017cna podawa\u0107 w [&hellip;]<\/p>\n","protected":false},"featured_media":5448,"comment_status":"closed","ping_status":"open","template":"","meta":[],"product_cat":[954,951],"product_tag":[802,744,749,796,725,805],"class_list":["post-5447","product","type-product","status-publish","has-post-thumbnail","hentry","product_cat-brit","product_cat-karmy-dla-psow","product_tag-co-kupic-dziewczynce-na-roczek","product_tag-kolorowanki-swiateczne-do-wydruku","product_tag-najlepsze-zarty-na-prima-aprilis","product_tag-zagatki","product_tag-zgadywanki","product_tag-znaczenie-imienia-alan"],"_links":{"self":[{"href":"http:\/\/klubmamgdynia.pl\/index.php\/wp-json\/wp\/v2\/product\/5447","targetHints":{"allow":["GET"]}}],"collection":[{"href":"http:\/\/klubmamgdynia.pl\/index.php\/wp-json\/wp\/v2\/product"}],"about":[{"href":"http:\/\/klubmamgdynia.pl\/index.php\/wp-json\/wp\/v2\/types\/product"}],"replies":[{"embeddable":true,"href":"http:\/\/klubmamgdynia.pl\/index.php\/wp-json\/wp\/v2\/comments?post=5447"}],"wp:featuredmedia":[{"embeddable":true,"href":"http:\/\/klubmamgdynia.pl\/index.php\/wp-json\/wp\/v2\/media\/5448"}],"wp:attachment":[{"href":"http:\/\/klubmamgdynia.pl\/index.php\/wp-json\/wp\/v2\/media?parent=5447"}],"wp:term":[{"taxonomy":"product_cat","embeddable":true,"href":"http:\/\/klubmamgdynia.pl\/index.php\/wp-json\/wp\/v2\/product_cat?post=5447"},{"taxonomy":"product_tag","embeddable":true,"href":"http:\/\/klubmamgdynia.pl\/index.php\/wp-json\/wp\/v2\/product_tag?post=5447"}],"curies":[{"name":"wp","href":"https:\/\/api.w.org\/{rel}","templated":true}]}}