{"id":5449,"date":"2020-05-23T01:35:04","date_gmt":"2020-05-22T23:35:04","guid":{"rendered":"http:\/\/klubmamgdynia.pl\/index.php\/produkt\/philips-spn3140a-60\/"},"modified":"2026-05-17T23:04:26","modified_gmt":"2026-05-17T21:04:26","slug":"philips-spn3140a-60","status":"publish","type":"product","link":"http:\/\/klubmamgdynia.pl\/index.php\/produkt\/philips-spn3140a-60\/","title":{"rendered":"Philips SPN3140A\/60"},"content":{"rendered":"<p>Specyfikacja:- Typ gniazda: E, francuskie- Standard: CEE 7\/5- Kwota ubezpieczenia: 100000 euro- Liczba gniazd: 4- Maksymalne nat\u0119\u017cenie pr\u0105du: 16 A- Absorpcja energii: 900 J- Maksymalne obci\u0105\u017cenie: 4000 WKod produktuSPN3140A\/60SPN3180A\/60SPN5144A\/60SPN4141A\/60SPN4181A\/60SPN4182A\/60KonstrukcjaLiczba gniazd 4 8 4 4 8 8Liczba port\u00f3w USB Nie dotyczy Nie dotyczy Nie dotyczy Nie dotyczy Nie dotyczyD\u0142ugo\u015b\u0107 przewodu 2m 2m 2m 2m 2m 2mMaksymalne nat\u0119\u017cenie (A) 16 16 16 16 16 16Maksymalna moc obci\u0105\u017cenia (W) 4000 4000 4000 4000 4000 4000Prze\u0142\u0105cznik On\/Off \u2022 \u2022 \u2022 \u2022 \u2022 \u2022Mo\u017cliwo\u015b\u0107 monta\u017cu na \u015bcianie \u2022 \u2022 \u2022 \u2022 \u2022 \u2022Inteligentne zarz\u0105dzanie przewodami \u2022 \u2022 \u2022 \u2022 \u2022 \u2022Absorbcja energii 900 J 900 J 1800 J 1800 J 1800 J 1800 JMoc w skali logarytmicznej 40 dB 40 dB 40 dB 40 dB 40 dB 40 dBZabezpieczeniaPower Blocker \u2022 \u2022 \u2022 \u2022 \u2022 \u2022Prze\u0142\u0105cznik dwubiegunowy (tylko gniazda typu french) \u2022 \u2022 \u2022 \u2022 \u2022 \u2022Ochrona linii telefonicznej \/ fax \u2022 \u2022Ochrona linii telefonicznej \/ fax \/ DSL \u2022Zabezpieczenie wsp\u00f3\u0142osiowe \u2022Zabezpieczenie przed uszkodzeniem prawid\u0142owo pod\u0142\u0105czonego sprz\u0119tu (uziemienie CEE) \u2022 \u2022 \u2022 \u2022 \u2022 \u2022Bezpiecze\u0144stwoAutomatyczne zabezpieczenie przed dzie\u0107mi \u2022 \u2022 \u2022 \u2022 \u2022 \u2022Wska\u017anik zasilania \u2022 \u2022 \u2022 \u2022 \u2022 \u2022Wska\u017anik ochrony \u2022 \u2022 \u2022 \u2022 \u2022 \u2022Certyfikat CE \u2022 \u2022 \u2022 \u2022 \u2022 \u2022Warto\u015b\u0107 ubezpieczenia100000\u20ac \u2022 \u2022200000\u20ac \u2022 \u2022 \u2022 \u2022<\/p>\n<h2>Philips SPN3140A\/60 Philips<\/h2>\n<p>bajki o ksi\u0119\u017cniczkach do czytania, fajne zagadki, test wiedzy zemsta, ekskluzywny prezent na roczek, bruno, zagatki, kolorowanki dla dziewczyn<\/p>\n<p>yyyyy<\/p>\n<p>&nbsp;<\/p>\n","protected":false},"excerpt":{"rendered":"<p>Specyfikacja:- Typ gniazda: E, francuskie- Standard: CEE 7\/5- Kwota ubezpieczenia: 100000 euro- Liczba gniazd: 4- Maksymalne nat\u0119\u017cenie pr\u0105du: 16 A- Absorpcja energii: 900 J- Maksymalne obci\u0105\u017cenie: 4000 WKod produktuSPN3140A\/60SPN3180A\/60SPN5144A\/60SPN4141A\/60SPN4181A\/60SPN4182A\/60KonstrukcjaLiczba gniazd 4 8 4 4 8 8Liczba port\u00f3w USB Nie dotyczy Nie dotyczy Nie dotyczy Nie dotyczy Nie dotyczyD\u0142ugo\u015b\u0107 przewodu 2m 2m 2m 2m 2m 2mMaksymalne [&hellip;]<\/p>\n","protected":false},"featured_media":5450,"comment_status":"closed","ping_status":"open","template":"","meta":[],"product_cat":[1350,261],"product_tag":[787,774,840,757,601,581],"class_list":["post-5449","product","type-product","status-publish","has-post-thumbnail","hentry","product_cat-listwy-zasilajace","product_cat-philips","product_tag-nauka-pisania-wyrazow-dla-dzieci-do-druku-pdf","product_tag-prezent-na-roczek-nie-zabawka","product_tag-stare-bajki","product_tag-test-z-lektury-ania-z-zielonego-wzgorza-klasa-6-z-odpowiedziami","product_tag-zagadki-co-to-jest","product_tag-zagadki-dla-8-latka"],"_links":{"self":[{"href":"http:\/\/klubmamgdynia.pl\/index.php\/wp-json\/wp\/v2\/product\/5449","targetHints":{"allow":["GET"]}}],"collection":[{"href":"http:\/\/klubmamgdynia.pl\/index.php\/wp-json\/wp\/v2\/product"}],"about":[{"href":"http:\/\/klubmamgdynia.pl\/index.php\/wp-json\/wp\/v2\/types\/product"}],"replies":[{"embeddable":true,"href":"http:\/\/klubmamgdynia.pl\/index.php\/wp-json\/wp\/v2\/comments?post=5449"}],"wp:featuredmedia":[{"embeddable":true,"href":"http:\/\/klubmamgdynia.pl\/index.php\/wp-json\/wp\/v2\/media\/5450"}],"wp:attachment":[{"href":"http:\/\/klubmamgdynia.pl\/index.php\/wp-json\/wp\/v2\/media?parent=5449"}],"wp:term":[{"taxonomy":"product_cat","embeddable":true,"href":"http:\/\/klubmamgdynia.pl\/index.php\/wp-json\/wp\/v2\/product_cat?post=5449"},{"taxonomy":"product_tag","embeddable":true,"href":"http:\/\/klubmamgdynia.pl\/index.php\/wp-json\/wp\/v2\/product_tag?post=5449"}],"curies":[{"name":"wp","href":"https:\/\/api.w.org\/{rel}","templated":true}]}}