{"id":545,"date":"2024-01-20T22:44:26","date_gmt":"2024-01-20T21:44:26","guid":{"rendered":"http:\/\/klubmamgdynia.pl\/index.php\/produkt\/brio-world-33884-lokomotywa-parowa-z-akumulatorem-na-wode\/"},"modified":"2026-05-17T22:29:18","modified_gmt":"2026-05-17T20:29:18","slug":"brio-world-33884-lokomotywa-parowa-z-akumulatorem-na-wode","status":"publish","type":"product","link":"http:\/\/klubmamgdynia.pl\/index.php\/produkt\/brio-world-33884-lokomotywa-parowa-z-akumulatorem-na-wode\/","title":{"rendered":"Brio WORLD 33884 Lokomotywa parowa z akumulatorem na wod\u0119"},"content":{"rendered":"<p>Brio Kolejka z Par\u0105 na Baterie 3+ Kolejka parowa Brio to niesamowita zabawka, kt\u00f3ra wprowadzi ch\u0142opc\u00f3w i dziewczynki w wyj\u0105tkowy \u015bwiat wspania\u0142ej zabawy i rozwijaj\u0105cej si\u0119 wyobra\u017ani. Realistyczny i bezpieczny efekt prawdziwej pary wytwarzanej przez silnik zasilany bateriami pozwoli wcieli\u0107 si\u0119 w prawdziwego konduktora w czasie jazdy lokomotyw\u0105 po torach. Kolorowa kolejka nap\u0119dzana wodnym paliwem stanowi doskona\u0142y prezent dla m\u0142odszych i starszych dzieci oraz zapewnia niesamowit\u0105 zabaw\u0119 na d\u0142ugie godziny. Lokomotywa nape\u0142niana jest paliwem \u2013 wod\u0105, dzi\u0119ki kt\u00f3rej wydobywa si\u0119 z niej wspania\u0142a para. Podnie\u015b czarny \u0142adunek z wagonu towarowego, nape\u0142nij go ostro\u017cnie wod\u0105 a nast\u0119pnie wstrzyknij wod\u0119 do silnika przez komin z przodu. Jeste\u015b got\u00f3w do dalszej jazdy i zabawy! Naciskaj\u0105c czerwony przycisk do ty\u0142u lub do przodu u g\u00f3ry kolejki aktywujesz \u015bwiat\u0142a lokomotywy i wprowadzisz j\u0105 w ruch. Kiedy poci\u0105g si\u0119 porusza z komina automatycznie wydobywaj\u0105 si\u0119 g\u0119ste k\u0142\u0119by pary wodnej. Aby zatrzyma\u0107 lokomotyw\u0119 i wy\u0142\u0105czy\u0107 \u015bwiat\u0142a wystarczy ponownie nacisn\u0105\u0107 jeden z czerwonych przycisk\u00f3w. Poci\u0105g parowy jest doskona\u0142ym dodatkiem do innych zestaw\u00f3w kolejek firmy Brio, wyposa\u017cony zosta\u0142 w klasyczne magnesiki, dzi\u0119ki kt\u00f3rym jest zdolny do \u0142\u0105czenia z innymi tego typu pojazdami. Zbierz ca\u0142\u0105 kolekcj\u0119 kolejek Brio World i stw\u00f3rz niesamowit\u0105 sceneri\u0119 do wyj\u0105tkowej zabawy! Wymiary produktu: d\u0142ugo\u015b\u0107: 18 cm szeroko\u015b\u0107: 3.7 cm wysoko\u015b\u0107: 5.1 cm W sk\u0142ad tej wyj\u0105tkowej zabawki wchodz\u0105: specjalny silnik parowy zasilany na baterie wagonik do poci\u0105gu \u0142adunek nape\u0142niany wod\u0105 Wprowad\u017a swoje dziecko do \u015bwiata d\u0142ugiej i niesamowitej zabawy. Pobud\u017a i rozwijaj jego wyobra\u017ani\u0119 z niesamowit\u0105, kolorow\u0105 lokomotyw\u0105 parow\u0105 firmy Brio oraz zapewnij mu niesamowite wra\u017cenia podczas zabawy z prawdziw\u0105 par\u0105 wytwarzan\u0105 przez kolejk\u0119. Wodne paliwo dodaje zabawie atrakcji i sprawia, \u017ce jest ciekawsza i bardziej wci\u0105gaj\u0105ca.<\/p>\n<h2>Brio WORLD 33884 Lokomotywa parowa z akumulatorem na wod\u0119 Brio<\/h2>\n<p>kolorowanki do druku dla ch\u0142opc\u00f3w, kolorowanki z bajek, z\u0142ote my\u015bli kr\u00f3tkie, imiona \u017ce\u0144skie nietypowe, historia andrzejek dla dzieci<\/p>\n<p>yyyyy<\/p>\n<p>&nbsp;<\/p>\n","protected":false},"excerpt":{"rendered":"<p>Brio Kolejka z Par\u0105 na Baterie 3+ Kolejka parowa Brio to niesamowita zabawka, kt\u00f3ra wprowadzi ch\u0142opc\u00f3w i dziewczynki w wyj\u0105tkowy \u015bwiat wspania\u0142ej zabawy i rozwijaj\u0105cej si\u0119 wyobra\u017ani. Realistyczny i bezpieczny efekt prawdziwej pary wytwarzanej przez silnik zasilany bateriami pozwoli wcieli\u0107 si\u0119 w prawdziwego konduktora w czasie jazdy lokomotyw\u0105 po torach. Kolorowa kolejka nap\u0119dzana wodnym paliwem [&hellip;]<\/p>\n","protected":false},"featured_media":546,"comment_status":"closed","ping_status":"open","template":"","meta":[],"product_cat":[78,56],"product_tag":[739,665,586,625,812],"class_list":["post-545","product","type-product","status-publish","has-post-thumbnail","hentry","product_cat-brio","product_cat-kolejki","product_tag-prima-aprilis-w-szkole","product_tag-proste-zagadki","product_tag-smieszne-zagadki","product_tag-trojmiasto-atrakcje-dla-dzieci","product_tag-zagadki-logiczne-na-inteligencje"],"_links":{"self":[{"href":"http:\/\/klubmamgdynia.pl\/index.php\/wp-json\/wp\/v2\/product\/545","targetHints":{"allow":["GET"]}}],"collection":[{"href":"http:\/\/klubmamgdynia.pl\/index.php\/wp-json\/wp\/v2\/product"}],"about":[{"href":"http:\/\/klubmamgdynia.pl\/index.php\/wp-json\/wp\/v2\/types\/product"}],"replies":[{"embeddable":true,"href":"http:\/\/klubmamgdynia.pl\/index.php\/wp-json\/wp\/v2\/comments?post=545"}],"wp:featuredmedia":[{"embeddable":true,"href":"http:\/\/klubmamgdynia.pl\/index.php\/wp-json\/wp\/v2\/media\/546"}],"wp:attachment":[{"href":"http:\/\/klubmamgdynia.pl\/index.php\/wp-json\/wp\/v2\/media?parent=545"}],"wp:term":[{"taxonomy":"product_cat","embeddable":true,"href":"http:\/\/klubmamgdynia.pl\/index.php\/wp-json\/wp\/v2\/product_cat?post=545"},{"taxonomy":"product_tag","embeddable":true,"href":"http:\/\/klubmamgdynia.pl\/index.php\/wp-json\/wp\/v2\/product_tag?post=545"}],"curies":[{"name":"wp","href":"https:\/\/api.w.org\/{rel}","templated":true}]}}