{"id":5453,"date":"2020-05-10T23:01:22","date_gmt":"2020-05-10T21:01:22","guid":{"rendered":"http:\/\/klubmamgdynia.pl\/index.php\/produkt\/hasbro-ghostbuster-ray-stanz-e9765\/"},"modified":"2026-04-28T18:06:28","modified_gmt":"2026-04-28T16:06:28","slug":"hasbro-ghostbuster-ray-stanz-e9765","status":"publish","type":"product","link":"http:\/\/klubmamgdynia.pl\/index.php\/produkt\/hasbro-ghostbuster-ray-stanz-e9765\/","title":{"rendered":"Hasbro Ghostbuster Ray Stanz E9765"},"content":{"rendered":"<p>Hasbro Ghostbuster Ray Stanz E9765Bohaterowie filmu &#8222;Pogromcy duch\u00f3w&#8221; (&#8222;Ghostbuster&#8221;) s\u0105 teraz dost\u0119pni w postaci figurek do zabawy i kolekcjonowania. Figurka z tej serii jest \u015bwietna dla dzieci kt\u00f3re chc\u0105 odtwarza\u0107 sceny z filmu oraz dla doros\u0142ych fan\u00f3w, kt\u00f3rzy na p\u00f3\u0142ce w pokoju chc\u0105 postawi\u0107 figurk\u0119 z ulubionym bohaterem. W zestawie z figurk\u0105 Ray Stanz znajduj\u0119 si\u0119, akcesorium:&#8221; odkurzacz do wci\u0105gania duch\u00f3w&#8221; oraz ma\u0142a figurka postaci, kt\u00f3ra po otwarciu przedstawia ducha. Zabawy nie b\u0119dzie ko\u0144ca z Ray Stanz Ghostbuster, kt\u00f3ry w czasie zabawy mo\u017ce nosi\u0107 plecak proton blaster, aby z\u0142apa\u0107 z\u0142ego ducha!                            <\/p>\n<p>Najwa\u017cniejsze cechy zabawki:<br \/>\ndla fan\u00f3w Pogromc\u00f3w Duch\u00f3w<br \/>\nfigurki wykonane z dba\u0142o\u015bci\u0105 o detale<br \/>\nfigurka postaci z ruchomymi elementami<br \/>\nfigurka Ray Stanz o wysoko\u015bci ok. 13 cm<br \/>\ndla dzieci do zabawy, dla doros\u0142ych do kolekcjonowania<br \/>\nakcesorium do wci\u0105gania ducha<br \/>\notwierana figurka ducha<\/p>\n<h2>Hasbro Ghostbuster Ray Stanz E9765 Hasbro<\/h2>\n<p>bajka o dinozaurach do czytania, bajki do czytania online, kolorowanki harry potter, kolorowanki spongebob, pisanie literek do druku, zagadki matematyczne dla przedszkolak\u00f3w, \u015bwinka peppa kolorowanka do druku, co na roczek, imi\u0119 kostek, zagadka matematyczna dla dzieci, zadania dla 7 latka do druku, opowiadanie o jesieni dla dzieci, kolorowanka pikachu, ozdoby \u015bwi\u0105teczne z rolek po papierze toaletowym<\/p>\n<p>yyyyy<\/p>\n<p>&nbsp;<\/p>\n","protected":false},"excerpt":{"rendered":"<p>Hasbro Ghostbuster Ray Stanz E9765Bohaterowie filmu &#8222;Pogromcy duch\u00f3w&#8221; (&#8222;Ghostbuster&#8221;) s\u0105 teraz dost\u0119pni w postaci figurek do zabawy i kolekcjonowania. Figurka z tej serii jest \u015bwietna dla dzieci kt\u00f3re chc\u0105 odtwarza\u0107 sceny z filmu oraz dla doros\u0142ych fan\u00f3w, kt\u00f3rzy na p\u00f3\u0142ce w pokoju chc\u0105 postawi\u0107 figurk\u0119 z ulubionym bohaterem. W zestawie z figurk\u0105 Ray Stanz znajduj\u0119 [&hellip;]<\/p>\n","protected":false},"featured_media":5454,"comment_status":"closed","ping_status":"open","template":"","meta":[],"product_cat":[95,129],"product_tag":[619,797,748,735,791],"class_list":["post-5453","product","type-product","status-publish","has-post-thumbnail","hentry","product_cat-figurki-makiety-i-zestawy","product_cat-hasbro","product_tag-iwo-imie","product_tag-kiekrz","product_tag-okolice-wroclawia-atrakcje","product_tag-prezent-na-roczek-dziewczynka","product_tag-zagadki-na-myslenie"],"_links":{"self":[{"href":"http:\/\/klubmamgdynia.pl\/index.php\/wp-json\/wp\/v2\/product\/5453","targetHints":{"allow":["GET"]}}],"collection":[{"href":"http:\/\/klubmamgdynia.pl\/index.php\/wp-json\/wp\/v2\/product"}],"about":[{"href":"http:\/\/klubmamgdynia.pl\/index.php\/wp-json\/wp\/v2\/types\/product"}],"replies":[{"embeddable":true,"href":"http:\/\/klubmamgdynia.pl\/index.php\/wp-json\/wp\/v2\/comments?post=5453"}],"wp:featuredmedia":[{"embeddable":true,"href":"http:\/\/klubmamgdynia.pl\/index.php\/wp-json\/wp\/v2\/media\/5454"}],"wp:attachment":[{"href":"http:\/\/klubmamgdynia.pl\/index.php\/wp-json\/wp\/v2\/media?parent=5453"}],"wp:term":[{"taxonomy":"product_cat","embeddable":true,"href":"http:\/\/klubmamgdynia.pl\/index.php\/wp-json\/wp\/v2\/product_cat?post=5453"},{"taxonomy":"product_tag","embeddable":true,"href":"http:\/\/klubmamgdynia.pl\/index.php\/wp-json\/wp\/v2\/product_tag?post=5453"}],"curies":[{"name":"wp","href":"https:\/\/api.w.org\/{rel}","templated":true}]}}