{"id":5455,"date":"2023-08-09T22:21:07","date_gmt":"2023-08-09T20:21:07","guid":{"rendered":"http:\/\/klubmamgdynia.pl\/?post_type=product&#038;p=5455"},"modified":"2026-05-01T11:43:39","modified_gmt":"2026-05-01T09:43:39","slug":"epee-ben-10-mini-figurka-saszetka","status":"publish","type":"product","link":"http:\/\/klubmamgdynia.pl\/index.php\/produkt\/epee-ben-10-mini-figurka-saszetka\/","title":{"rendered":"Epee Ben 10 Mini Figurka Saszetka"},"content":{"rendered":"<p>Ben 10 to dziesi\u0119cioletni ch\u0142opiec, kt\u00f3ry znalaz\u0142 podczas pewnej wycieczki Omnitrix, czyli zegarek,kt\u00f3ry pozwala mu zmieni\u0107 si\u0119 w 10 r\u00f3\u017cnych superbohater\u00f3w. Chocia\u017c upodabnia si\u0119 do nich, a tak\u017ce zyskuje ich supermoce,wewn\u0105trz nadal jest ma\u0142ym ch\u0142opcem. To sprawia, \u017ce jest on najm\u0142odszym superbohaterem na \u015bwiecie!A teraz mo\u017cesz mie\u0107 jego i 7 r\u00f3\u017cnych postaci, w kt\u00f3re si\u0119 zmienia, w swoim domu! Saszetki oferuj\u0105 r\u00f3\u017cne postaci,kt\u00f3re mo\u017cesz kolekcjonowa\u0107. Je\u015bli uda Ci si\u0119 trafi\u0107 8 r\u00f3\u017cnych wzor\u00f3w &#8211; b\u0119dziesz m\u00f3g\u0142 pochwali\u0107 si\u0119 pe\u0142n\u0105, poka\u017an\u0105 kolekcj\u0105!MO\u017bESZ TRAFI\u0106:-figurk\u0119 Bena-figurk\u0119 Hexa-figurk\u0119 Upgradea-figurk\u0119 Kulop\u0142ota-figurk\u0119 Czteror\u0119kiego-figurk\u0119 Inferno-figurk\u0119 Diamentog\u0142owego-figurk\u0119 SzybcioraZESTAW ZAWIERA:-1 figurk\u0119 kolekcjonersk\u0105-1 ulotk\u0119 kolekcjonersk\u0105SPECYFIKACJA:Wiek: 4+ latWymiary: 15 x 10 cmWSZYSTKIE SASZETKI WYSY\u0141ANE S\u0104 LOSOWO. BRAK MO\u017bLIWO\u015aCI WYBORU WZORU!Na tym w\u0142a\u015bnie polega ca\u0142a zabawa podczas zbierania kolekcji &#8211; daj si\u0119 zaskoczy\u0107!CENA DOTYCZY JEDNEJ SASZETKI, NIE OPAKOWANIA ZBIORCZEGO!<\/p>\n<h2>Epee Ben 10 Mini Figurka Saszetka Epee<\/h2>\n<p>maska iron man, rzadkie imiona dla dziewczynek, wiosna kolorowanka do druku, cytaty o dzieci\u0144stwie, quiz zemsta, lego ninjago kolorowanki, prezent dla 16 latka, quiz samochodowy, pomys\u0142 na prezent dla 15 latki, zagadki o wiosnie, postacie z bajek kolorowanki, test miko\u0142ajek 25 pyta\u0144, okolice wroc\u0142awia, gotowe zaproszenia na urodziny do wydrukowania, cytat na dzie\u0144 matki, gdzie na ferie zimowe 2022, cytaty o dzieciach, zagadki dla dzieci 6 lat<\/p>\n<p>yyyyy<\/p>\n<p>&nbsp;<\/p>\n","protected":false},"excerpt":{"rendered":"<p>Ben 10 to dziesi\u0119cioletni ch\u0142opiec, kt\u00f3ry znalaz\u0142 podczas pewnej wycieczki Omnitrix, czyli zegarek,kt\u00f3ry pozwala mu zmieni\u0107 si\u0119 w 10 r\u00f3\u017cnych superbohater\u00f3w. Chocia\u017c upodabnia si\u0119 do nich, a tak\u017ce zyskuje ich supermoce,wewn\u0105trz nadal jest ma\u0142ym ch\u0142opcem. To sprawia, \u017ce jest on najm\u0142odszym superbohaterem na \u015bwiecie!A teraz mo\u017cesz mie\u0107 jego i 7 r\u00f3\u017cnych postaci, w kt\u00f3re si\u0119 [&hellip;]<\/p>\n","protected":false},"featured_media":5456,"comment_status":"closed","ping_status":"open","template":"","meta":[],"product_cat":[49,95],"product_tag":[662,657,821,693,860],"class_list":["post-5455","product","type-product","status-publish","has-post-thumbnail","hentry","product_cat-epee","product_cat-figurki-makiety-i-zestawy","product_tag-bajki-na-dobranoc","product_tag-lol-kolorowanka","product_tag-marianna","product_tag-zagadki-dla-doroslych","product_tag-zagadki-logiczne-dla-doroslych"],"_links":{"self":[{"href":"http:\/\/klubmamgdynia.pl\/index.php\/wp-json\/wp\/v2\/product\/5455","targetHints":{"allow":["GET"]}}],"collection":[{"href":"http:\/\/klubmamgdynia.pl\/index.php\/wp-json\/wp\/v2\/product"}],"about":[{"href":"http:\/\/klubmamgdynia.pl\/index.php\/wp-json\/wp\/v2\/types\/product"}],"replies":[{"embeddable":true,"href":"http:\/\/klubmamgdynia.pl\/index.php\/wp-json\/wp\/v2\/comments?post=5455"}],"wp:featuredmedia":[{"embeddable":true,"href":"http:\/\/klubmamgdynia.pl\/index.php\/wp-json\/wp\/v2\/media\/5456"}],"wp:attachment":[{"href":"http:\/\/klubmamgdynia.pl\/index.php\/wp-json\/wp\/v2\/media?parent=5455"}],"wp:term":[{"taxonomy":"product_cat","embeddable":true,"href":"http:\/\/klubmamgdynia.pl\/index.php\/wp-json\/wp\/v2\/product_cat?post=5455"},{"taxonomy":"product_tag","embeddable":true,"href":"http:\/\/klubmamgdynia.pl\/index.php\/wp-json\/wp\/v2\/product_tag?post=5455"}],"curies":[{"name":"wp","href":"https:\/\/api.w.org\/{rel}","templated":true}]}}