{"id":5459,"date":"2024-09-08T04:54:52","date_gmt":"2024-09-08T02:54:52","guid":{"rendered":"http:\/\/klubmamgdynia.pl\/?post_type=product&#038;p=5459"},"modified":"2026-04-05T09:57:53","modified_gmt":"2026-04-05T07:57:53","slug":"plus-plus-as-klocki-mini-pastelowe-zestaw-edukacyjny-3600-el-3377","status":"publish","type":"product","link":"http:\/\/klubmamgdynia.pl\/index.php\/produkt\/plus-plus-as-klocki-mini-pastelowe-zestaw-edukacyjny-3600-el-3377\/","title":{"rendered":"PLUS-PLUS AS Klocki mini pastelowe zestaw edukacyjny 3600 el. (3377)"},"content":{"rendered":"<p>Klocki Plus-Plus to klocki kreatywne du\u0144skiej produkcji, kt\u00f3re daj\u0105 dzieciom niesamowite opcje uk\u0142adania. Mo\u017cna z nich tworzy\u0107 p\u0142askie obrazki albo przestrzenne konstrukcje &#8211; mo\u017cliwo\u015bciom nie ma granic, bo gdzie s\u0105 granice dzieci\u0119cej wyobra\u017ani? Ka\u017cdy klocek Plus-Plus ma dok\u0142adnie taki sam kszta\u0142t, s\u0105 do\u015b\u0107 ma\u0142e (20 mm) dzi\u0119ki czemu dzieci ucz\u0105 si\u0119 dok\u0142adno\u015bci, cierpliwo\u015bci, rozwijaj\u0105 kreatywno\u015b\u0107 a tak\u017ce \u0107wicz\u0105 zdolno\u015bci manualne, zr\u0119czno\u015b\u0107 i motoryk\u0119 d\u0142oni. S\u0105 to klocki uwielbiane przez dzieci &#8211; mo\u017cna si\u0119 nimi bawi\u0107 godzinami. Pami\u0119tajcie dzieciaki, nie pro\u015bcie rodzic\u00f3w o pomoc, bo wiemy, \u017ce zabawa tymi klockami wci\u0105ga nie tylko m\u0142odych \ud83d\ude42 Prezentowane klocki to skandynawski design &#8211; produkowane s\u0105 w fabryce w Danii &#8211; s\u0105 \u015bwietnie wykonane, wszystkie idealnie do siebie pasuj\u0105, nie zawieraj\u0105 PVC oraz ftalan\u00f3w. Klocki dla dzieci Plus-Plus spe\u0142niaj\u0105 wszystkie europejskie normy bezpiecze\u0144stwa. Do wyboru mamy kilka r\u00f3\u017cnych wersji kolorystycznych &#8211; najbardziej popularne to kolory podstawowe, \u017cywe kolory neonowe i stonowane pastelowe. Zestaw klock\u00f3w idealny do szk\u00f3\u0142 i przedszkoli. Podstawowe informacje: wymiary klocka: 20 mm rozmiar opakowania: 40 cm x 30 cm x 13 cm waga: 2,5 kg wiek: 3+ (wiek sugerowany: 5 &#8211; 12 lat) w zestawie: 3600 sztuk nie zawieraj\u0105 PVC oraz ftalan\u00f3w wyprodukowane w Danii Nagrody i wyr\u00f3\u017cnienia w Polsce: Konkurs Najlepszy Produkt Targ\u00f3w KIDS BIZ FAIR 2012 &#8212; klocki dla dzieci Plus-Plus otrzyma\u0142y nagrod\u0119 w kategorii &#8222;Zabawka&#8221;. W kwietniu 2013 roku, w XI edycji konkursu &#8222;\u015awiat przyjazny dziecku&#8221; organizowanego przez Komitet Ochrony Praw Dziecka, du\u0144skie klocki dla dzieci Plus-Plus otrzyma\u0142y wyr\u00f3\u017cnienie. Klocki te zosta\u0142y nagrodzone w kategorii &#8222;Zabawki&#8221; (przedzia\u0142y wiekowe 3-7 i 7-12 lat). Du\u0144skie klocki Plus-Plus zosta\u0142y Finalist\u0105 Ogo\u0301lnopolskiego Konkursu Dobry Wzo\u0301r 2013 organizowanego przez Instytut Wzornictwa Przemys\u0142owego na najlepiej zaprojektowane produkty i us\u0142ugi na polskim rynku. Otrzyma\u0142y prawo do pos\u0142ugiwania sie\u0328 znakiem graficznym &#8222;Finalista konkursu Dobry Wzo\u0301r 2013&#8221;, jak r\u00f3wnie\u017c ekspertyze\u0328 produktu przygotowana\u0328 przez eksperto\u0301w Instytutu Wzornictwa Przemys\u0142owego.<\/p>\n<h2>PLUS-PLUS AS Klocki mini pastelowe zestaw edukacyjny 3600 el. (3377) Plus Plus<\/h2>\n<p>historia pluszowego misia, filmy disneya, zagadki na inteligencj\u0119, ma\u0142y ksi\u0105\u017c\u0119 cytaty, prezenty dla nastolatk\u00f3w na dzie\u0144 dziecka, wroc\u0142aw atrakcje dla m\u0142odzie\u017cy, jeziora blisko warszawy, co mo\u017cna zrobi\u0107 z rolki papieru, smerfy kolorowanka, quizy dla dzieci 10 lat, co dla dziecka na roczek, quiz z bajek, elzbieta imie, po\u0142\u0105cz kropki do druku \u0142atwe<\/p>\n<p>yyyyy<\/p>\n<p>&nbsp;<\/p>\n","protected":false},"excerpt":{"rendered":"<p>Klocki Plus-Plus to klocki kreatywne du\u0144skiej produkcji, kt\u00f3re daj\u0105 dzieciom niesamowite opcje uk\u0142adania. Mo\u017cna z nich tworzy\u0107 p\u0142askie obrazki albo przestrzenne konstrukcje &#8211; mo\u017cliwo\u015bciom nie ma granic, bo gdzie s\u0105 granice dzieci\u0119cej wyobra\u017ani? Ka\u017cdy klocek Plus-Plus ma dok\u0142adnie taki sam kszta\u0142t, s\u0105 do\u015b\u0107 ma\u0142e (20 mm) dzi\u0119ki czemu dzieci ucz\u0105 si\u0119 dok\u0142adno\u015bci, cierpliwo\u015bci, rozwijaj\u0105 kreatywno\u015b\u0107 [&hellip;]<\/p>\n","protected":false},"featured_media":5460,"comment_status":"closed","ping_status":"open","template":"","meta":[],"product_cat":[113,996],"product_tag":[865,792,729,637,748,769],"class_list":["post-5459","product","type-product","status-publish","has-post-thumbnail","hentry","product_cat-klocki","product_cat-plus-plus","product_tag-cytaty-o-dzieciach","product_tag-cytaty-o-mamie","product_tag-madre-bajki-dla-dzieci-do-czytania","product_tag-niech-zyja-wakacje-tekst","product_tag-okolice-wroclawia-atrakcje","product_tag-psi-patrol-do-czytania"],"_links":{"self":[{"href":"http:\/\/klubmamgdynia.pl\/index.php\/wp-json\/wp\/v2\/product\/5459","targetHints":{"allow":["GET"]}}],"collection":[{"href":"http:\/\/klubmamgdynia.pl\/index.php\/wp-json\/wp\/v2\/product"}],"about":[{"href":"http:\/\/klubmamgdynia.pl\/index.php\/wp-json\/wp\/v2\/types\/product"}],"replies":[{"embeddable":true,"href":"http:\/\/klubmamgdynia.pl\/index.php\/wp-json\/wp\/v2\/comments?post=5459"}],"wp:featuredmedia":[{"embeddable":true,"href":"http:\/\/klubmamgdynia.pl\/index.php\/wp-json\/wp\/v2\/media\/5460"}],"wp:attachment":[{"href":"http:\/\/klubmamgdynia.pl\/index.php\/wp-json\/wp\/v2\/media?parent=5459"}],"wp:term":[{"taxonomy":"product_cat","embeddable":true,"href":"http:\/\/klubmamgdynia.pl\/index.php\/wp-json\/wp\/v2\/product_cat?post=5459"},{"taxonomy":"product_tag","embeddable":true,"href":"http:\/\/klubmamgdynia.pl\/index.php\/wp-json\/wp\/v2\/product_tag?post=5459"}],"curies":[{"name":"wp","href":"https:\/\/api.w.org\/{rel}","templated":true}]}}