{"id":5465,"date":"2019-07-31T19:22:59","date_gmt":"2019-07-31T17:22:59","guid":{"rendered":"http:\/\/klubmamgdynia.pl\/index.php\/produkt\/mudpuppy-puzzle-z-okienkami-safari-12el\/"},"modified":"2026-04-05T23:50:42","modified_gmt":"2026-04-05T21:50:42","slug":"mudpuppy-puzzle-z-okienkami-safari-12el","status":"publish","type":"product","link":"http:\/\/klubmamgdynia.pl\/index.php\/produkt\/mudpuppy-puzzle-z-okienkami-safari-12el\/","title":{"rendered":"Mudpuppy Puzzle Z Okienkami Safari 12El."},"content":{"rendered":"<p>Mudpuppy Puzzle Z Okienkami Safari 12El.                            <\/p>\n<p>Puzzle z okienkami Safari ameryka\u0144skiej marki MUDPUPPY nadaj\u0105 uk\u0142adaniu puzzli nowy wymiar \u2013 na samym z\u0142o\u017ceniu obrazka zabawa si\u0119 bowiem nie ko\u0144czy. Uk\u0142adanka o wymiarach 45,75&#215;35 cm sk\u0142ada si\u0119 z 12 element\u00f3w. Po u\u0142o\u017ceniu przedstawia dzikie zwierz\u0119ta na kolorowej sawannie. To jednak jeszcze nie wszystko! Na ilustracji znajduje si\u0119 6 okienek, pod kt\u00f3rymi ukryte s\u0105 niespodzianki \u2013 nowi bohaterowie uk\u0142adanki lub aktywno\u015bci, podejmowane przez zwierz\u0119ta, m.in. s\u0142o\u0144 tryska wod\u0105, a stru\u015b chowa g\u0142ow\u0119 w piasek. Sprawiaj\u0105 one, \u017ce ca\u0142a sawanna t\u0119tni \u017cyciem. Maluch z pewno\u015bci\u0105 ch\u0119tnie je wszystkie odkryje. Por\u0119czny format i intensywne barwy dodatkowo zach\u0119caj\u0105 do zabawy.Puzzle zapakowane s\u0105 w estetyczne pude\u0142ko. Idealnie nadaj\u0105 si\u0119 na prezent.                            <\/p>\n<p>a                            <\/p>\n<p>Uk\u0142adanie puzzli stymuluje pami\u0119\u0107, koncentracj\u0119 i sprawno\u015b\u0107 manualn\u0105 ju\u017c od najm\u0142odszych lat. MUDPUPPY dba te\u017c o to, by uk\u0142adanki dostarcza\u0142y dzieciom dodatkowych wra\u017ce\u0144 empirycznych, si\u0119ga po lubiane motywy, pi\u0119kne kolory i por\u0119czne formaty.kategoria: puzzlewiek: 2+liczba element\u00f3w: 12materia\u0142: karton z recyklinguwymiary opakowania: 24 x 18 x 6 cm                            <\/p>\n<p>a                            <\/p>\n<p>a                            <\/p>\n<p>Ameryka\u0144ska marka zabawek edukacyjnych MUDPUPPY powsta\u0142a w 1992 roku. Dzi\u015b jest znana na ca\u0142ym \u015bwiecie i cieszy si\u0119 powszechnym zaufaniem rodzic\u00f3w. Skupia si\u0119 na tworzeniu produkt\u00f3w, zach\u0119caj\u0105cych dzieci do tw\u00f3rczej aktywno\u015bci, a przy tym wspieraj\u0105cych ich rozw\u00f3j i stymuluj\u0105cych wyobra\u017ani\u0119. Oferta marki to g\u0142\u00f3wnie puzzle, gry, uk\u0142adanki oraz zestawy kreatywne, w tym tematyczne komplety magnes\u00f3w czy naklejek.Projekty MUDPUPPY inspirowane s\u0105 sztuk\u0105, m. in. ilustracj\u0105 dla dzieci. Marka stale wsp\u00f3\u0142pracuje ze wsp\u00f3\u0142czesnymi artystami, a jej produkty s\u0105 wci\u0105\u017c nagradzane za kreatywno\u015b\u0107, u\u017cyteczno\u015b\u0107 i innowacyjno\u015b\u0107.<\/p>\n<h2>Mudpuppy Puzzle Z Okienkami Safari 12El. Mudpuppy<\/h2>\n<p>imiona z bajek, prezenty na roczek dla ch\u0142opca, czerwony kapturek kolorowanka, pawe\u0142, milan imie, rymowane zagadki dla dzieci, zagadki wielkanocne przedszkole, psi patrol kolorowanka do druku, pomys\u0142y na prezent dla nastolatk\u00f3w, wiersz o g\u00f3rniku, zaproszenia do druku, roczek prezent, flagi \u015bwiata quiz, pokemony kolorowanka, walentynka dla syna, malowanki do druku, celina, jak si\u0119 rysuje psa, zagadki o zawodach<\/p>\n<p>yyyyy<\/p>\n<p>&nbsp;<\/p>\n","protected":false},"excerpt":{"rendered":"<p>Mudpuppy Puzzle Z Okienkami Safari 12El. Puzzle z okienkami Safari ameryka\u0144skiej marki MUDPUPPY nadaj\u0105 uk\u0142adaniu puzzli nowy wymiar \u2013 na samym z\u0142o\u017ceniu obrazka zabawa si\u0119 bowiem nie ko\u0144czy. Uk\u0142adanka o wymiarach 45,75&#215;35 cm sk\u0142ada si\u0119 z 12 element\u00f3w. Po u\u0142o\u017ceniu przedstawia dzikie zwierz\u0119ta na kolorowej sawannie. To jednak jeszcze nie wszystko! Na ilustracji znajduje si\u0119 [&hellip;]<\/p>\n","protected":false},"featured_media":5466,"comment_status":"closed","ping_status":"open","template":"","meta":[],"product_cat":[1344,90],"product_tag":[593,718,587,712],"class_list":["post-5465","product","type-product","status-publish","has-post-thumbnail","hentry","product_cat-mudpuppy","product_cat-puzzle","product_tag-jak-narysowac-konia","product_tag-prezent-na-roczek-dla-chrzesniaka","product_tag-skalne-miasto","product_tag-zagadki-o-zwierzetach"],"_links":{"self":[{"href":"http:\/\/klubmamgdynia.pl\/index.php\/wp-json\/wp\/v2\/product\/5465","targetHints":{"allow":["GET"]}}],"collection":[{"href":"http:\/\/klubmamgdynia.pl\/index.php\/wp-json\/wp\/v2\/product"}],"about":[{"href":"http:\/\/klubmamgdynia.pl\/index.php\/wp-json\/wp\/v2\/types\/product"}],"replies":[{"embeddable":true,"href":"http:\/\/klubmamgdynia.pl\/index.php\/wp-json\/wp\/v2\/comments?post=5465"}],"wp:featuredmedia":[{"embeddable":true,"href":"http:\/\/klubmamgdynia.pl\/index.php\/wp-json\/wp\/v2\/media\/5466"}],"wp:attachment":[{"href":"http:\/\/klubmamgdynia.pl\/index.php\/wp-json\/wp\/v2\/media?parent=5465"}],"wp:term":[{"taxonomy":"product_cat","embeddable":true,"href":"http:\/\/klubmamgdynia.pl\/index.php\/wp-json\/wp\/v2\/product_cat?post=5465"},{"taxonomy":"product_tag","embeddable":true,"href":"http:\/\/klubmamgdynia.pl\/index.php\/wp-json\/wp\/v2\/product_tag?post=5465"}],"curies":[{"name":"wp","href":"https:\/\/api.w.org\/{rel}","templated":true}]}}