{"id":5469,"date":"2024-01-10T06:57:49","date_gmt":"2024-01-10T05:57:49","guid":{"rendered":"http:\/\/klubmamgdynia.pl\/?post_type=product&#038;p=5469"},"modified":"2026-05-17T22:03:33","modified_gmt":"2026-05-17T20:03:33","slug":"suavinex-suavinex-butelka-do-karmienia-270ml-smoczek-3p-silikon-krolik-mietowy-hygge-baby","status":"publish","type":"product","link":"http:\/\/klubmamgdynia.pl\/index.php\/produkt\/suavinex-suavinex-butelka-do-karmienia-270ml-smoczek-3p-silikon-krolik-mietowy-hygge-baby\/","title":{"rendered":"Suavinex Suavinex Butelka Do Karmienia 270Ml Smoczek 3P Silikon Kr\u00f3lik Mi\u0119towy Hygge Baby"},"content":{"rendered":"<p>Urocza butelka do karmienia Suavinex z kolekcji Hygge Baby wykonana z najwy\u017cszej jako\u015bci tworzywa. Posiada niewielk\u0105 wag\u0119 i ergonomiczny kszta\u0142t. Z \u0142atwo\u015bci\u0105 utrzyma j\u0105 zar\u00f3wno rodzic jak i starsze niemowl\u0119.W zestawie z butelk\u0105 znajduje si\u0119 silikonowy 3 &#8211; przep\u0142ywowy smoczek. Zastosowanie silikonu sprawia, \u017ce smoczek jest mi\u0119kki, elastyczny i wytrzyma\u0142y. Jego podstawa zosta\u0142a ponadto wyposa\u017cona w antykolkowy wentyl, u\u0142atwiaj\u0105cy odprowadzenie powietrza z butelki. Minimalizuje to ryzyko wyst\u0105pienia u dziecka b\u00f3li brzuszka czy nieprzyjemnego odbijania.Szczeg\u00f3\u0142y:prze\u017aroczyste \u015bcianki butelki szeroka szyjka umo\u017cliwiaj\u0105ca \u0142atwe i dok\u0142adne czyszczeniew komplecie znajduje si\u0119 silikonowy 3 &#8211; przep\u0142ywowy smoczek (w zale\u017cno\u015bci od ustawienia butelki pokarm wyp\u0142ywa wolnym, \u015brednim lub szybkim strumieniem)mo\u017cliwo\u015b\u0107 wymiany na inny, dowolny smoczek marki Suavniex (o innym przep\u0142ywie i kszta\u0142cie) lub na silikonowy ustnik zamieniaj\u0105c tym samym butelk\u0119 w kubeksmoczki do butelek Suavinex posiadaj\u0105 opatentowany system antykolkowynietuzinkowy designodpowiednie dla dzieci 0m +mo\u017cliwo\u015b\u0107 skompletowania z innymi produktami Suavinex Hygge Baby np. smoczkiem uspokajaj\u0105cym SuavinexSmoczki do butelek zatwierdzone przez Hiszpa\u0144skie Towarzystwo Stomatologii Dzieci\u0119cej (SEOP) i zalecane przez Stowarzyszenie W\u0142oskich Specjalist\u00f3w Ortodoncji (ASIO)Uwaga! Butelka ma prze\u017aroczyste \u015bcianki &#8211; na zdj\u0119ciu widoczna jest butelka wype\u0142niona mlekiem.<\/p>\n<h2>Suavinex Suavinex Butelka Do Karmienia 270Ml Smoczek 3P Silikon Kr\u00f3lik Mi\u0119towy Hygge Baby Suavinex<\/h2>\n<p>kolorowanki wakacje, kr\u00f3tkie zagadki matematyczne z odpowiedziami, Keyword, co kupi\u0107 nastolatce na \u015bwi\u0119ta, quiz kajko i kokosz szko\u0142a latania, lukrecja imie, najlepsze pranki na prima aprilis, zabawy dla dzieci 9-12 lat<\/p>\n<p>yyyyy<\/p>\n<p>&nbsp;<\/p>\n","protected":false},"excerpt":{"rendered":"<p>Urocza butelka do karmienia Suavinex z kolekcji Hygge Baby wykonana z najwy\u017cszej jako\u015bci tworzywa. Posiada niewielk\u0105 wag\u0119 i ergonomiczny kszta\u0142t. Z \u0142atwo\u015bci\u0105 utrzyma j\u0105 zar\u00f3wno rodzic jak i starsze niemowl\u0119.W zestawie z butelk\u0105 znajduje si\u0119 silikonowy 3 &#8211; przep\u0142ywowy smoczek. Zastosowanie silikonu sprawia, \u017ce smoczek jest mi\u0119kki, elastyczny i wytrzyma\u0142y. Jego podstawa zosta\u0142a ponadto wyposa\u017cona [&hellip;]<\/p>\n","protected":false},"featured_media":5470,"comment_status":"closed","ping_status":"open","template":"","meta":[],"product_cat":[195,1328],"product_tag":[845,658,636,737],"class_list":["post-5469","product","type-product","status-publish","has-post-thumbnail","hentry","product_cat-butelki","product_cat-suavinex","product_tag-ach-spij-kochanie-tekst","product_tag-alan-znaczenie-imienia","product_tag-teksty-kolysanek","product_tag-test-z-lektury-felix-net-i-nika-oraz-gang-niewidzialnych-ludzi"],"_links":{"self":[{"href":"http:\/\/klubmamgdynia.pl\/index.php\/wp-json\/wp\/v2\/product\/5469","targetHints":{"allow":["GET"]}}],"collection":[{"href":"http:\/\/klubmamgdynia.pl\/index.php\/wp-json\/wp\/v2\/product"}],"about":[{"href":"http:\/\/klubmamgdynia.pl\/index.php\/wp-json\/wp\/v2\/types\/product"}],"replies":[{"embeddable":true,"href":"http:\/\/klubmamgdynia.pl\/index.php\/wp-json\/wp\/v2\/comments?post=5469"}],"wp:featuredmedia":[{"embeddable":true,"href":"http:\/\/klubmamgdynia.pl\/index.php\/wp-json\/wp\/v2\/media\/5470"}],"wp:attachment":[{"href":"http:\/\/klubmamgdynia.pl\/index.php\/wp-json\/wp\/v2\/media?parent=5469"}],"wp:term":[{"taxonomy":"product_cat","embeddable":true,"href":"http:\/\/klubmamgdynia.pl\/index.php\/wp-json\/wp\/v2\/product_cat?post=5469"},{"taxonomy":"product_tag","embeddable":true,"href":"http:\/\/klubmamgdynia.pl\/index.php\/wp-json\/wp\/v2\/product_tag?post=5469"}],"curies":[{"name":"wp","href":"https:\/\/api.w.org\/{rel}","templated":true}]}}