{"id":547,"date":"2020-02-05T07:16:29","date_gmt":"2020-02-05T06:16:29","guid":{"rendered":"http:\/\/klubmamgdynia.pl\/index.php\/produkt\/baby-born-for-babies-30-cm\/"},"modified":"2026-04-04T17:41:23","modified_gmt":"2026-04-04T15:41:23","slug":"baby-born-for-babies-30-cm","status":"publish","type":"product","link":"http:\/\/klubmamgdynia.pl\/index.php\/produkt\/baby-born-for-babies-30-cm\/","title":{"rendered":"Baby Born for babies 30 cm"},"content":{"rendered":"<p>Ze s\u0142odk\u0105 Sweetie popo\u0142udniowe drzemki s\u0105 bardzo przyjemne. Urocze ma\u0142e gwiazdki mo\u017cna znale\u017a\u0107 wsz\u0119dzie na jej stroju. Czapka z figlarnymi ma\u0142ymi uszkami mo\u017ce zosta\u0107 zdj\u0119ta i ponownie za\u0142o\u017cona. Ma\u0142a 30 cm lalka p\u0142\u00f3cienna z grzechotk\u0105 w \u015brodku jest mi\u0119kko wypchana i czeka na d\u0142ugie godziny zabawy i przytulania Mo\u017cesz j\u0105 tak\u017ce wypra\u0107 r\u0119cznie. Szczeg\u00f3\u0142y dotycz\u0105ce produktu: wysoko\u015b\u0107: 30 cm Baby Annabell\u00ae W g\u0142\u00f3wce znajduje si\u0119 grzechotka. lalka \u201edla pocz\u0105tkuj\u0105cych\u201c (30 cm) z wyj\u0105tkowo mi\u0119kkiego materia\u0142u piel\u0119gnacja: pranie r\u0119czne Odpowiednie dla dzieci od narodzin<\/p>\n<h2>Baby Born for babies 30 cm BABY BORN<\/h2>\n<p>mitologia grecka quiz, piosenka dla mamy tekst, kartka walentynkowa zrobiona przez dzieci, weso\u0142e pisanki tekst, co\u015b dla nastolatk\u00f3w, super zings kolorowanki, prezent dla 1 latka, test miko\u0142ajek, test szatan z si\u00f3dmej klasy, zagadki \u015bmieszne, zemsta test wiedzy, pa\u0144stwa europy i ich stolice quiz, adriana imie, naj\u0142adniejsze ko\u0142ysanki dla dzieci, kolorowanki pieski, zagadki o zimie, smok wawelski bajka, kolorowanka \u015bwi\u0105teczna do wydruku, karty pracy po ukrai\u0144sku, ry\u017c z owocami, wierszyki na \u015bmigusa dyngusa<\/p>\n<p>yyyyy<\/p>\n<p>&nbsp;<\/p>\n","protected":false},"excerpt":{"rendered":"<p>Ze s\u0142odk\u0105 Sweetie popo\u0142udniowe drzemki s\u0105 bardzo przyjemne. Urocze ma\u0142e gwiazdki mo\u017cna znale\u017a\u0107 wsz\u0119dzie na jej stroju. Czapka z figlarnymi ma\u0142ymi uszkami mo\u017ce zosta\u0107 zdj\u0119ta i ponownie za\u0142o\u017cona. Ma\u0142a 30 cm lalka p\u0142\u00f3cienna z grzechotk\u0105 w \u015brodku jest mi\u0119kko wypchana i czeka na d\u0142ugie godziny zabawy i przytulania Mo\u017cesz j\u0105 tak\u017ce wypra\u0107 r\u0119cznie. Szczeg\u00f3\u0142y dotycz\u0105ce [&hellip;]<\/p>\n","protected":false},"featured_media":548,"comment_status":"closed","ping_status":"open","template":"","meta":[],"product_cat":[176,65],"product_tag":[680,619,820],"class_list":["post-547","product","type-product","status-publish","has-post-thumbnail","hentry","product_cat-baby-born","product_cat-lalki","product_tag-cytaty-z-malego-ksiecia","product_tag-iwo-imie","product_tag-ziemia-wyspa-zielona-tekst"],"_links":{"self":[{"href":"http:\/\/klubmamgdynia.pl\/index.php\/wp-json\/wp\/v2\/product\/547","targetHints":{"allow":["GET"]}}],"collection":[{"href":"http:\/\/klubmamgdynia.pl\/index.php\/wp-json\/wp\/v2\/product"}],"about":[{"href":"http:\/\/klubmamgdynia.pl\/index.php\/wp-json\/wp\/v2\/types\/product"}],"replies":[{"embeddable":true,"href":"http:\/\/klubmamgdynia.pl\/index.php\/wp-json\/wp\/v2\/comments?post=547"}],"wp:featuredmedia":[{"embeddable":true,"href":"http:\/\/klubmamgdynia.pl\/index.php\/wp-json\/wp\/v2\/media\/548"}],"wp:attachment":[{"href":"http:\/\/klubmamgdynia.pl\/index.php\/wp-json\/wp\/v2\/media?parent=547"}],"wp:term":[{"taxonomy":"product_cat","embeddable":true,"href":"http:\/\/klubmamgdynia.pl\/index.php\/wp-json\/wp\/v2\/product_cat?post=547"},{"taxonomy":"product_tag","embeddable":true,"href":"http:\/\/klubmamgdynia.pl\/index.php\/wp-json\/wp\/v2\/product_tag?post=547"}],"curies":[{"name":"wp","href":"https:\/\/api.w.org\/{rel}","templated":true}]}}