{"id":5471,"date":"2015-08-10T07:30:36","date_gmt":"2015-08-10T05:30:36","guid":{"rendered":"http:\/\/klubmamgdynia.pl\/index.php\/produkt\/usaopoly-puzzle-super-mario-happy-holidays-1000el\/"},"modified":"2026-04-06T12:24:42","modified_gmt":"2026-04-06T10:24:42","slug":"usaopoly-puzzle-super-mario-happy-holidays-1000el","status":"publish","type":"product","link":"http:\/\/klubmamgdynia.pl\/index.php\/produkt\/usaopoly-puzzle-super-mario-happy-holidays-1000el\/","title":{"rendered":"Usaopoly Puzzle Super Mario Happy Holidays 1000El."},"content":{"rendered":"<p>&#8211; Officially licensed jigsaw puzzle- 1000 pieces- Dimensions: 49 x 68 cm<\/p>\n<h2>Usaopoly Puzzle Super Mario Happy Holidays 1000El. Usaopoly<\/h2>\n<p>psi patrol kolorowanki, zagadki dla dzieci 5 lat, zagadki matematyczne dla dzieci 7 lat, prezenty roczek, prezent dla 16 latki, prezenty dla 15 latki, oryginalny prezent dla nastolatk\u00f3w, posz\u0142a ola na spacerek, halloween warszawa 2021 dzieci, kolorowanka minecraft, zagadki logiczne matematyczne dla dzieci, quiz o \u015bwi\u0119tym miko\u0142aju, bajki dla dzieci do czytania na dobranoc, nietypowe imiona \u017ce\u0144skie, imiona dla ch\u0142opc\u00f3w, walentynka kolorowanka<\/p>\n<p>yyyyy<\/p>\n<p>&nbsp;<\/p>\n","protected":false},"excerpt":{"rendered":"<p>&#8211; Officially licensed jigsaw puzzle- 1000 pieces- Dimensions: 49 x 68 cm Usaopoly Puzzle Super Mario Happy Holidays 1000El. Usaopoly psi patrol kolorowanki, zagadki dla dzieci 5 lat, zagadki matematyczne dla dzieci 7 lat, prezenty roczek, prezent dla 16 latki, prezenty dla 15 latki, oryginalny prezent dla nastolatk\u00f3w, posz\u0142a ola na spacerek, halloween warszawa 2021 [&hellip;]<\/p>\n","protected":false},"featured_media":5472,"comment_status":"closed","ping_status":"open","template":"","meta":[],"product_cat":[90,1352],"product_tag":[578,768,821],"class_list":["post-5471","product","type-product","status-publish","has-post-thumbnail","hentry","product_cat-puzzle","product_cat-usaopoly","product_tag-fajne-zarty-na-prima-aprilis","product_tag-krotkie-zagadki-logiczne","product_tag-marianna"],"_links":{"self":[{"href":"http:\/\/klubmamgdynia.pl\/index.php\/wp-json\/wp\/v2\/product\/5471","targetHints":{"allow":["GET"]}}],"collection":[{"href":"http:\/\/klubmamgdynia.pl\/index.php\/wp-json\/wp\/v2\/product"}],"about":[{"href":"http:\/\/klubmamgdynia.pl\/index.php\/wp-json\/wp\/v2\/types\/product"}],"replies":[{"embeddable":true,"href":"http:\/\/klubmamgdynia.pl\/index.php\/wp-json\/wp\/v2\/comments?post=5471"}],"wp:featuredmedia":[{"embeddable":true,"href":"http:\/\/klubmamgdynia.pl\/index.php\/wp-json\/wp\/v2\/media\/5472"}],"wp:attachment":[{"href":"http:\/\/klubmamgdynia.pl\/index.php\/wp-json\/wp\/v2\/media?parent=5471"}],"wp:term":[{"taxonomy":"product_cat","embeddable":true,"href":"http:\/\/klubmamgdynia.pl\/index.php\/wp-json\/wp\/v2\/product_cat?post=5471"},{"taxonomy":"product_tag","embeddable":true,"href":"http:\/\/klubmamgdynia.pl\/index.php\/wp-json\/wp\/v2\/product_tag?post=5471"}],"curies":[{"name":"wp","href":"https:\/\/api.w.org\/{rel}","templated":true}]}}